{"id":306186,"date":"2019-02-09T09:17:56","date_gmt":"2024-02-05T20:18:49","guid":{"rendered":"https:\/\/www.moskito.cz\/produkt\/noz-skladany-boker-scout-z-masy-perlowej\/"},"modified":"2025-07-11T07:48:10","modified_gmt":"2025-07-11T06:48:10","slug":"noz-skladany-boker-scout-z-masy-perlowej","status":"publish","type":"product","link":"https:\/\/www.moskito.cz\/pl\/produkt\/noz-skladany-boker-scout-z-masy-perlowej\/","title":{"rendered":"N\u00f3\u017c sk\u0142adany B\u00f6ker Scout z masy per\u0142owej"},"content":{"rendered":"<p>N\u00f3\u017c sk\u0142adany <strong>B\u00f6ker<\/strong> Scout z masy per\u0142owej.<\/p>\n<p>B\u00f6ker Solingen Manufaktur kontynuuje niemieck\u0105 tradycj\u0119 s\u0142ynnych no\u017cy od 1869 roku. Ta marka premium produkuje r\u0119cznie no\u017ce my\u015bliwskie, obronne, do noszenia na co dzie\u0144, a tak\u017ce wojskowe specjalne, przeznaczone do najci\u0119\u017cszych warunk\u00f3w.<\/p>\n<p>D\u0142ugo\u015b\u0107 ca\u0142kowita: 18,4 cm<br \/>\nD\u0142ugo\u015b\u0107 ostrza: 8 cm<br \/>\nGrubo\u015b\u0107 ostrza: 2,5 mm<br \/>\nWaga: 270 g<br \/>\nMateria\u0142 ostrza: N690<br \/>\nMateria\u0142 r\u0119koje\u015bci: Perlmutt<\/p>\n","protected":false},"excerpt":{"rendered":"<p>N\u00f3\u017c blokuj\u0105cy z bezpiecznikiem.<\/p>\n","protected":false},"featured_media":190190,"comment_status":"open","ping_status":"closed","template":"","meta":[],"pwb-brand":[3423],"product_brand":[],"product_cat":[3296,3307],"product_tag":[3671],"class_list":{"0":"post-306186","1":"product","2":"type-product","3":"status-publish","4":"has-post-thumbnail","6":"pwb-brand-bokera","7":"product_cat-noze-pl","8":"product_cat-zamykanie-nozy","9":"product_tag-b2b-pl","11":"first","12":"outofstock","13":"taxable","14":"shipping-taxable","15":"purchasable","16":"product-type-simple"},"brands":[{"id":3423,"name":"Bokera","slug":"bokera"}],"_links":{"self":[{"href":"https:\/\/www.moskito.cz\/pl\/wp-json\/wp\/v2\/product\/306186","targetHints":{"allow":["GET"]}}],"collection":[{"href":"https:\/\/www.moskito.cz\/pl\/wp-json\/wp\/v2\/product"}],"about":[{"href":"https:\/\/www.moskito.cz\/pl\/wp-json\/wp\/v2\/types\/product"}],"replies":[{"embeddable":true,"href":"https:\/\/www.moskito.cz\/pl\/wp-json\/wp\/v2\/comments?post=306186"}],"wp:featuredmedia":[{"embeddable":true,"href":"https:\/\/www.moskito.cz\/pl\/wp-json\/wp\/v2\/media\/190190"}],"wp:attachment":[{"href":"https:\/\/www.moskito.cz\/pl\/wp-json\/wp\/v2\/media?parent=306186"}],"wp:term":[{"taxonomy":"pwb-brand","embeddable":true,"href":"https:\/\/www.moskito.cz\/pl\/wp-json\/wp\/v2\/pwb-brand?post=306186"},{"taxonomy":"product_brand","embeddable":true,"href":"https:\/\/www.moskito.cz\/pl\/wp-json\/wp\/v2\/product_brand?post=306186"},{"taxonomy":"product_cat","embeddable":true,"href":"https:\/\/www.moskito.cz\/pl\/wp-json\/wp\/v2\/product_cat?post=306186"},{"taxonomy":"product_tag","embeddable":true,"href":"https:\/\/www.moskito.cz\/pl\/wp-json\/wp\/v2\/product_tag?post=306186"}],"curies":[{"name":"wp","href":"https:\/\/api.w.org\/{rel}","templated":true}]}}