{"id":306232,"date":"2019-02-09T19:08:18","date_gmt":"2024-02-05T20:21:38","guid":{"rendered":"https:\/\/www.moskito.cz\/produkt\/niezwyciezona-kosc-jelenia-skinnera-i-syna-niedzwiedzia-i-syna\/"},"modified":"2025-07-11T07:48:17","modified_gmt":"2025-07-11T06:48:17","slug":"niezwyciezona-kosc-jelenia-skinnera-i-syna-niedzwiedzia-i-syna","status":"publish","type":"product","link":"https:\/\/www.moskito.cz\/pl\/produkt\/niezwyciezona-kosc-jelenia-skinnera-i-syna-niedzwiedzia-i-syna\/","title":{"rendered":"Niezwyci\u0119\u017cona ko\u015b\u0107 jelenia Skinnera i syna Nied\u017awiedzia i Syna"},"content":{"rendered":"<p>Niezwyci\u0119\u017cona ko\u015b\u0107 jelenia Skinnera i syna Nied\u017awiedzia i Syna.<\/p>\n<p><span class=\"tlid-translation translation\"><span title=\"\">Ca\u0142kowita d\u0142ugo\u015b\u0107 no\u017ca wynosi 16,5 cm, d\u0142ugo\u015b\u0107 ostrza damasce\u0144skiego 6,5 cm.<\/span> <span class=\"\" title=\"\">Uchwyt z poro\u017ca.<\/span> <span class=\"\" title=\"\">Sk\u00f3rzana walizka.<\/span><\/span><\/p>\n","protected":false},"excerpt":{"rendered":"<p>N\u00f3\u017c damasce\u0144ski solidny z pochw\u0105.<\/p>\n","protected":false},"featured_media":162769,"comment_status":"open","ping_status":"closed","template":"","meta":[],"pwb-brand":[3429],"product_brand":[],"product_cat":[3296,3421],"product_tag":[],"class_list":{"0":"post-306232","1":"product","2":"type-product","3":"status-publish","4":"has-post-thumbnail","6":"pwb-brand-niedzwiedz-i-syn","7":"product_cat-noze-pl","8":"product_cat-noze-damascenskie","10":"first","11":"instock","12":"taxable","13":"shipping-taxable","14":"purchasable","15":"product-type-simple"},"brands":[{"id":3429,"name":"Nied\u017awied\u017a i syn","slug":"niedzwiedz-i-syn"}],"_links":{"self":[{"href":"https:\/\/www.moskito.cz\/pl\/wp-json\/wp\/v2\/product\/306232","targetHints":{"allow":["GET"]}}],"collection":[{"href":"https:\/\/www.moskito.cz\/pl\/wp-json\/wp\/v2\/product"}],"about":[{"href":"https:\/\/www.moskito.cz\/pl\/wp-json\/wp\/v2\/types\/product"}],"replies":[{"embeddable":true,"href":"https:\/\/www.moskito.cz\/pl\/wp-json\/wp\/v2\/comments?post=306232"}],"wp:featuredmedia":[{"embeddable":true,"href":"https:\/\/www.moskito.cz\/pl\/wp-json\/wp\/v2\/media\/162769"}],"wp:attachment":[{"href":"https:\/\/www.moskito.cz\/pl\/wp-json\/wp\/v2\/media?parent=306232"}],"wp:term":[{"taxonomy":"pwb-brand","embeddable":true,"href":"https:\/\/www.moskito.cz\/pl\/wp-json\/wp\/v2\/pwb-brand?post=306232"},{"taxonomy":"product_brand","embeddable":true,"href":"https:\/\/www.moskito.cz\/pl\/wp-json\/wp\/v2\/product_brand?post=306232"},{"taxonomy":"product_cat","embeddable":true,"href":"https:\/\/www.moskito.cz\/pl\/wp-json\/wp\/v2\/product_cat?post=306232"},{"taxonomy":"product_tag","embeddable":true,"href":"https:\/\/www.moskito.cz\/pl\/wp-json\/wp\/v2\/product_tag?post=306232"}],"curies":[{"name":"wp","href":"https:\/\/api.w.org\/{rel}","templated":true}]}}