{"id":306258,"date":"2019-02-09T15:14:30","date_gmt":"2024-02-05T20:21:45","guid":{"rendered":"https:\/\/www.moskito.cz\/produkt\/noz-zamykajacy-boker-kingpin-110650\/"},"modified":"2025-07-11T07:48:15","modified_gmt":"2025-07-11T06:48:15","slug":"noz-zamykajacy-boker-kingpin-110650","status":"publish","type":"product","link":"https:\/\/www.moskito.cz\/pl\/produkt\/noz-zamykajacy-boker-kingpin-110650\/","title":{"rendered":"N\u00f3\u017c zamykaj\u0105cy B\u00f6ker KingPin 110650"},"content":{"rendered":"<p>N\u00f3\u017c zamykaj\u0105cy <strong>B\u00f6ker<\/strong> KingPin 110650.<\/p>\n<p>B\u00f6ker Solingen Manufaktur kontynuuje niemieck\u0105 tradycj\u0119 s\u0142ynnych no\u017cy od 1869 roku. Ta marka premium produkuje r\u0119cznie no\u017ce my\u015bliwskie, obronne, codziennego u\u017cytku, a tak\u017ce wojskowe specjalne, przeznaczone do najci\u0119\u017cszych warunk\u00f3w.D\u0142ugo\u015b\u0107 ca\u0142kowita: 19,5 cm<br \/>\nD\u0142ugo\u015b\u0107 ostrza: 8,4 cm<br \/>\nGrubo\u015b\u0107 ostrza: 4,4 mm<br \/>\nWaga: 400 g<br \/>\nMateria\u0142 ostrza: CPM 154<br \/>\nMateria\u0142 r\u0119koje\u015bci: G-10<\/p>\n","protected":false},"excerpt":{"rendered":"<p>N\u00f3\u017c blokuj\u0105cy z bezpiecznikiem.<\/p>\n","protected":false},"featured_media":198622,"comment_status":"open","ping_status":"closed","template":"","meta":[],"pwb-brand":[3423],"product_brand":[],"product_cat":[3296,3307],"product_tag":[3671],"class_list":{"0":"post-306258","1":"product","2":"type-product","3":"status-publish","4":"has-post-thumbnail","6":"pwb-brand-bokera","7":"product_cat-noze-pl","8":"product_cat-zamykanie-nozy","9":"product_tag-b2b-pl","11":"first","12":"instock","13":"taxable","14":"shipping-taxable","15":"purchasable","16":"product-type-simple"},"brands":[{"id":3423,"name":"Bokera","slug":"bokera"}],"_links":{"self":[{"href":"https:\/\/www.moskito.cz\/pl\/wp-json\/wp\/v2\/product\/306258","targetHints":{"allow":["GET"]}}],"collection":[{"href":"https:\/\/www.moskito.cz\/pl\/wp-json\/wp\/v2\/product"}],"about":[{"href":"https:\/\/www.moskito.cz\/pl\/wp-json\/wp\/v2\/types\/product"}],"replies":[{"embeddable":true,"href":"https:\/\/www.moskito.cz\/pl\/wp-json\/wp\/v2\/comments?post=306258"}],"wp:featuredmedia":[{"embeddable":true,"href":"https:\/\/www.moskito.cz\/pl\/wp-json\/wp\/v2\/media\/198622"}],"wp:attachment":[{"href":"https:\/\/www.moskito.cz\/pl\/wp-json\/wp\/v2\/media?parent=306258"}],"wp:term":[{"taxonomy":"pwb-brand","embeddable":true,"href":"https:\/\/www.moskito.cz\/pl\/wp-json\/wp\/v2\/pwb-brand?post=306258"},{"taxonomy":"product_brand","embeddable":true,"href":"https:\/\/www.moskito.cz\/pl\/wp-json\/wp\/v2\/product_brand?post=306258"},{"taxonomy":"product_cat","embeddable":true,"href":"https:\/\/www.moskito.cz\/pl\/wp-json\/wp\/v2\/product_cat?post=306258"},{"taxonomy":"product_tag","embeddable":true,"href":"https:\/\/www.moskito.cz\/pl\/wp-json\/wp\/v2\/product_tag?post=306258"}],"curies":[{"name":"wp","href":"https:\/\/api.w.org\/{rel}","templated":true}]}}