{"id":306295,"date":"2019-03-25T19:28:57","date_gmt":"2024-02-05T20:25:16","guid":{"rendered":"https:\/\/www.moskito.cz\/produkt\/noze-zombie-ka-bar-famine-tanto-ka5700\/"},"modified":"2025-07-11T07:48:23","modified_gmt":"2025-07-11T06:48:23","slug":"noze-zombie-ka-bar-famine-tanto-ka5700","status":"publish","type":"product","link":"https:\/\/www.moskito.cz\/pl\/produkt\/noze-zombie-ka-bar-famine-tanto-ka5700\/","title":{"rendered":"No\u017ce Zombie Ka-Bar Famine Tanto KA5700"},"content":{"rendered":"<p>No\u017ce Zombie Ka-Bar Famine Tanto KA5700.<\/p>\n<p>D\u0142ugo\u015b\u0107 ca\u0142kowita: 33,3 cm<\/p>\n<p>D\u0142ugo\u015b\u0107 ostrza: 19,4 cm<\/p>\n<p>Materia\u0142 ostrza: stal nierdzewna 1095<\/p>\n<p>Grubo\u015b\u0107 ostrza: 5,2 mm<\/p>\n<p>Waga: 431 g<\/p>\n<p>Twardo\u015b\u0107 ostrza: 52-54 HRC<\/p>\n<p>Materia\u0142 r\u0119koje\u015bci: Kompozyt GFN-PA66<\/p>\n<p>Koperta: Nylon<\/p>\n","protected":false},"excerpt":{"rendered":"<p>N\u00f3\u017c sta\u0142y z pochw\u0105.<\/p>\n","protected":false},"featured_media":163243,"comment_status":"open","ping_status":"closed","template":"","meta":[],"pwb-brand":[3436],"product_brand":[],"product_cat":[3297,3296],"product_tag":[],"class_list":{"0":"post-306295","1":"product","2":"type-product","3":"status-publish","4":"has-post-thumbnail","6":"pwb-brand-ka-bar-pl","7":"product_cat-solidne-noze","8":"product_cat-noze-pl","10":"first","11":"outofstock","12":"taxable","13":"shipping-taxable","14":"purchasable","15":"product-type-simple"},"brands":[{"id":3436,"name":"Ka-Bar","slug":"ka-bar-pl"}],"_links":{"self":[{"href":"https:\/\/www.moskito.cz\/pl\/wp-json\/wp\/v2\/product\/306295","targetHints":{"allow":["GET"]}}],"collection":[{"href":"https:\/\/www.moskito.cz\/pl\/wp-json\/wp\/v2\/product"}],"about":[{"href":"https:\/\/www.moskito.cz\/pl\/wp-json\/wp\/v2\/types\/product"}],"replies":[{"embeddable":true,"href":"https:\/\/www.moskito.cz\/pl\/wp-json\/wp\/v2\/comments?post=306295"}],"wp:featuredmedia":[{"embeddable":true,"href":"https:\/\/www.moskito.cz\/pl\/wp-json\/wp\/v2\/media\/163243"}],"wp:attachment":[{"href":"https:\/\/www.moskito.cz\/pl\/wp-json\/wp\/v2\/media?parent=306295"}],"wp:term":[{"taxonomy":"pwb-brand","embeddable":true,"href":"https:\/\/www.moskito.cz\/pl\/wp-json\/wp\/v2\/pwb-brand?post=306295"},{"taxonomy":"product_brand","embeddable":true,"href":"https:\/\/www.moskito.cz\/pl\/wp-json\/wp\/v2\/product_brand?post=306295"},{"taxonomy":"product_cat","embeddable":true,"href":"https:\/\/www.moskito.cz\/pl\/wp-json\/wp\/v2\/product_cat?post=306295"},{"taxonomy":"product_tag","embeddable":true,"href":"https:\/\/www.moskito.cz\/pl\/wp-json\/wp\/v2\/product_tag?post=306295"}],"curies":[{"name":"wp","href":"https:\/\/api.w.org\/{rel}","templated":true}]}}