{"id":306311,"date":"2019-03-25T18:17:24","date_gmt":"2024-02-05T20:25:22","guid":{"rendered":"https:\/\/www.moskito.cz\/produkt\/noz-bojowy-ka-bar-ka5012\/"},"modified":"2025-07-11T07:48:23","modified_gmt":"2025-07-11T06:48:23","slug":"noz-bojowy-ka-bar-ka5012","status":"publish","type":"product","link":"https:\/\/www.moskito.cz\/pl\/produkt\/noz-bojowy-ka-bar-ka5012\/","title":{"rendered":"N\u00f3\u017c bojowy Ka-Bar KA5012"},"content":{"rendered":"<p>N\u00f3\u017c bojowy Ka-Bar KA5012.<\/p>\n<p><strong>D\u0142ugo\u015b\u0107 ca\u0142kowita:<\/strong> 29,8 cm.<\/p>\n<p><strong>D\u0142ugo\u015b\u0107 ostrza:<\/strong> 17,8 cm.<\/p>\n<p><strong>Grubo\u015b\u0107 ostrza:<\/strong> 4,2 mm.<\/p>\n<p><strong>Waga:<\/strong> 318 g.<\/p>\n<p><strong>Materia\u0142 ostrza:<\/strong> stal w\u0119glowa 1095 Cro-Van, twardo\u015b\u0107 56-58 HRC<\/p>\n<p><strong>Materia\u0142 r\u0119koje\u015bci:<\/strong> Kraton.<\/p>\n<p><strong>Kabura:<\/strong> zielona kabura do paska Zytel.<\/p>\n","protected":false},"excerpt":{"rendered":"<p>N\u00f3\u017c sta\u0142y z pochw\u0105.<\/p>\n","protected":false},"featured_media":163228,"comment_status":"open","ping_status":"closed","template":"","meta":[],"pwb-brand":[3436],"product_brand":[],"product_cat":[3296,3297],"product_tag":[],"class_list":{"0":"post-306311","1":"product","2":"type-product","3":"status-publish","4":"has-post-thumbnail","6":"pwb-brand-ka-bar-pl","7":"product_cat-noze-pl","8":"product_cat-solidne-noze","10":"first","11":"outofstock","12":"taxable","13":"shipping-taxable","14":"purchasable","15":"product-type-simple"},"brands":[{"id":3436,"name":"Ka-Bar","slug":"ka-bar-pl"}],"_links":{"self":[{"href":"https:\/\/www.moskito.cz\/pl\/wp-json\/wp\/v2\/product\/306311","targetHints":{"allow":["GET"]}}],"collection":[{"href":"https:\/\/www.moskito.cz\/pl\/wp-json\/wp\/v2\/product"}],"about":[{"href":"https:\/\/www.moskito.cz\/pl\/wp-json\/wp\/v2\/types\/product"}],"replies":[{"embeddable":true,"href":"https:\/\/www.moskito.cz\/pl\/wp-json\/wp\/v2\/comments?post=306311"}],"wp:featuredmedia":[{"embeddable":true,"href":"https:\/\/www.moskito.cz\/pl\/wp-json\/wp\/v2\/media\/163228"}],"wp:attachment":[{"href":"https:\/\/www.moskito.cz\/pl\/wp-json\/wp\/v2\/media?parent=306311"}],"wp:term":[{"taxonomy":"pwb-brand","embeddable":true,"href":"https:\/\/www.moskito.cz\/pl\/wp-json\/wp\/v2\/pwb-brand?post=306311"},{"taxonomy":"product_brand","embeddable":true,"href":"https:\/\/www.moskito.cz\/pl\/wp-json\/wp\/v2\/product_brand?post=306311"},{"taxonomy":"product_cat","embeddable":true,"href":"https:\/\/www.moskito.cz\/pl\/wp-json\/wp\/v2\/product_cat?post=306311"},{"taxonomy":"product_tag","embeddable":true,"href":"https:\/\/www.moskito.cz\/pl\/wp-json\/wp\/v2\/product_tag?post=306311"}],"curies":[{"name":"wp","href":"https:\/\/api.w.org\/{rel}","templated":true}]}}