{"id":306320,"date":"2019-03-13T17:51:45","date_gmt":"2024-02-05T20:25:24","guid":{"rendered":"https:\/\/www.moskito.cz\/produkt\/latarka-mag-lite-z-trzema-ogniwami-d-w-kamuflazu-ml02633\/"},"modified":"2025-07-11T07:48:20","modified_gmt":"2025-07-11T06:48:20","slug":"latarka-mag-lite-z-trzema-ogniwami-d-w-kamuflazu-ml02633","status":"publish","type":"product","link":"https:\/\/www.moskito.cz\/pl\/produkt\/latarka-mag-lite-z-trzema-ogniwami-d-w-kamuflazu-ml02633\/","title":{"rendered":"Latarka Mag-Lite z trzema ogniwami D w kamufla\u017cu ML02633"},"content":{"rendered":"<div>\n<p>Latarka Mag-Lite z trzema ogniwami D w kamufla\u017cu ML02633.<\/p>\n<p>&nbsp;<\/p>\n<p>R\u0119czna latarka MAG-LITE 3D-CELL z \u017car\u00f3wk\u0105 kryptonow\u0105.<\/p>\n<ul>\n<li>  wykonane z wysokiej jako\u015bci aluminium<\/li>\n<li>wy\u0142\u0105cznik ze stykami samoczyszcz\u0105cymi<\/li>\n<li>waga: 945g<\/li>\n<li>liczba baterii: 3<\/li>\n<li>\u015brednica reflektora: 55mm<\/li>\n<li>\u015brednica korpusu: 38mm<\/li>\n<li>d\u0142ugo\u015b\u0107 lampy: 315mm<\/li>\n<\/ul>\n<\/div>\n","protected":false},"excerpt":{"rendered":"<p>Latarnia r\u0119czna.<\/p>\n","protected":false},"featured_media":163017,"comment_status":"open","ping_status":"closed","template":"","meta":[],"pwb-brand":[3401],"product_brand":[],"product_cat":[3372,3373],"product_tag":[],"class_list":{"0":"post-306320","1":"product","2":"type-product","3":"status-publish","4":"has-post-thumbnail","6":"pwb-brand-mag-lite-pl","7":"product_cat-kemping","8":"product_cat-lampy","10":"first","11":"instock","12":"taxable","13":"shipping-taxable","14":"purchasable","15":"product-type-simple"},"brands":[{"id":3401,"name":"Mag-Lite","slug":"mag-lite-pl"}],"_links":{"self":[{"href":"https:\/\/www.moskito.cz\/pl\/wp-json\/wp\/v2\/product\/306320","targetHints":{"allow":["GET"]}}],"collection":[{"href":"https:\/\/www.moskito.cz\/pl\/wp-json\/wp\/v2\/product"}],"about":[{"href":"https:\/\/www.moskito.cz\/pl\/wp-json\/wp\/v2\/types\/product"}],"replies":[{"embeddable":true,"href":"https:\/\/www.moskito.cz\/pl\/wp-json\/wp\/v2\/comments?post=306320"}],"wp:featuredmedia":[{"embeddable":true,"href":"https:\/\/www.moskito.cz\/pl\/wp-json\/wp\/v2\/media\/163017"}],"wp:attachment":[{"href":"https:\/\/www.moskito.cz\/pl\/wp-json\/wp\/v2\/media?parent=306320"}],"wp:term":[{"taxonomy":"pwb-brand","embeddable":true,"href":"https:\/\/www.moskito.cz\/pl\/wp-json\/wp\/v2\/pwb-brand?post=306320"},{"taxonomy":"product_brand","embeddable":true,"href":"https:\/\/www.moskito.cz\/pl\/wp-json\/wp\/v2\/product_brand?post=306320"},{"taxonomy":"product_cat","embeddable":true,"href":"https:\/\/www.moskito.cz\/pl\/wp-json\/wp\/v2\/product_cat?post=306320"},{"taxonomy":"product_tag","embeddable":true,"href":"https:\/\/www.moskito.cz\/pl\/wp-json\/wp\/v2\/product_tag?post=306320"}],"curies":[{"name":"wp","href":"https:\/\/api.w.org\/{rel}","templated":true}]}}