{"id":306325,"date":"2019-03-25T17:58:08","date_gmt":"2024-02-05T20:25:27","guid":{"rendered":"https:\/\/www.moskito.cz\/produkt\/ka-bar-maly-finn-ka1226\/"},"modified":"2025-07-11T07:48:22","modified_gmt":"2025-07-11T06:48:22","slug":"ka-bar-maly-finn-ka1226","status":"publish","type":"product","link":"https:\/\/www.moskito.cz\/pl\/produkt\/ka-bar-maly-finn-ka1226\/","title":{"rendered":"Ka-Bar Ma\u0142y Finn KA1226"},"content":{"rendered":"<p>Ka-Bar Ma\u0142y Finn KA1226.<\/p>\n<p>D\u0142ugo\u015b\u0107 ca\u0142kowita: 17,5 cm<br \/>\nD\u0142ugo\u015b\u0107 ostrza: 9 cm<br \/>\nR\u0119koje\u015b\u0107: polerowana sk\u00f3ra z mosi\u0119\u017cn\u0105 os\u0142on\u0105<br \/>\nKoperta: br\u0105zowa sk\u00f3ra<\/p>\n","protected":false},"excerpt":{"rendered":"<p>N\u00f3\u017c sta\u0142y z pochw\u0105.<\/p>\n","protected":false},"featured_media":163224,"comment_status":"open","ping_status":"closed","template":"","meta":[],"pwb-brand":[3436],"product_brand":[],"product_cat":[3296,3297],"product_tag":[],"class_list":{"0":"post-306325","1":"product","2":"type-product","3":"status-publish","4":"has-post-thumbnail","6":"pwb-brand-ka-bar-pl","7":"product_cat-noze-pl","8":"product_cat-solidne-noze","10":"first","11":"outofstock","12":"taxable","13":"shipping-taxable","14":"purchasable","15":"product-type-simple"},"brands":[{"id":3436,"name":"Ka-Bar","slug":"ka-bar-pl"}],"_links":{"self":[{"href":"https:\/\/www.moskito.cz\/pl\/wp-json\/wp\/v2\/product\/306325","targetHints":{"allow":["GET"]}}],"collection":[{"href":"https:\/\/www.moskito.cz\/pl\/wp-json\/wp\/v2\/product"}],"about":[{"href":"https:\/\/www.moskito.cz\/pl\/wp-json\/wp\/v2\/types\/product"}],"replies":[{"embeddable":true,"href":"https:\/\/www.moskito.cz\/pl\/wp-json\/wp\/v2\/comments?post=306325"}],"wp:featuredmedia":[{"embeddable":true,"href":"https:\/\/www.moskito.cz\/pl\/wp-json\/wp\/v2\/media\/163224"}],"wp:attachment":[{"href":"https:\/\/www.moskito.cz\/pl\/wp-json\/wp\/v2\/media?parent=306325"}],"wp:term":[{"taxonomy":"pwb-brand","embeddable":true,"href":"https:\/\/www.moskito.cz\/pl\/wp-json\/wp\/v2\/pwb-brand?post=306325"},{"taxonomy":"product_brand","embeddable":true,"href":"https:\/\/www.moskito.cz\/pl\/wp-json\/wp\/v2\/product_brand?post=306325"},{"taxonomy":"product_cat","embeddable":true,"href":"https:\/\/www.moskito.cz\/pl\/wp-json\/wp\/v2\/product_cat?post=306325"},{"taxonomy":"product_tag","embeddable":true,"href":"https:\/\/www.moskito.cz\/pl\/wp-json\/wp\/v2\/product_tag?post=306325"}],"curies":[{"name":"wp","href":"https:\/\/api.w.org\/{rel}","templated":true}]}}