{"id":306335,"date":"2019-04-14T10:29:34","date_gmt":"2024-02-05T20:25:32","guid":{"rendered":"https:\/\/www.moskito.cz\/produkt\/noz-skladany-boker-plus-wildcat-01bo772\/"},"modified":"2025-07-11T07:48:25","modified_gmt":"2025-07-11T06:48:25","slug":"noz-skladany-boker-plus-wildcat-01bo772","status":"publish","type":"product","link":"https:\/\/www.moskito.cz\/pl\/produkt\/noz-skladany-boker-plus-wildcat-01bo772\/","title":{"rendered":"N\u00f3\u017c sk\u0142adany B\u00f6ker Plus Wildcat 01BO772"},"content":{"rendered":"<div class=\"anot\">\n<div class=\"detailAnot\">\n<p>N\u00f3\u017c sk\u0142adany B\u00f6ker Plus Wildcat 01BO772.<\/p>\n<p>B\u00f6ker Plus zapewnia doskona\u0142e, innowacyjne koncepcje no\u017cy do ka\u017cdej misji. No\u017ce zosta\u0142y zaprojektowane wed\u0142ug niemieckiej in\u017cynierii we wsp\u00f3\u0142pracy ze \u015bwiatowej s\u0142awy ekspertami takimi jak Chad Los Banos, Jim Burke, Jim Wanger, Tod Begg, Jesper Voxnaes.<\/p>\n<div class=\"clearFloat\"><\/div>\n<\/div>\n<\/div>\n<div class=\"text_detail\">\n<table class=\"datatable bokerparamtable\" border=\"0\" cellspacing=\"0\" cellpadding=\"0\">\n<tbody>\n<tr>\n<td>D\u0142ugo\u015b\u0107 ca\u0142kowita:<\/td>\n<td>18,5cm<\/td>\n<\/tr>\n<tr>\n<td>D\u0142ugo\u015b\u0107 ostrza:<\/td>\n<td>7,1cm<\/td>\n<\/tr>\n<tr>\n<td>Grubo\u015b\u0107 ostrza:<\/td>\n<td>3,4 mm<\/td>\n<\/tr>\n<tr>\n<td>Masa:<\/td>\n<td>198 gr<\/td>\n<\/tr>\n<tr>\n<td>Materia\u0142 ostrza:<\/td>\n<td><a href=\"https:\/\/www.nozeboker.cz\/prehled-materialu\/d2\" target=\"_blank\" rel=\"noopener\">D2<\/a><\/td>\n<\/tr>\n<tr>\n<td>Materia\u0142 uchwytu:<\/td>\n<td>G-10<\/td>\n<\/tr>\n<\/tbody>\n<\/table>\n<\/div>\n","protected":false},"excerpt":{"rendered":"<p>Zamykanie no\u017ca za pomoc\u0105 klipsa.<\/p>\n","protected":false},"featured_media":179339,"comment_status":"open","ping_status":"closed","template":"","meta":[],"pwb-brand":[3423],"product_brand":[],"product_cat":[3296,3307],"product_tag":[3671],"class_list":{"0":"post-306335","1":"product","2":"type-product","3":"status-publish","4":"has-post-thumbnail","6":"pwb-brand-bokera","7":"product_cat-noze-pl","8":"product_cat-zamykanie-nozy","9":"product_tag-b2b-pl","11":"first","12":"outofstock","13":"taxable","14":"shipping-taxable","15":"purchasable","16":"product-type-simple"},"brands":[{"id":3423,"name":"Bokera","slug":"bokera"}],"_links":{"self":[{"href":"https:\/\/www.moskito.cz\/pl\/wp-json\/wp\/v2\/product\/306335","targetHints":{"allow":["GET"]}}],"collection":[{"href":"https:\/\/www.moskito.cz\/pl\/wp-json\/wp\/v2\/product"}],"about":[{"href":"https:\/\/www.moskito.cz\/pl\/wp-json\/wp\/v2\/types\/product"}],"replies":[{"embeddable":true,"href":"https:\/\/www.moskito.cz\/pl\/wp-json\/wp\/v2\/comments?post=306335"}],"wp:featuredmedia":[{"embeddable":true,"href":"https:\/\/www.moskito.cz\/pl\/wp-json\/wp\/v2\/media\/179339"}],"wp:attachment":[{"href":"https:\/\/www.moskito.cz\/pl\/wp-json\/wp\/v2\/media?parent=306335"}],"wp:term":[{"taxonomy":"pwb-brand","embeddable":true,"href":"https:\/\/www.moskito.cz\/pl\/wp-json\/wp\/v2\/pwb-brand?post=306335"},{"taxonomy":"product_brand","embeddable":true,"href":"https:\/\/www.moskito.cz\/pl\/wp-json\/wp\/v2\/product_brand?post=306335"},{"taxonomy":"product_cat","embeddable":true,"href":"https:\/\/www.moskito.cz\/pl\/wp-json\/wp\/v2\/product_cat?post=306335"},{"taxonomy":"product_tag","embeddable":true,"href":"https:\/\/www.moskito.cz\/pl\/wp-json\/wp\/v2\/product_tag?post=306335"}],"curies":[{"name":"wp","href":"https:\/\/api.w.org\/{rel}","templated":true}]}}