{"id":306338,"date":"2019-03-24T17:32:36","date_gmt":"2024-02-05T20:25:33","guid":{"rendered":"https:\/\/www.moskito.cz\/produkt\/naboje-flobert-kal-koncowka-6mm-100-szt\/"},"modified":"2025-07-11T07:48:21","modified_gmt":"2025-07-11T06:48:21","slug":"naboje-flobert-kal-koncowka-6mm-100-szt","status":"publish","type":"product","link":"https:\/\/www.moskito.cz\/pl\/produkt\/naboje-flobert-kal-koncowka-6mm-100-szt\/","title":{"rendered":"Naboje Flobert kal. Ko\u0144c\u00f3wka 6mm 100 szt"},"content":{"rendered":"<p>Spakowane po 100 sztuk.<\/p>\n<p> Pocisk o szpiczastym kszta\u0142cie, odpowiedni do strzelania uniwersalnego.<\/p>\n<p> Kaliber 6 mm Flobert<\/p>\n<p> Materia\u0142 o\u0142owiany<\/p>\n<p> Strzelanie uniwersalne<\/p>\n<p> Typ g\u0142owy spiczasty<\/p>\n<p> Opakowanie [szt.] 100<\/p>\n<p> <strong>Amunicja grupy D, dost\u0119pna bezp\u0142atnie od 18 roku \u017cycia.<\/strong><\/p>\n","protected":false},"excerpt":{"rendered":"<p>Spiczasty pocisk odpowiedni do strzelania wszechstronnego.<br \/>\n<strong>Produkcja czeska.<\/strong><\/p>\n","protected":false},"featured_media":189904,"comment_status":"open","ping_status":"closed","template":"","meta":[],"pwb-brand":[3450],"product_brand":[],"product_cat":[3449],"product_tag":[3671],"class_list":{"0":"post-306338","1":"product","2":"type-product","3":"status-publish","4":"has-post-thumbnail","6":"pwb-brand-selliera-i-bellota","7":"product_cat-naboje-grupy-d","8":"product_tag-b2b-pl","10":"first","11":"outofstock","12":"taxable","13":"shipping-taxable","14":"purchasable","15":"product-type-simple"},"brands":[{"id":3450,"name":"Selliera i Bellota","slug":"selliera-i-bellota"}],"_links":{"self":[{"href":"https:\/\/www.moskito.cz\/pl\/wp-json\/wp\/v2\/product\/306338","targetHints":{"allow":["GET"]}}],"collection":[{"href":"https:\/\/www.moskito.cz\/pl\/wp-json\/wp\/v2\/product"}],"about":[{"href":"https:\/\/www.moskito.cz\/pl\/wp-json\/wp\/v2\/types\/product"}],"replies":[{"embeddable":true,"href":"https:\/\/www.moskito.cz\/pl\/wp-json\/wp\/v2\/comments?post=306338"}],"wp:featuredmedia":[{"embeddable":true,"href":"https:\/\/www.moskito.cz\/pl\/wp-json\/wp\/v2\/media\/189904"}],"wp:attachment":[{"href":"https:\/\/www.moskito.cz\/pl\/wp-json\/wp\/v2\/media?parent=306338"}],"wp:term":[{"taxonomy":"pwb-brand","embeddable":true,"href":"https:\/\/www.moskito.cz\/pl\/wp-json\/wp\/v2\/pwb-brand?post=306338"},{"taxonomy":"product_brand","embeddable":true,"href":"https:\/\/www.moskito.cz\/pl\/wp-json\/wp\/v2\/product_brand?post=306338"},{"taxonomy":"product_cat","embeddable":true,"href":"https:\/\/www.moskito.cz\/pl\/wp-json\/wp\/v2\/product_cat?post=306338"},{"taxonomy":"product_tag","embeddable":true,"href":"https:\/\/www.moskito.cz\/pl\/wp-json\/wp\/v2\/product_tag?post=306338"}],"curies":[{"name":"wp","href":"https:\/\/api.w.org\/{rel}","templated":true}]}}