{"id":306344,"date":"2019-03-25T19:37:30","date_gmt":"2024-02-05T20:25:37","guid":{"rendered":"https:\/\/www.moskito.cz\/produkt\/miecz-bojowy-ka-bar-zombie-knives-ka5701\/"},"modified":"2025-07-11T07:48:24","modified_gmt":"2025-07-11T06:48:24","slug":"miecz-bojowy-ka-bar-zombie-knives-ka5701","status":"publish","type":"product","link":"https:\/\/www.moskito.cz\/pl\/produkt\/miecz-bojowy-ka-bar-zombie-knives-ka5701\/","title":{"rendered":"Miecz bojowy Ka-Bar Zombie Knives KA5701"},"content":{"rendered":"<p>Miecz bojowy Ka-Bar Zombie Knives KA5701.<\/p>\n<p>D\u0142ugo\u015b\u0107 ca\u0142kowita: 384 mm<br \/>\nD\u0142ugo\u015b\u0107 ostrza: 248 mm<br \/>\nGrubo\u015b\u0107 ostrza: 5,2 mm<br \/>\nWaga: 454 g<\/p>\n<p>Twardo\u015b\u0107 ostrza: 52-54 HRC<br \/>\nMateria\u0142 ostrza: stal nierdzewna 1095 Cro-Van<br \/>\nMateria\u0142 r\u0119koje\u015bci: polimer GFN-PA66<br \/>\nKoperta: Nylon<\/p>\n","protected":false},"excerpt":{"rendered":"<p>N\u00f3\u017c sta\u0142y z pochw\u0105.<\/p>\n","protected":false},"featured_media":163245,"comment_status":"open","ping_status":"closed","template":"","meta":[],"pwb-brand":[3436],"product_brand":[],"product_cat":[3296,3297],"product_tag":[],"class_list":{"0":"post-306344","1":"product","2":"type-product","3":"status-publish","4":"has-post-thumbnail","6":"pwb-brand-ka-bar-pl","7":"product_cat-noze-pl","8":"product_cat-solidne-noze","10":"first","11":"outofstock","12":"taxable","13":"shipping-taxable","14":"purchasable","15":"product-type-simple"},"brands":[{"id":3436,"name":"Ka-Bar","slug":"ka-bar-pl"}],"_links":{"self":[{"href":"https:\/\/www.moskito.cz\/pl\/wp-json\/wp\/v2\/product\/306344","targetHints":{"allow":["GET"]}}],"collection":[{"href":"https:\/\/www.moskito.cz\/pl\/wp-json\/wp\/v2\/product"}],"about":[{"href":"https:\/\/www.moskito.cz\/pl\/wp-json\/wp\/v2\/types\/product"}],"replies":[{"embeddable":true,"href":"https:\/\/www.moskito.cz\/pl\/wp-json\/wp\/v2\/comments?post=306344"}],"wp:featuredmedia":[{"embeddable":true,"href":"https:\/\/www.moskito.cz\/pl\/wp-json\/wp\/v2\/media\/163245"}],"wp:attachment":[{"href":"https:\/\/www.moskito.cz\/pl\/wp-json\/wp\/v2\/media?parent=306344"}],"wp:term":[{"taxonomy":"pwb-brand","embeddable":true,"href":"https:\/\/www.moskito.cz\/pl\/wp-json\/wp\/v2\/pwb-brand?post=306344"},{"taxonomy":"product_brand","embeddable":true,"href":"https:\/\/www.moskito.cz\/pl\/wp-json\/wp\/v2\/product_brand?post=306344"},{"taxonomy":"product_cat","embeddable":true,"href":"https:\/\/www.moskito.cz\/pl\/wp-json\/wp\/v2\/product_cat?post=306344"},{"taxonomy":"product_tag","embeddable":true,"href":"https:\/\/www.moskito.cz\/pl\/wp-json\/wp\/v2\/product_tag?post=306344"}],"curies":[{"name":"wp","href":"https:\/\/api.w.org\/{rel}","templated":true}]}}