{"id":306396,"date":"2019-04-14T17:47:15","date_gmt":"2024-02-05T20:30:44","guid":{"rendered":"https:\/\/www.moskito.cz\/produkt\/noz-skladany-boker-anso-67-special-run-damascus\/"},"modified":"2025-07-11T07:48:29","modified_gmt":"2025-07-11T06:48:29","slug":"noz-skladany-boker-anso-67-special-run-damascus","status":"publish","type":"product","link":"https:\/\/www.moskito.cz\/pl\/produkt\/noz-skladany-boker-anso-67-special-run-damascus\/","title":{"rendered":"N\u00f3\u017c sk\u0142adany Boker Anso 67 Special Run Damascus"},"content":{"rendered":"<p>N\u00f3\u017c sk\u0142adany Boker Anso 67 Special Run <strong>Damascus<\/strong> .  <\/p>\n<p><span class=\"tlid-translation translation\" lang=\"cs\">Boker konsekwentnie udowadnia, \u017ce \u200b\u200bjest producentem wysokiej klasy no\u017cy kolekcjonerskich. Ten model Anso 67 ma wszystko&#8230;pi\u0119kny gryf z klonu fiddleback. W USA wykonano projekt Boomerang z ram\u0105 ze stali damasce\u0144skiej i tytanu. Tego nie mo\u017cna przegapi\u0107.<\/span><\/p>\n<p>Model 67 Jensa Ans\u00f8 zosta\u0142 zaprojektowany wy\u0142\u0105cznie jako n\u00f3\u017c u\u017cytkowy, s\u0105dz\u0105c po jego pochodzeniu, ale wielokrotnie robi\u0142 wra\u017cenie tak\u017ce jako szlachetny przedmiot kolekcjonerski. Teraz by\u0142 w\u0142a\u015bciwy czas na wersj\u0119 adamaszkow\u0105, a ten model wyznacza nowe standardy dzi\u0119ki umiej\u0119tnemu po\u0142\u0105czeniu element\u00f3w klasycznych i nowoczesnych. R\u0119koje\u015b\u0107, w kt\u00f3rej po raz pierwszy zastosowano podw\u00f3jn\u0105 tytanow\u0105 p\u0142ytk\u0119, zapewnia stabilne zabezpieczenie ramy. Tytanowa p\u0142ytka z ty\u0142u i regulowana klamra s\u0105 wyko\u0144czone satynowo. Nierdzewna stal damasce\u0144ska w stylu Boomerang pochodzi od Chada Nicholsa z Mississippi i przekonuje nie tylko swoim kontrastowym wzorem, ale tak\u017ce praktyczno\u015bci\u0105. Ciep\u0142y kolor przednich \u0142usek ze stabilizowanego klonu oraz szlachetny po\u0142ysk tego drewna zapewnia nie tylko niezwyk\u0142y wygl\u0105d dla oka, ale dzi\u0119ki stabilizacji ca\u0142y n\u00f3\u017c nie stawia \u017cadnych opor\u00f3w. Unikalny projekt, kt\u00f3ry ekscytuje kolekcjoner\u00f3w i u\u017cytkownik\u00f3w wysokiej jako\u015bci, wyj\u0105tkowych no\u017cy. Zapakowany w eleganckie pude\u0142ko kolekcjonerskie i certyfikat. To nie jest zwyk\u0142y artyku\u0142 magazynowy. Czas dostawy mo\u017ce ulec op\u00f3\u017anieniu.<br \/>\nDane techniczne<\/p>\n<p><span class=\"tlid-translation translation\" lang=\"cs\">N\u00f3\u017c sk\u0142adany Anso 67 Special Run Damascus 110620DAM.<\/span><\/p>\n<p><span class=\"tlid-translation translation\" lang=\"cs\">Boker konsekwentnie udowadnia, \u017ce \u200b\u200bjest producentem wysokiej klasy no\u017cy kolekcjonerskich.<\/span><\/p>\n<p>D\u0142ugo\u015b\u0107 ca\u0142kowita: 19 cm<br \/>\nD\u0142ugo\u015b\u0107 ostrza: 9 cm<br \/>\nWaga: 4,5 uncji<br \/>\nGrubo\u015b\u0107 ostrza: 3 mm<br \/>\nMateria\u0142 ostrza: Damaszek<br \/>\nMateria\u0142 r\u0119koje\u015bci: drewno<br \/>\nWyprodukowane w Niemczech<\/p>\n","protected":false},"excerpt":{"rendered":"<p>Zamykany n\u00f3\u017c.<\/p>\n","protected":false},"featured_media":190042,"comment_status":"open","ping_status":"closed","template":"","meta":[],"pwb-brand":[3423],"product_brand":[],"product_cat":[3296,3421],"product_tag":[3671],"class_list":{"0":"post-306396","1":"product","2":"type-product","3":"status-publish","4":"has-post-thumbnail","6":"pwb-brand-bokera","7":"product_cat-noze-pl","8":"product_cat-noze-damascenskie","9":"product_tag-b2b-pl","11":"first","12":"instock","13":"taxable","14":"shipping-taxable","15":"purchasable","16":"product-type-simple"},"brands":[{"id":3423,"name":"Bokera","slug":"bokera"}],"_links":{"self":[{"href":"https:\/\/www.moskito.cz\/pl\/wp-json\/wp\/v2\/product\/306396","targetHints":{"allow":["GET"]}}],"collection":[{"href":"https:\/\/www.moskito.cz\/pl\/wp-json\/wp\/v2\/product"}],"about":[{"href":"https:\/\/www.moskito.cz\/pl\/wp-json\/wp\/v2\/types\/product"}],"replies":[{"embeddable":true,"href":"https:\/\/www.moskito.cz\/pl\/wp-json\/wp\/v2\/comments?post=306396"}],"wp:featuredmedia":[{"embeddable":true,"href":"https:\/\/www.moskito.cz\/pl\/wp-json\/wp\/v2\/media\/190042"}],"wp:attachment":[{"href":"https:\/\/www.moskito.cz\/pl\/wp-json\/wp\/v2\/media?parent=306396"}],"wp:term":[{"taxonomy":"pwb-brand","embeddable":true,"href":"https:\/\/www.moskito.cz\/pl\/wp-json\/wp\/v2\/pwb-brand?post=306396"},{"taxonomy":"product_brand","embeddable":true,"href":"https:\/\/www.moskito.cz\/pl\/wp-json\/wp\/v2\/product_brand?post=306396"},{"taxonomy":"product_cat","embeddable":true,"href":"https:\/\/www.moskito.cz\/pl\/wp-json\/wp\/v2\/product_cat?post=306396"},{"taxonomy":"product_tag","embeddable":true,"href":"https:\/\/www.moskito.cz\/pl\/wp-json\/wp\/v2\/product_tag?post=306396"}],"curies":[{"name":"wp","href":"https:\/\/api.w.org\/{rel}","templated":true}]}}