{"id":306402,"date":"2019-04-14T17:26:30","date_gmt":"2024-02-05T20:30:45","guid":{"rendered":"https:\/\/www.moskito.cz\/produkt\/boker-plus-hawkit\/"},"modified":"2025-07-11T07:48:29","modified_gmt":"2025-07-11T06:48:29","slug":"boker-plus-hawkit","status":"publish","type":"product","link":"https:\/\/www.moskito.cz\/pl\/produkt\/boker-plus-hawkit\/","title":{"rendered":"B\u00f6ker Plus Hawkit"},"content":{"rendered":"<p><strong>B\u00f6ker<\/strong> Plus Hawkit.<\/p>\n<table class=\"datatable bokerparamtable\" border=\"0\" cellspacing=\"0\" cellpadding=\"0\">\n<tbody>\n<tr>\n<td>D\u0142ugo\u015b\u0107 ca\u0142kowita:<\/td>\n<td>9,5cm<\/td>\n<\/tr>\n<tr>\n<td>D\u0142ugo\u015b\u0107 ostrza:<\/td>\n<td>2,5cm<\/td>\n<\/tr>\n<tr>\n<td>Grubo\u015b\u0107 ostrza:<\/td>\n<td>3 mm<\/td>\n<\/tr>\n<tr>\n<td>Masa:<\/td>\n<td>167 gr<\/td>\n<\/tr>\n<tr>\n<td>Materia\u0142 ostrza:<\/td>\n<td><a href=\"https:\/\/www.nozeboker.cz\/prehled-materialu\/440-c\" target=\"_blank\" rel=\"noopener\">440-C<\/a><\/td>\n<\/tr>\n<tr>\n<td>Materia\u0142 uchwytu:<\/td>\n<td>Stal nierdzewna<\/td>\n<\/tr>\n<\/tbody>\n<\/table>\n<p>Na pierwszy rzut oka mini top\u00f3r mo\u017ce wydawa\u0107 si\u0119 absurdalny. Ale ka\u017cdy, kto po raz pierwszy si\u0119gnie po Hawkit Jona Grahama, od razu zda sobie spraw\u0119, \u017ce naprawd\u0119 jest to narz\u0119dzie, kt\u00f3re nale\u017cy traktowa\u0107 powa\u017cnie. Cho\u0107 roz\u0142upywanie drewna i \u015bcinanie drzew zdecydowanie nie jest domen\u0105 tego mini toporka, Hawkit jest prawdziwym pomocnikiem jako ma\u0142y n\u00f3\u017c, \u015bci\u0105gacz do gwo\u017adzi, mini \u0142om, otwieracz do butelek oraz do luzowania zawias\u00f3w lub zakleszczonych bit\u00f3w. N\u00f3\u017c ze stali 440C, szlif symetryczny. W zestawie pochwa z kydexu i \u0142a\u0144cuszek kulkowy.<\/p>\n","protected":false},"excerpt":{"rendered":"<p>Mini top\u00f3r <strong>Bokera<\/strong> .  <\/p>\n","protected":false},"featured_media":190135,"comment_status":"open","ping_status":"closed","template":"","meta":[],"pwb-brand":[3423],"product_brand":[],"product_cat":[3341],"product_tag":[3671],"class_list":{"0":"post-306402","1":"product","2":"type-product","3":"status-publish","4":"has-post-thumbnail","6":"pwb-brand-bokera","7":"product_cat-multi-tool-pl","8":"product_tag-b2b-pl","10":"first","11":"outofstock","12":"taxable","13":"shipping-taxable","14":"purchasable","15":"product-type-simple"},"brands":[{"id":3423,"name":"Bokera","slug":"bokera"}],"_links":{"self":[{"href":"https:\/\/www.moskito.cz\/pl\/wp-json\/wp\/v2\/product\/306402","targetHints":{"allow":["GET"]}}],"collection":[{"href":"https:\/\/www.moskito.cz\/pl\/wp-json\/wp\/v2\/product"}],"about":[{"href":"https:\/\/www.moskito.cz\/pl\/wp-json\/wp\/v2\/types\/product"}],"replies":[{"embeddable":true,"href":"https:\/\/www.moskito.cz\/pl\/wp-json\/wp\/v2\/comments?post=306402"}],"wp:featuredmedia":[{"embeddable":true,"href":"https:\/\/www.moskito.cz\/pl\/wp-json\/wp\/v2\/media\/190135"}],"wp:attachment":[{"href":"https:\/\/www.moskito.cz\/pl\/wp-json\/wp\/v2\/media?parent=306402"}],"wp:term":[{"taxonomy":"pwb-brand","embeddable":true,"href":"https:\/\/www.moskito.cz\/pl\/wp-json\/wp\/v2\/pwb-brand?post=306402"},{"taxonomy":"product_brand","embeddable":true,"href":"https:\/\/www.moskito.cz\/pl\/wp-json\/wp\/v2\/product_brand?post=306402"},{"taxonomy":"product_cat","embeddable":true,"href":"https:\/\/www.moskito.cz\/pl\/wp-json\/wp\/v2\/product_cat?post=306402"},{"taxonomy":"product_tag","embeddable":true,"href":"https:\/\/www.moskito.cz\/pl\/wp-json\/wp\/v2\/product_tag?post=306402"}],"curies":[{"name":"wp","href":"https:\/\/api.w.org\/{rel}","templated":true}]}}