{"id":306416,"date":"2022-04-10T10:55:55","date_gmt":"2024-02-05T20:30:50","guid":{"rendered":"https:\/\/www.moskito.cz\/produkt\/noz-strzelecki-microtech-utx-70-satin-147-4rd\/"},"modified":"2025-05-07T10:56:13","modified_gmt":"2025-05-07T09:56:13","slug":"noz-strzelecki-microtech-utx-70-satin-147-4rd","status":"publish","type":"product","link":"https:\/\/www.moskito.cz\/pl\/produkt\/noz-strzelecki-microtech-utx-70-satin-147-4rd\/","title":{"rendered":"N\u00f3\u017c strzelecki Microtech UTX-70 Satin 147-4RD"},"content":{"rendered":"<p>N\u00f3\u017c strzelecki Microtech UTX-70 Satin 147-4RD.<\/p>\n<p><strong>UTX-70<\/strong> (15% mniejszy ni\u017c UTX-85) to mini n\u00f3\u017c automatyczny o podw\u00f3jnym dzia\u0142aniu firmy Microtech, kt\u00f3ry jest jednym z najbardziej przyjaznych do codziennego noszenia. Ma\u0142y rozmiar idealnie nadaje si\u0119 do noszenia w kieszeni zegarka lub nawet na breloku do kluczy. Ta wersja ma formowane w kolorze czerwonym uchwyty i g\u0142adkie, satynowe, obosieczne ostrze CTS-204P.<\/p>\n<p>Zupe\u0142nie nowy, bezpo\u015brednio od Microtech Knives, USA.<\/p>\n<p>Ostrze: Podw\u00f3jne ostrze ma b\u0142yszcz\u0105ce, satynowe wyko\u0144czenie i dwie g\u0142adkie, ostre jak brzytwa kraw\u0119dzie. Ostrze przypominaj\u0105ce sztylet wykonano z wysokowydajnej ameryka\u0144skiej stali nierdzewnej CTS-204P. Ostrze o d\u0142ugo\u015bci mniejszej ni\u017c 2,5 cala (6,35 cm) ma mechanizm otwierania i cofania o podw\u00f3jnym dzia\u0142aniu. Wystarczy przesun\u0105\u0107 suwak kciuka z boku uchwytu w g\u00f3r\u0119, aby roz\u0142o\u017cy\u0107, lub w d\u00f3\u0142, aby go schowa\u0107. Wewn\u0119trzna spr\u0119\u017cyna pozostaje nieruchoma zar\u00f3wno w pozycji otwartej, jak i zamkni\u0119tej, aby zmniejszy\u0107 zu\u017cycie. Akcja jest p\u0142ynna i szybka.<\/p>\n<p>R\u0119koje\u015b\u0107: G\u0142adkie, anodowane na czerwono aluminium 6061-T6 ma ulepszone zaokr\u0105glone kraw\u0119dzie, kt\u00f3re zapewniaj\u0105 nie tylko wygodne wyczucie d\u0142oni, ale tak\u017ce p\u0142ynne wchodzenie i wychodzenie z kieszeni. Poniewa\u017c UTX-70 jest znacznie mniejszy i cie\u0144szy, pomini\u0119to ramk\u0119, aby uzyska\u0107 czystszy wygl\u0105d. To automat typu OTF dla d\u017centelmen\u00f3w. Wyprofilowany kszta\u0142t r\u0119koje\u015bci jest przyjemny dla d\u0142oni i oczu. Konstrukcj\u0119 r\u0119koje\u015bci uzupe\u0142niaj\u0105 opatentowane przez firm\u0119 Microtech okucia, ko\u0144c\u00f3wka do t\u0142uczenia szk\u0142a oraz wybijany klips kieszeniowy z indywidualnym numerem seryjnym\/dat\u0105 produkcji.<\/p>\n<p>CTS-204P: Stal nierdzewna o wysokiej wytrzyma\u0142o\u015bci, wykonana w technologii metalurgii proszk\u00f3w, CTS-204P ma jedne z najwy\u017cszych dost\u0119pnych odporno\u015bci na kraw\u0119dzie i korozj\u0119. CTS-204P ma podobn\u0105 wydajno\u015b\u0107 do CPM-20CV i Bohlera M390.<\/p>\n<p><strong>Materia\u0142 ostrza: Nale\u017cy pami\u0119ta\u0107, \u017ce nie mo\u017cna okre\u015bli\u0107 stali ostrza, poniewa\u017c mo\u017ce si\u0119 ona r\u00f3\u017cni\u0107 w zale\u017cno\u015bci od dost\u0119pno\u015bci (informacje z Microtech)<\/strong><\/p>\n<p>D\u0142ugo\u015b\u0107 ca\u0142kowita: 18,75 cm<br \/>\nD\u0142ugo\u015b\u0107 ostrza: 7,81 cm<br \/>\nKraw\u0119d\u017a tn\u0105ca: 7,17 cm<br \/>\nGrubo\u015b\u0107 ostrza: 0,32 cm<br \/>\nMateria\u0142 ostrza: Bohler M390<br \/>\nWstawki: p\u0142askie<br \/>\nD\u0142ugo\u015b\u0107 r\u0105czki: 10,92 cm<br \/>\nGrubo\u015b\u0107 r\u0105czki: 1,17 cm<br \/>\nMateria\u0142 r\u0119koje\u015bci: aluminium<br \/>\nWaga: 3,06 uncji<br \/>\nU\u017cytkownik: Prawa r\u0119ka<br \/>\nKlips kieszonkowy: sk\u0142adany w d\u00f3\u0142<br \/>\nTyp no\u017ca: Automatyczny OTF Double Action<br \/>\nOtwieracz: kciuk<br \/>\nMarka: Microtech<br \/>\nModel: UTX-85<br \/>\nKraj pochodzenia: USA<br \/>\nNajlepsze zastosowanie: taktyczne<\/p>\n<p><iframe title=\"Microtech Combat Troodon Torture Test\" width=\"800\" height=\"450\" src=\"https:\/\/www.youtube.com\/embed\/xE9TeOFYEjg?feature=oembed\" frameborder=\"0\" allow=\"accelerometer; autoplay; clipboard-write; encrypted-media; gyroscope; picture-in-picture; web-share\" allowfullscreen><\/iframe><\/p>\n<p>&nbsp;<\/p>\n<p>&nbsp;<\/p>\n<p><strong>UTX-70<\/strong> (15% mniejszy ni\u017c UTX-85) to automatyczny mini n\u00f3\u017c o podw\u00f3jnym dzia\u0142aniu firmy Microtech, kt\u00f3ry jest jednym z najbardziej przyjaznych do codziennego noszenia. Niewielki rozmiar idealnie nadaje si\u0119 do kieszeni zegarka lub nawet breloczka do kluczy. Ta wersja ma czerwone wyprofilowane uchwyty i g\u0142adkie satynowe ostrze Double Edge CTS-204P.<\/p>\n<p>Fabrycznie nowe, prosto od <strong>Microtech Knives<\/strong> , USA.<\/p>\n<p>Ostrze: Wyposa\u017cone w jasne, satynowe wyko\u0144czenie maszynowe, podw\u00f3jne ostrze ma dwie ostre jak brzytwa g\u0142adkie kraw\u0119dzie tn\u0105ce. Ostrze przypominaj\u0105ce sztylet wykonano z wysokowydajnej ameryka\u0144skiej stali nierdzewnej CTS-204P. Ostrze o \u015brednicy poni\u017cej 2,5 cala (6,35 cm) jest wyposa\u017cone w mechanizm otwierania i cofania o podw\u00f3jnym dzia\u0142aniu. Wystarczy przesun\u0105\u0107 suwak kciuka z boku uchwytu w g\u00f3r\u0119, aby roz\u0142o\u017cy\u0107 i w d\u00f3\u0142, aby schowa\u0107. Wewn\u0119trzna spr\u0119\u017cyna pozostaje w spoczynku zar\u00f3wno w pozycji otwartej, jak i zamkni\u0119tej, aby zmniejszy\u0107 zu\u017cycie. Akcja jest p\u0142ynna i szybka.<\/p>\n<p>R\u0119koje\u015b\u0107: G\u0142adkie, anodowane na czerwono aluminium 6061-T6 ma ulepszone zaokr\u0105glone kraw\u0119dzie, co zapewnia nie tylko wygodne trzymanie w d\u0142oni, ale tak\u017ce p\u0142ynne wchodzenie i wychodzenie z kieszeni. Poniewa\u017c <strong>UTX-70<\/strong> jest znacznie mniejszy i cie\u0144szy, pomini\u0119to \u0142\u0105czniki, aby uzyska\u0107 czystszy wygl\u0105d. To automat typu OTF dla d\u017centelmen\u00f3w. Wyprofilowany uchwyt jest przyjemny dla d\u0142oni i oczu. Konstrukcj\u0119 r\u0119koje\u015bci uzupe\u0142niaj\u0105 autorskie okucia firmy Microtech, ko\u0144c\u00f3wka do zbijania szk\u0142a oraz piaskowany klips kieszeniowy z indywidualnym numerem seryjnym\/dat\u0105 produkcji.<\/p>\n<p>CTS-204P: Wysoce odporna na zu\u017cycie stal nierdzewna wykonana metod\u0105 metalurgii proszk\u00f3w, CTS-204P charakteryzuje si\u0119 jednymi z najwy\u017cszych dost\u0119pnych parametr\u00f3w zachowania kraw\u0119dzi i odporno\u015bci na korozj\u0119. CTS-204P ma podobn\u0105 wydajno\u015b\u0107 do CPM-20CV i M390 Bohlera.<\/p>\n<p>Dane techniczne<br \/>\nDane techniczne<br \/>\nD\u0142ugo\u015b\u0107 ca\u0142kowita 5,94 cala<br \/>\nD\u0142ugo\u015b\u0107 ostrza 2,41&#8243;<br \/>\nZaostrzona d\u0142ugo\u015b\u0107 2,25&#8243;<br \/>\nGrubo\u015b\u0107 ostrza 0,08&#8243;<br \/>\nMateria\u0142 ostrza CTS-204P<br \/>\nTyp ostrza Stal nierdzewna<br \/>\nD\u0142ugo\u015b\u0107 zamkni\u0119ta 3,53&#8243;<br \/>\nGrubo\u015b\u0107 r\u0119koje\u015bci 0,32&#8243;<br \/>\nMateria\u0142 r\u0119koje\u015bci Aluminium<br \/>\nKlip ze stali nierdzewnej<br \/>\nWaga 1,20 uncji<br \/>\nKraj produkcji Stany Zjednoczone<\/p>\n<p>&nbsp;<\/p>\n","protected":false},"excerpt":{"rendered":"<p>Przez lata <strong>Microtech\u00ae Knives<\/strong> wype\u0142nia\u0142 no\u017ce pasj\u0105 i umiej\u0119tno\u015bciami, aby stworzy\u0107 niemal dzie\u0142a sztuki, kt\u00f3re s\u0105 szczytem funkcjonalno\u015bci.Wszystkie cz\u0119\u015bci s\u0105 produkowane w USA.<br \/>\n<strong>Wszystkie no\u017ce Microtech obj\u0119te s\u0105 do\u017cywotni\u0105 gwarancj\u0105.<\/strong><\/p>\n<p><strong>Bezp\u0142atny transport.<\/strong><\/p>\n","protected":false},"featured_media":306418,"comment_status":"open","ping_status":"closed","template":"","meta":[],"pwb-brand":[3279],"product_brand":[],"product_cat":[3296,3344],"product_tag":[3671],"class_list":{"0":"post-306416","1":"product","2":"type-product","3":"status-publish","4":"has-post-thumbnail","6":"pwb-brand-microtech-pl","7":"product_cat-noze-pl","8":"product_cat-noze-strzeleckie","9":"product_tag-b2b-pl","11":"first","12":"instock","13":"taxable","14":"shipping-taxable","15":"purchasable","16":"product-type-simple"},"brands":[{"id":3279,"name":"Microtech","slug":"microtech-pl"}],"_links":{"self":[{"href":"https:\/\/www.moskito.cz\/pl\/wp-json\/wp\/v2\/product\/306416","targetHints":{"allow":["GET"]}}],"collection":[{"href":"https:\/\/www.moskito.cz\/pl\/wp-json\/wp\/v2\/product"}],"about":[{"href":"https:\/\/www.moskito.cz\/pl\/wp-json\/wp\/v2\/types\/product"}],"replies":[{"embeddable":true,"href":"https:\/\/www.moskito.cz\/pl\/wp-json\/wp\/v2\/comments?post=306416"}],"wp:featuredmedia":[{"embeddable":true,"href":"https:\/\/www.moskito.cz\/pl\/wp-json\/wp\/v2\/media\/306418"}],"wp:attachment":[{"href":"https:\/\/www.moskito.cz\/pl\/wp-json\/wp\/v2\/media?parent=306416"}],"wp:term":[{"taxonomy":"pwb-brand","embeddable":true,"href":"https:\/\/www.moskito.cz\/pl\/wp-json\/wp\/v2\/pwb-brand?post=306416"},{"taxonomy":"product_brand","embeddable":true,"href":"https:\/\/www.moskito.cz\/pl\/wp-json\/wp\/v2\/product_brand?post=306416"},{"taxonomy":"product_cat","embeddable":true,"href":"https:\/\/www.moskito.cz\/pl\/wp-json\/wp\/v2\/product_cat?post=306416"},{"taxonomy":"product_tag","embeddable":true,"href":"https:\/\/www.moskito.cz\/pl\/wp-json\/wp\/v2\/product_tag?post=306416"}],"curies":[{"name":"wp","href":"https:\/\/api.w.org\/{rel}","templated":true}]}}