{"id":306421,"date":"2019-04-14T17:07:19","date_gmt":"2024-02-05T20:30:51","guid":{"rendered":"https:\/\/www.moskito.cz\/produkt\/noz-skladany-boker-bone-ii-damascus\/"},"modified":"2025-07-11T07:48:29","modified_gmt":"2025-07-11T06:48:29","slug":"noz-skladany-boker-bone-ii-damascus","status":"publish","type":"product","link":"https:\/\/www.moskito.cz\/pl\/produkt\/noz-skladany-boker-bone-ii-damascus\/","title":{"rendered":"N\u00f3\u017c sk\u0142adany B\u00f6ker BONE II Damascus"},"content":{"rendered":"<p>N\u00f3\u017c sk\u0142adany B\u00f6ker BONE II <strong>Damascus<\/strong> .<\/p>\n<p><span class=\"tlid-translation translation\" lang=\"cs\"><span title=\"\">D\u0142ugo\u015b\u0107: 13,7 cm<\/span><br \/>\n <span title=\"\">D\u0142ugo\u015b\u0107 ostrza: 5,7 cm<\/span><br \/>\n <span class=\"\" title=\"\">Stal lufowa: Stal damasce\u0144ska &#8211; Stal damasce\u0144ska (71 warstw)<\/span><br \/>\n <span title=\"\">Materia\u0142 korpusu: KO\u015a\u0106<\/span><br \/>\n <span title=\"\">Waga: 62 gramy<\/span><br \/>\n <span title=\"\">Mechanizm blokuj\u0105cy: BLOKADA TYLNA<\/span><br \/>\n <span class=\"\" title=\"\">Projektant: B\u00d6KER MANUFAKTUR W SOL\u0130NGEN<\/span><\/span><\/p>\n<p>B\u00d6KER\u00ae to niemiecka firma produkuj\u0105ca no\u017ce najwy\u017cszej jako\u015bci. No\u017ce ze sta\u0142ym ostrzem, no\u017ce sk\u0142adane, no\u017ce kuchenne i stojaki, ze wzgl\u0119du na swoj\u0105 wyj\u0105tkow\u0105 jako\u015b\u0107, pokocha\u0142o wielu klient\u00f3w z ca\u0142ego \u015bwiata. Wszystkie no\u017ce wykonane s\u0105 z najlepszych, trwa\u0142ych materia\u0142\u00f3w i b\u0119d\u0105 niezast\u0105pionym pomocnikiem w domu, w warsztacie, na polowaniu i na wycieczce na \u0142ono natury.<\/p>\n","protected":false},"excerpt":{"rendered":"<p><strong>B\u00d6KER\u00ae<\/strong> to niemiecka firma produkuj\u0105ca no\u017ce najwy\u017cszej jako\u015bci. No\u017ce ze sta\u0142ym ostrzem, no\u017ce sk\u0142adane, no\u017ce kuchenne i stojaki, ze wzgl\u0119du na swoj\u0105 wyj\u0105tkow\u0105 jako\u015b\u0107, pokocha\u0142o wielu klient\u00f3w z ca\u0142ego \u015bwiata.  <\/p>\n","protected":false},"featured_media":190046,"comment_status":"open","ping_status":"closed","template":"","meta":[],"pwb-brand":[3423],"product_brand":[],"product_cat":[3296,3421],"product_tag":[3671],"class_list":{"0":"post-306421","1":"product","2":"type-product","3":"status-publish","4":"has-post-thumbnail","6":"pwb-brand-bokera","7":"product_cat-noze-pl","8":"product_cat-noze-damascenskie","9":"product_tag-b2b-pl","11":"first","12":"instock","13":"taxable","14":"shipping-taxable","15":"purchasable","16":"product-type-simple"},"brands":[{"id":3423,"name":"Bokera","slug":"bokera"}],"_links":{"self":[{"href":"https:\/\/www.moskito.cz\/pl\/wp-json\/wp\/v2\/product\/306421","targetHints":{"allow":["GET"]}}],"collection":[{"href":"https:\/\/www.moskito.cz\/pl\/wp-json\/wp\/v2\/product"}],"about":[{"href":"https:\/\/www.moskito.cz\/pl\/wp-json\/wp\/v2\/types\/product"}],"replies":[{"embeddable":true,"href":"https:\/\/www.moskito.cz\/pl\/wp-json\/wp\/v2\/comments?post=306421"}],"wp:featuredmedia":[{"embeddable":true,"href":"https:\/\/www.moskito.cz\/pl\/wp-json\/wp\/v2\/media\/190046"}],"wp:attachment":[{"href":"https:\/\/www.moskito.cz\/pl\/wp-json\/wp\/v2\/media?parent=306421"}],"wp:term":[{"taxonomy":"pwb-brand","embeddable":true,"href":"https:\/\/www.moskito.cz\/pl\/wp-json\/wp\/v2\/pwb-brand?post=306421"},{"taxonomy":"product_brand","embeddable":true,"href":"https:\/\/www.moskito.cz\/pl\/wp-json\/wp\/v2\/product_brand?post=306421"},{"taxonomy":"product_cat","embeddable":true,"href":"https:\/\/www.moskito.cz\/pl\/wp-json\/wp\/v2\/product_cat?post=306421"},{"taxonomy":"product_tag","embeddable":true,"href":"https:\/\/www.moskito.cz\/pl\/wp-json\/wp\/v2\/product_tag?post=306421"}],"curies":[{"name":"wp","href":"https:\/\/api.w.org\/{rel}","templated":true}]}}