{"id":306502,"date":"2022-04-09T21:11:38","date_gmt":"2024-02-05T20:36:34","guid":{"rendered":"https:\/\/www.moskito.cz\/produkt\/naprawiono-noz-microtech-bastinelli-apocalyptic-215-10aps\/"},"modified":"2025-05-07T10:56:19","modified_gmt":"2025-05-07T09:56:19","slug":"naprawiono-noz-microtech-bastinelli-apocalyptic-215-10aps","status":"publish","type":"product","link":"https:\/\/www.moskito.cz\/pl\/produkt\/naprawiono-noz-microtech-bastinelli-apocalyptic-215-10aps\/","title":{"rendered":"Naprawiono n\u00f3\u017c Microtech\/Bastinelli Apocalyptic 215-10APS"},"content":{"rendered":"<p>Naprawiono n\u00f3\u017c <strong>Microtech\/Bastinelli<\/strong> Apocalyptic 215-10APS<\/p>\n<p><strong>Feather<\/strong> to rodzaj no\u017ca, kt\u00f3ry po prostu wykonuje swoj\u0105 prac\u0119. \u017badnych dodatk\u00f3w, dzwonk\u00f3w i gwizdk\u00f3w, to obrobiony maszynowo kawa\u0142ek stali narz\u0119dziowej D2 z niszczycielskim ostrzem typu jastrz\u0119bi, ma\u0142ym pier\u015bcieniem i doskona\u0142\u0105 faktur\u0105 na r\u0119koje\u015bci. To jednocz\u0119\u015bciowe sta\u0142e ostrze mo\u017cna b\u0142yskawicznie zdemontowa\u0107 i rozpocz\u0105\u0107 natychmiastow\u0105 prac\u0119. Do\u0142\u0105czona pochwa z kydexu ci\u0119ta ciernie posiada dyskretny klips do noszenia (IWB), kt\u00f3ry utrzymuje n\u00f3\u017c pod r\u0119k\u0105 i gotowy do uderzenia. \u015awietnie sprawdza si\u0119 w scenariuszu taktycznym ostatniej szansy, ale sprawdza si\u0119 r\u00f3wnie dobrze jako ostrze sta\u0142e do codziennego noszenia.<\/p>\n<p>Dane techniczne<br \/>\nD\u0142ugo\u015b\u0107 ostrza: 7,5 cm<br \/>\nD\u0142ugo\u015b\u0107 ca\u0142kowita: 20 cm<br \/>\nMateria\u0142 ostrza: Stal narz\u0119dziowa D2<br \/>\nStyl ostrza: Hawkbill<br \/>\nSzlif ostrza: p\u0142aski<br \/>\nWyko\u0144czenie ostrza: Apocalyptic Stonewash<br \/>\nMateria\u0142 r\u0119koje\u015bci: stal narz\u0119dziowa D2<br \/>\nMateria\u0142 os\u0142ony: Kydex z klipsem IWB<br \/>\nWaga: 2,4 uncji<br \/>\nWaga z etui: 3,7 uncji.<br \/>\nWykonane w USA<\/p>\n<p><iframe title=\"Microtech Combat Troodon Torture Test\" width=\"800\" height=\"450\" src=\"https:\/\/www.youtube.com\/embed\/xE9TeOFYEjg?feature=oembed\" frameborder=\"0\" allow=\"accelerometer; autoplay; clipboard-write; encrypted-media; gyroscope; picture-in-picture; web-share\" allowfullscreen><\/iframe><\/p>\n<p>&nbsp;<\/p>\n","protected":false},"excerpt":{"rendered":"<p><strong>Przez lata Microtech\u00ae Knives wype\u0142nia\u0142 no\u017ce pasj\u0105 i umiej\u0119tno\u015bciami, aby tworzy\u0107 niemal dzie\u0142a sztuki, kt\u00f3re s\u0105 szczytem funkcjonalno\u015bci. Wszystkie cz\u0119\u015bci wyprodukowano w USA.<\/strong><br \/>\n<strong>Wszystkie no\u017ce Microtech obj\u0119te s\u0105 do\u017cywotni\u0105 gwarancj\u0105.<\/strong><\/p>\n<p><strong>Bezp\u0142atny transport.<\/strong><\/p>\n","protected":false},"featured_media":306509,"comment_status":"open","ping_status":"closed","template":"","meta":[],"pwb-brand":[],"product_brand":[],"product_cat":[3297,3296],"product_tag":[3671],"class_list":{"0":"post-306502","1":"product","2":"type-product","3":"status-publish","4":"has-post-thumbnail","6":"product_cat-solidne-noze","7":"product_cat-noze-pl","8":"product_tag-b2b-pl","10":"first","11":"instock","12":"sale","13":"taxable","14":"shipping-taxable","15":"purchasable","16":"product-type-simple"},"brands":[],"_links":{"self":[{"href":"https:\/\/www.moskito.cz\/pl\/wp-json\/wp\/v2\/product\/306502","targetHints":{"allow":["GET"]}}],"collection":[{"href":"https:\/\/www.moskito.cz\/pl\/wp-json\/wp\/v2\/product"}],"about":[{"href":"https:\/\/www.moskito.cz\/pl\/wp-json\/wp\/v2\/types\/product"}],"replies":[{"embeddable":true,"href":"https:\/\/www.moskito.cz\/pl\/wp-json\/wp\/v2\/comments?post=306502"}],"wp:featuredmedia":[{"embeddable":true,"href":"https:\/\/www.moskito.cz\/pl\/wp-json\/wp\/v2\/media\/306509"}],"wp:attachment":[{"href":"https:\/\/www.moskito.cz\/pl\/wp-json\/wp\/v2\/media?parent=306502"}],"wp:term":[{"taxonomy":"pwb-brand","embeddable":true,"href":"https:\/\/www.moskito.cz\/pl\/wp-json\/wp\/v2\/pwb-brand?post=306502"},{"taxonomy":"product_brand","embeddable":true,"href":"https:\/\/www.moskito.cz\/pl\/wp-json\/wp\/v2\/product_brand?post=306502"},{"taxonomy":"product_cat","embeddable":true,"href":"https:\/\/www.moskito.cz\/pl\/wp-json\/wp\/v2\/product_cat?post=306502"},{"taxonomy":"product_tag","embeddable":true,"href":"https:\/\/www.moskito.cz\/pl\/wp-json\/wp\/v2\/product_tag?post=306502"}],"curies":[{"name":"wp","href":"https:\/\/api.w.org\/{rel}","templated":true}]}}