{"id":306549,"date":"2019-04-19T13:45:06","date_gmt":"2024-02-05T20:37:07","guid":{"rendered":"https:\/\/www.moskito.cz\/produkt\/noz-mysliwski-joker-cc33\/"},"modified":"2025-07-11T07:48:40","modified_gmt":"2025-07-11T06:48:40","slug":"noz-mysliwski-joker-cc33","status":"publish","type":"product","link":"https:\/\/www.moskito.cz\/pl\/produkt\/noz-mysliwski-joker-cc33\/","title":{"rendered":"N\u00f3\u017c my\u015bliwski Joker CC33"},"content":{"rendered":"<p>N\u00f3\u017c my\u015bliwski <strong>Joker<\/strong> CC33.<\/p>\n<p>&nbsp;<\/p>\n<p><span class=\"tlid-translation translation\" lang=\"cs\"><span title=\"\">Stal: molibdenowo-wanadowa<\/span><br \/>\n<span title=\"\">Ochrona: Inox<\/span><br \/>\n<span title=\"\">Etui: Sk\u00f3ra<\/span><br \/>\n<span title=\"\">R\u0119koje\u015b\u0107: poro\u017ce jelenia<\/span><br \/>\n<span title=\"\">D\u0142ugo\u015b\u0107 ostrza: 14 cm &#8211; 230 gr<br \/>\n<\/span><\/span><\/p>\n<p>No\u017ce Joker pochodz\u0105 z hiszpa\u0144skiego miasta Albacete, kt\u00f3re s\u0142ynie z tradycyjnej produkcji no\u017cy i sztylet\u00f3w.<\/p>\n","protected":false},"excerpt":{"rendered":"<p>No\u017ce <strong>Joker<\/strong> pochodz\u0105 z hiszpa\u0144skiego miasta Albacete, kt\u00f3re s\u0142ynie z produkcji no\u017cy.<br \/>\nKlasyczny n\u00f3\u017c my\u015bliwski. Wszystkie elementy no\u017ca wykonane s\u0105 z bardzo wytrzyma\u0142ej stali nierdzewnej.<\/p>\n","protected":false},"featured_media":190480,"comment_status":"open","ping_status":"closed","template":"","meta":[],"pwb-brand":[3393],"product_brand":[],"product_cat":[3296,3297],"product_tag":[],"class_list":{"0":"post-306549","1":"product","2":"type-product","3":"status-publish","4":"has-post-thumbnail","6":"pwb-brand-zartownis","7":"product_cat-noze-pl","8":"product_cat-solidne-noze","10":"first","11":"instock","12":"taxable","13":"shipping-taxable","14":"purchasable","15":"product-type-simple"},"brands":[{"id":3393,"name":"\u017bartowni\u015b","slug":"zartownis"}],"_links":{"self":[{"href":"https:\/\/www.moskito.cz\/pl\/wp-json\/wp\/v2\/product\/306549","targetHints":{"allow":["GET"]}}],"collection":[{"href":"https:\/\/www.moskito.cz\/pl\/wp-json\/wp\/v2\/product"}],"about":[{"href":"https:\/\/www.moskito.cz\/pl\/wp-json\/wp\/v2\/types\/product"}],"replies":[{"embeddable":true,"href":"https:\/\/www.moskito.cz\/pl\/wp-json\/wp\/v2\/comments?post=306549"}],"wp:featuredmedia":[{"embeddable":true,"href":"https:\/\/www.moskito.cz\/pl\/wp-json\/wp\/v2\/media\/190480"}],"wp:attachment":[{"href":"https:\/\/www.moskito.cz\/pl\/wp-json\/wp\/v2\/media?parent=306549"}],"wp:term":[{"taxonomy":"pwb-brand","embeddable":true,"href":"https:\/\/www.moskito.cz\/pl\/wp-json\/wp\/v2\/pwb-brand?post=306549"},{"taxonomy":"product_brand","embeddable":true,"href":"https:\/\/www.moskito.cz\/pl\/wp-json\/wp\/v2\/product_brand?post=306549"},{"taxonomy":"product_cat","embeddable":true,"href":"https:\/\/www.moskito.cz\/pl\/wp-json\/wp\/v2\/product_cat?post=306549"},{"taxonomy":"product_tag","embeddable":true,"href":"https:\/\/www.moskito.cz\/pl\/wp-json\/wp\/v2\/product_tag?post=306549"}],"curies":[{"name":"wp","href":"https:\/\/api.w.org\/{rel}","templated":true}]}}