{"id":306584,"date":"2019-04-19T14:19:51","date_gmt":"2024-02-05T20:37:16","guid":{"rendered":"https:\/\/www.moskito.cz\/produkt\/noz-mysliwski-joker-cc68\/"},"modified":"2025-07-11T07:48:41","modified_gmt":"2025-07-11T06:48:41","slug":"noz-mysliwski-joker-cc68","status":"publish","type":"product","link":"https:\/\/www.moskito.cz\/pl\/produkt\/noz-mysliwski-joker-cc68\/","title":{"rendered":"N\u00f3\u017c my\u015bliwski Joker CC68"},"content":{"rendered":"<p><span class=\"tlid-translation translation\" lang=\"cs\"><span class=\"\" title=\"\">N\u00f3\u017c my\u015bliwski Joker CC68<\/span><\/span><\/p>\n<p><span class=\"tlid-translation translation\" lang=\"cs\"><span class=\"\" title=\"\">Ostrze: molibdenowo-wanadowe<\/span><br \/>\n<span class=\"\" title=\"\"><span title=\"\">Ochrona:<\/span> : Inox<\/span><br \/>\n<span class=\"\" title=\"\"><span title=\"\">Etui:<\/span> Sk\u00f3ra<\/span><br \/>\n<span title=\"\">R\u0119koje\u015b\u0107: Jele\u0144<\/span> i poro\u017ce<br \/>\n<span class=\"\" title=\"\"><span title=\"\">D\u0142ugo\u015b\u0107 ostrza:<\/span> 9 cm &#8211; 135 gr<br \/>\n<\/span><\/span><\/p>\n<p>No\u017ce Joker pochodz\u0105 z hiszpa\u0144skiego miasta Albacete, kt\u00f3re s\u0142ynie z tradycyjnej produkcji no\u017cy i sztylet\u00f3w.<\/p>\n","protected":false},"excerpt":{"rendered":"<p>No\u017ce <strong>Joker<\/strong> pochodz\u0105 z hiszpa\u0144skiego miasta Albacete, kt\u00f3re s\u0142ynie z produkcji no\u017cy.<br \/>\nKlasyczny n\u00f3\u017c my\u015bliwski. Wszystkie elementy no\u017ca wykonane s\u0105 z bardzo wytrzyma\u0142ej stali nierdzewnej.<\/p>\n","protected":false},"featured_media":190483,"comment_status":"open","ping_status":"closed","template":"","meta":[],"pwb-brand":[3393],"product_brand":[],"product_cat":[3296,3297],"product_tag":[],"class_list":{"0":"post-306584","1":"product","2":"type-product","3":"status-publish","4":"has-post-thumbnail","6":"pwb-brand-zartownis","7":"product_cat-noze-pl","8":"product_cat-solidne-noze","10":"first","11":"instock","12":"taxable","13":"shipping-taxable","14":"purchasable","15":"product-type-simple"},"brands":[{"id":3393,"name":"\u017bartowni\u015b","slug":"zartownis"}],"_links":{"self":[{"href":"https:\/\/www.moskito.cz\/pl\/wp-json\/wp\/v2\/product\/306584","targetHints":{"allow":["GET"]}}],"collection":[{"href":"https:\/\/www.moskito.cz\/pl\/wp-json\/wp\/v2\/product"}],"about":[{"href":"https:\/\/www.moskito.cz\/pl\/wp-json\/wp\/v2\/types\/product"}],"replies":[{"embeddable":true,"href":"https:\/\/www.moskito.cz\/pl\/wp-json\/wp\/v2\/comments?post=306584"}],"wp:featuredmedia":[{"embeddable":true,"href":"https:\/\/www.moskito.cz\/pl\/wp-json\/wp\/v2\/media\/190483"}],"wp:attachment":[{"href":"https:\/\/www.moskito.cz\/pl\/wp-json\/wp\/v2\/media?parent=306584"}],"wp:term":[{"taxonomy":"pwb-brand","embeddable":true,"href":"https:\/\/www.moskito.cz\/pl\/wp-json\/wp\/v2\/pwb-brand?post=306584"},{"taxonomy":"product_brand","embeddable":true,"href":"https:\/\/www.moskito.cz\/pl\/wp-json\/wp\/v2\/product_brand?post=306584"},{"taxonomy":"product_cat","embeddable":true,"href":"https:\/\/www.moskito.cz\/pl\/wp-json\/wp\/v2\/product_cat?post=306584"},{"taxonomy":"product_tag","embeddable":true,"href":"https:\/\/www.moskito.cz\/pl\/wp-json\/wp\/v2\/product_tag?post=306584"}],"curies":[{"name":"wp","href":"https:\/\/api.w.org\/{rel}","templated":true}]}}