{"id":306589,"date":"2022-04-09T16:59:07","date_gmt":"2024-02-05T20:37:17","guid":{"rendered":"https:\/\/www.moskito.cz\/produkt\/noz-strzelecki-microtech-hera-bronzed-702-15\/"},"modified":"2025-05-07T10:56:31","modified_gmt":"2025-05-07T09:56:31","slug":"noz-strzelecki-microtech-hera-bronzed-702-15","status":"publish","type":"product","link":"https:\/\/www.moskito.cz\/pl\/produkt\/noz-strzelecki-microtech-hera-bronzed-702-15\/","title":{"rendered":"N\u00f3\u017c strzelecki Microtech Hera Bronzed 702-15"},"content":{"rendered":"<p>N\u00f3\u017c strzelecki <strong>Microtech<\/strong> Hera Bronzed 702-15.<\/p>\n<p>Mikrotech HERA D\/E 702-10<br \/>\nHera to pi\u0119kny przedni automat o podw\u00f3jnym dzia\u0142aniu, z kszta\u0142tem ramy lu\u017ano opartym na projekcie Troodon. Jest jednak bardziej ergonomiczny i naszym zdaniem ma poprawiony wygl\u0105d. Wszystko w tym projekcie krzyczy zar\u00f3wno wyrafinowaniem, jak i funkcjonalno\u015bci\u0105. Jest to jeden z najlepszych wszechstronnych modeli automatycznych OTF o rozmiarze odpowiednim do codziennego noszenia.<\/p>\n<p>&nbsp;<\/p>\n<p>Dane techniczne<br \/>\nD\u0142ugo\u015b\u0107 ostrza: 8 cm<br \/>\nD\u0142ugo\u015b\u0107 ca\u0142kowita: 19 cm<br \/>\n<strong>Stal: M390<\/strong><br \/>\nStyl ostrza: sztylet o podw\u00f3jnym ostrzu<br \/>\nSzlif ostrza: p\u0142aski<br \/>\nObr\u00f3bka powierzchni ostrza: Stonewash<br \/>\nMateria\u0142 r\u0119koje\u015bci: aluminium lotnicze anodyzowane na czarno<br \/>\nMechanizm blokuj\u0105cy: suwak kciukowy<br \/>\nKieszonkowy klips: tytanowy (sk\u0142adany, prawy)<br \/>\nProjektanci: Tony i Sean Marfione<br \/>\nWykonane w USA<\/p>\n<p><iframe title=\"Microtech Combat Troodon Torture Test\" width=\"800\" height=\"450\" src=\"https:\/\/www.youtube.com\/embed\/xE9TeOFYEjg?feature=oembed\" frameborder=\"0\" allow=\"accelerometer; autoplay; clipboard-write; encrypted-media; gyroscope; picture-in-picture; web-share\" allowfullscreen><\/iframe><\/p>\n<p>Mikrotech HERA D\/E 702-10<br \/>\nHera to pi\u0119kny automat o podw\u00f3jnym dzia\u0142aniu z przodu, z kszta\u0142tem ramy lu\u017ano opartym na projekcie Troodon. Jest jednak bardziej ergonomiczny, z obrobionymi \u0142atami na ko\u0144cach, co naszym zdaniem zapewnia lepszy zakup i lepszy wygl\u0105d. Wszystko w tym projekcie krzyczy zar\u00f3wno wyrafinowaniem, jak i funkcjonalno\u015bci\u0105. Jest to jedna z najlepszych, wszechstronnych konstrukcji automatycznych OTF, sprawdzaj\u0105ca si\u0119 w niezwykle zat\u0142oczonym terenie, a jej rozmiar jest odpowiedni do codziennego noszenia.<\/p>\n<p>Dane techniczne<br \/>\nD\u0142ugo\u015b\u0107 ostrza: 3,125&#8243;<br \/>\nKraw\u0119d\u017a tn\u0105ca: 2,95 cala<br \/>\nD\u0142ugo\u015b\u0107 zamkni\u0119ta: 4,375 cala<br \/>\nD\u0142ugo\u015b\u0107 ca\u0142kowita: 7,50 cala<br \/>\nMateria\u0142 ostrza: Nale\u017cy pami\u0119ta\u0107, \u017ce nie mo\u017cna okre\u015bli\u0107 stali ostrza, poniewa\u017c mo\u017ce ona ulec zmianie w zale\u017cno\u015bci od dost\u0119pno\u015bci (informacje od Microtech)<br \/>\nGrubo\u015b\u0107 ostrza: 0,094 cala<br \/>\nStyl ostrza: sztylet o podw\u00f3jnym ostrzu<br \/>\nSzlif ostrza: p\u0142aski<br \/>\nMateria\u0142 r\u0119koje\u015bci: aluminium lotnicze anodyzowane na czarno<br \/>\nGrubo\u015b\u0107 r\u0119koje\u015bci: 0,403&#8243;<br \/>\nMechanizm blokuj\u0105cy: suwak kciukowy<br \/>\nKieszonkowy klips: tytan (odchylany do do\u0142u, noszony po prawej stronie)<br \/>\nWaga: 3,10 uncji<br \/>\nProjektanci: Tony i Sean Marfione<br \/>\nWyprodukowano w USA<\/p>\n","protected":false},"excerpt":{"rendered":"<p>Przez lata <strong>Microtech\u00ae<\/strong> Knives wype\u0142nia\u0142 no\u017ce pasj\u0105 i umiej\u0119tno\u015bciami, aby tworzy\u0107 niemal dzie\u0142a sztuki, kt\u00f3re s\u0105 szczytem funkcjonalno\u015bci.Wszystkie cz\u0119\u015bci s\u0105 produkowane w USA.<br \/>\n<strong>Wszystkie no\u017ce Microtech obj\u0119te s\u0105 do\u017cywotni\u0105 gwarancj\u0105 (min. 80 000 cykli, otwieranie i zamykanie)<\/strong><\/p>\n<p><strong>Bezp\u0142atny transport.<\/strong><\/p>\n","protected":false},"featured_media":306591,"comment_status":"open","ping_status":"closed","template":"","meta":[],"pwb-brand":[3279],"product_brand":[],"product_cat":[3296,3344],"product_tag":[3671],"class_list":{"0":"post-306589","1":"product","2":"type-product","3":"status-publish","4":"has-post-thumbnail","6":"pwb-brand-microtech-pl","7":"product_cat-noze-pl","8":"product_cat-noze-strzeleckie","9":"product_tag-b2b-pl","11":"first","12":"instock","13":"taxable","14":"shipping-taxable","15":"purchasable","16":"product-type-simple"},"brands":[{"id":3279,"name":"Microtech","slug":"microtech-pl"}],"_links":{"self":[{"href":"https:\/\/www.moskito.cz\/pl\/wp-json\/wp\/v2\/product\/306589","targetHints":{"allow":["GET"]}}],"collection":[{"href":"https:\/\/www.moskito.cz\/pl\/wp-json\/wp\/v2\/product"}],"about":[{"href":"https:\/\/www.moskito.cz\/pl\/wp-json\/wp\/v2\/types\/product"}],"replies":[{"embeddable":true,"href":"https:\/\/www.moskito.cz\/pl\/wp-json\/wp\/v2\/comments?post=306589"}],"wp:featuredmedia":[{"embeddable":true,"href":"https:\/\/www.moskito.cz\/pl\/wp-json\/wp\/v2\/media\/306591"}],"wp:attachment":[{"href":"https:\/\/www.moskito.cz\/pl\/wp-json\/wp\/v2\/media?parent=306589"}],"wp:term":[{"taxonomy":"pwb-brand","embeddable":true,"href":"https:\/\/www.moskito.cz\/pl\/wp-json\/wp\/v2\/pwb-brand?post=306589"},{"taxonomy":"product_brand","embeddable":true,"href":"https:\/\/www.moskito.cz\/pl\/wp-json\/wp\/v2\/product_brand?post=306589"},{"taxonomy":"product_cat","embeddable":true,"href":"https:\/\/www.moskito.cz\/pl\/wp-json\/wp\/v2\/product_cat?post=306589"},{"taxonomy":"product_tag","embeddable":true,"href":"https:\/\/www.moskito.cz\/pl\/wp-json\/wp\/v2\/product_tag?post=306589"}],"curies":[{"name":"wp","href":"https:\/\/api.w.org\/{rel}","templated":true}]}}