{"id":306601,"date":"2019-04-21T10:22:52","date_gmt":"2024-02-05T20:37:41","guid":{"rendered":"https:\/\/www.moskito.cz\/produkt\/noz-zamykany-joker-nr50\/"},"modified":"2025-07-11T07:48:44","modified_gmt":"2025-07-11T06:48:44","slug":"noz-zamykany-joker-nr50","status":"publish","type":"product","link":"https:\/\/www.moskito.cz\/pl\/produkt\/noz-zamykany-joker-nr50\/","title":{"rendered":"N\u00f3\u017c zamykany Joker NR50"},"content":{"rendered":"<p>N\u00f3\u017c zamykany <strong>Joker<\/strong> NR50.<\/p>\n<p><span class=\"tlid-translation translation\" lang=\"cs\"><span title=\"\">Ostrze: <span class=\"\" title=\"\">molibdenowo-wanadowe<\/span><br \/>\nR\u0119koje\u015b\u0107: <span class=\"\" title=\"\">Redwood<\/span><\/span><\/span><\/p>\n<p><span class=\"tlid-translation translation\" lang=\"cs\"><span title=\"\"><span class=\"\" title=\"\">D\u0142ugo\u015b\u0107 ostrza:<\/span> <span class=\"\" title=\"\">9 cm &#8211; 135 gr<\/span><br \/>\n<\/span><\/span><\/p>\n<p>No\u017ce Joker pochodz\u0105 z hiszpa\u0144skiego miasta Albacete, kt\u00f3re s\u0142ynie z tradycyjnej produkcji no\u017cy i sztylet\u00f3w.<\/p>\n<p>N\u00d3\u017b SK\u0141ADANY JOKER COCKER SKINNER Z R\u0104CZK\u0104 Z CZERWONEGO DREWNA WSPORNIK SS I D\u0141UGO\u015a\u0106 OSTRZA 9 CM.<br \/>\nNR50<br \/>\nCechy produktu:<\/p>\n<p>Ostrze: molibdenowo-wanadowe<br \/>\nWa\u0142ek: SS<br \/>\nR\u0119koje\u015b\u0107: Stamina (Madera Roja)<br \/>\n9 cm &#8211; 135 gr<\/p>\n","protected":false},"excerpt":{"rendered":"<p>No\u017ce Joker pochodz\u0105 z hiszpa\u0144skiego miasta Albacete, kt\u00f3re s\u0142ynie z tradycyjnej produkcji no\u017cy i sztylet\u00f3w.<br \/>\n<strong>Zaprojektowane i wykonane w Hiszpanii (Albacete)<\/strong><\/p>\n","protected":false},"featured_media":195193,"comment_status":"open","ping_status":"closed","template":"","meta":[],"pwb-brand":[3393],"product_brand":[],"product_cat":[3296,3307],"product_tag":[],"class_list":{"0":"post-306601","1":"product","2":"type-product","3":"status-publish","4":"has-post-thumbnail","6":"pwb-brand-zartownis","7":"product_cat-noze-pl","8":"product_cat-zamykanie-nozy","10":"first","11":"instock","12":"taxable","13":"shipping-taxable","14":"purchasable","15":"product-type-simple"},"brands":[{"id":3393,"name":"\u017bartowni\u015b","slug":"zartownis"}],"_links":{"self":[{"href":"https:\/\/www.moskito.cz\/pl\/wp-json\/wp\/v2\/product\/306601","targetHints":{"allow":["GET"]}}],"collection":[{"href":"https:\/\/www.moskito.cz\/pl\/wp-json\/wp\/v2\/product"}],"about":[{"href":"https:\/\/www.moskito.cz\/pl\/wp-json\/wp\/v2\/types\/product"}],"replies":[{"embeddable":true,"href":"https:\/\/www.moskito.cz\/pl\/wp-json\/wp\/v2\/comments?post=306601"}],"wp:featuredmedia":[{"embeddable":true,"href":"https:\/\/www.moskito.cz\/pl\/wp-json\/wp\/v2\/media\/195193"}],"wp:attachment":[{"href":"https:\/\/www.moskito.cz\/pl\/wp-json\/wp\/v2\/media?parent=306601"}],"wp:term":[{"taxonomy":"pwb-brand","embeddable":true,"href":"https:\/\/www.moskito.cz\/pl\/wp-json\/wp\/v2\/pwb-brand?post=306601"},{"taxonomy":"product_brand","embeddable":true,"href":"https:\/\/www.moskito.cz\/pl\/wp-json\/wp\/v2\/product_brand?post=306601"},{"taxonomy":"product_cat","embeddable":true,"href":"https:\/\/www.moskito.cz\/pl\/wp-json\/wp\/v2\/product_cat?post=306601"},{"taxonomy":"product_tag","embeddable":true,"href":"https:\/\/www.moskito.cz\/pl\/wp-json\/wp\/v2\/product_tag?post=306601"}],"curies":[{"name":"wp","href":"https:\/\/api.w.org\/{rel}","templated":true}]}}