{"id":306604,"date":"2019-04-21T17:28:01","date_gmt":"2024-02-05T20:37:42","guid":{"rendered":"https:\/\/www.moskito.cz\/produkt\/noz-skladany-miguel-nieto-art-16\/"},"modified":"2025-07-11T07:48:49","modified_gmt":"2025-07-11T06:48:49","slug":"noz-skladany-miguel-nieto-art-16","status":"publish","type":"product","link":"https:\/\/www.moskito.cz\/pl\/produkt\/noz-skladany-miguel-nieto-art-16\/","title":{"rendered":"N\u00f3\u017c sk\u0142adany Miguel Nieto ART-16"},"content":{"rendered":"<p>N\u00f3\u017c sk\u0142adany Miguel Nieto ART-16.<\/p>\n<p>&nbsp;<\/p>\n<p>&nbsp;<\/p>\n<p><span class=\"tlid-translation translation\" lang=\"cs\"><span title=\"\">Ten bezpieczny scyzoryk kieszonkowy zosta\u0142 wykonany r\u0119cznie i posiada ostrze w kszta\u0142cie rombu, r\u0119cznie wygrawerowane przez naszego rzemie\u015blnika.<\/span><\/span><\/p>\n<p>&nbsp;<\/p>\n<p><span class=\"tlid-translation translation\" lang=\"cs\"><span title=\"\">Ostrze: stal AN-58<\/span><br \/>\n<span class=\"\" title=\"\">R\u0119koje\u015b\u0107: \u017cywica metakrylanowa z osadzonymi pi\u00f3rami s\u00f3jki<\/span> .<br \/>\n<span title=\"\"><span class=\"\" title=\"\">D\u0142ugo\u015b\u0107 ostrza:<\/span> 8 cm<\/span><br \/>\n<span class=\"\" title=\"\"><span title=\"\">Rozmiar<\/span> : 18,5 cm<\/span><br \/>\n<span class=\"\" title=\"\">Waga 108 g<\/span><\/span><\/p>\n<p><span title=\"Podstaw\u0105 tego nowego etapu jest osi\u0105gni\u0119cie niezawodnej jako\u015bci poprzez po\u0142\u0105czenie post\u0119pu technologicznego z tradycjami rzemie\u015blniczymi.  \">Fundamentem firmy Miguel Nieto jest osi\u0105gni\u0119cie niezawodnej jako\u015bci, kt\u00f3ra \u0142\u0105czy post\u0119p technologiczny z tradycyjnymi tradycjami.<\/span><\/p>\n<p><span title=\"Obecnie nasza firma wci\u0105\u017c pracuje nad tym, aby uzyska\u0107 produkt w 100% wyprodukowany w Hiszpanii, przyst\u0119pny cenowo i najwy\u017cszej jako\u015bci.\">Obecnie Miguel Nieto nadal pracuje nad tym, aby otrzyma\u0107 produkt w 100% wyprodukowany w Hiszpanii, niedrogi i najwy\u017cszej jako\u015bci.<\/span><\/p>\n","protected":false},"excerpt":{"rendered":"<p>N\u00f3\u017c blokuj\u0105cy z bezpiecznikiem.<\/p>\n","protected":false},"featured_media":163678,"comment_status":"open","ping_status":"closed","template":"","meta":[],"pwb-brand":[3455],"product_brand":[],"product_cat":[3296,3307],"product_tag":[],"class_list":{"0":"post-306604","1":"product","2":"type-product","3":"status-publish","4":"has-post-thumbnail","6":"pwb-brand-nie","7":"product_cat-noze-pl","8":"product_cat-zamykanie-nozy","10":"first","11":"onbackorder","12":"taxable","13":"shipping-taxable","14":"purchasable","15":"product-type-simple"},"brands":[{"id":3455,"name":"Nie","slug":"nie"}],"_links":{"self":[{"href":"https:\/\/www.moskito.cz\/pl\/wp-json\/wp\/v2\/product\/306604","targetHints":{"allow":["GET"]}}],"collection":[{"href":"https:\/\/www.moskito.cz\/pl\/wp-json\/wp\/v2\/product"}],"about":[{"href":"https:\/\/www.moskito.cz\/pl\/wp-json\/wp\/v2\/types\/product"}],"replies":[{"embeddable":true,"href":"https:\/\/www.moskito.cz\/pl\/wp-json\/wp\/v2\/comments?post=306604"}],"wp:featuredmedia":[{"embeddable":true,"href":"https:\/\/www.moskito.cz\/pl\/wp-json\/wp\/v2\/media\/163678"}],"wp:attachment":[{"href":"https:\/\/www.moskito.cz\/pl\/wp-json\/wp\/v2\/media?parent=306604"}],"wp:term":[{"taxonomy":"pwb-brand","embeddable":true,"href":"https:\/\/www.moskito.cz\/pl\/wp-json\/wp\/v2\/pwb-brand?post=306604"},{"taxonomy":"product_brand","embeddable":true,"href":"https:\/\/www.moskito.cz\/pl\/wp-json\/wp\/v2\/product_brand?post=306604"},{"taxonomy":"product_cat","embeddable":true,"href":"https:\/\/www.moskito.cz\/pl\/wp-json\/wp\/v2\/product_cat?post=306604"},{"taxonomy":"product_tag","embeddable":true,"href":"https:\/\/www.moskito.cz\/pl\/wp-json\/wp\/v2\/product_tag?post=306604"}],"curies":[{"name":"wp","href":"https:\/\/api.w.org\/{rel}","templated":true}]}}