{"id":306612,"date":"2019-04-21T16:54:16","date_gmt":"2024-02-05T20:37:45","guid":{"rendered":"https:\/\/www.moskito.cz\/produkt\/miguel-nieto-noz-staly-hercules-11051\/"},"modified":"2025-07-11T07:48:48","modified_gmt":"2025-07-11T06:48:48","slug":"miguel-nieto-noz-staly-hercules-11051","status":"publish","type":"product","link":"https:\/\/www.moskito.cz\/pl\/produkt\/miguel-nieto-noz-staly-hercules-11051\/","title":{"rendered":"Miguel Nieto N\u00f3\u017c sta\u0142y HERCULES 11051"},"content":{"rendered":"<p>Miguel Nieto N\u00f3\u017c sta\u0142y HERCULES 11051.<\/p>\n<p><span title=\"Podstaw\u0105 tego nowego etapu jest osi\u0105gni\u0119cie niezawodnej jako\u015bci poprzez po\u0142\u0105czenie post\u0119pu technologicznego z tradycjami rzemie\u015blniczymi.  \">Ostrze: <span title=\"\">stal<\/span> <span class=\"\" title=\"\">AN-58<\/span><br \/>\n<span title=\"\">R\u0119koje\u015b\u0107:<\/span> <span class=\"\" title=\"\">poro\u017ce jelenia<\/span><br \/>\n<span title=\"\"><span class=\"\" title=\"\">D\u0142ugo\u015b\u0107 ostrza:<\/span><\/span> <span class=\"tlid-translation translation\" lang=\"cs\"><span class=\"\" title=\"\">23,5 cm<\/span><\/span><br \/>\n<span title=\"\">Rozmiar:<\/span> <span class=\"tlid-translation translation\" lang=\"cs\"><span class=\"\" title=\"\">35,5 cm<\/span><\/span><\/span><\/p>\n<p><span title=\"Podstaw\u0105 tego nowego etapu jest osi\u0105gni\u0119cie niezawodnej jako\u015bci poprzez po\u0142\u0105czenie post\u0119pu technologicznego z tradycjami rzemie\u015blniczymi.  \"><span class=\"tlid-translation translation\" lang=\"cs\"><span class=\"\" title=\"\">Waga 375 gr<\/span><\/span><br \/>\n<span title=\"\"><span class=\"\" title=\"\">Etui: wysokiej jako\u015bci br\u0105zowe sk\u00f3rzane etui<\/span><\/span><br \/>\n Podstaw\u0105 firmy Miguel Nieto jest osi\u0105gni\u0119cie niezawodnej jako\u015bci, kt\u00f3ra \u0142\u0105czy post\u0119p technologiczny z tradycjami.<\/span><\/p>\n<p><span title=\"Obecnie nasza firma wci\u0105\u017c pracuje nad tym, aby uzyska\u0107 produkt w 100% wyprodukowany w Hiszpanii, przyst\u0119pny cenowo i najwy\u017cszej jako\u015bci.\">Obecnie Miguel Nieto nadal pracuje nad tym, aby otrzyma\u0107 produkt w 100% wyprodukowany w Hiszpanii, niedrogi i najwy\u017cszej jako\u015bci.<\/span><\/p>\n","protected":false},"excerpt":{"rendered":"<p>N\u00f3\u017c sta\u0142y z pochw\u0105.<\/p>\n","protected":false},"featured_media":163674,"comment_status":"open","ping_status":"closed","template":"","meta":[],"pwb-brand":[3455],"product_brand":[],"product_cat":[3296,3297],"product_tag":[],"class_list":{"0":"post-306612","1":"product","2":"type-product","3":"status-publish","4":"has-post-thumbnail","6":"pwb-brand-nie","7":"product_cat-noze-pl","8":"product_cat-solidne-noze","10":"first","11":"instock","12":"taxable","13":"shipping-taxable","14":"purchasable","15":"product-type-simple"},"brands":[{"id":3455,"name":"Nie","slug":"nie"}],"_links":{"self":[{"href":"https:\/\/www.moskito.cz\/pl\/wp-json\/wp\/v2\/product\/306612","targetHints":{"allow":["GET"]}}],"collection":[{"href":"https:\/\/www.moskito.cz\/pl\/wp-json\/wp\/v2\/product"}],"about":[{"href":"https:\/\/www.moskito.cz\/pl\/wp-json\/wp\/v2\/types\/product"}],"replies":[{"embeddable":true,"href":"https:\/\/www.moskito.cz\/pl\/wp-json\/wp\/v2\/comments?post=306612"}],"wp:featuredmedia":[{"embeddable":true,"href":"https:\/\/www.moskito.cz\/pl\/wp-json\/wp\/v2\/media\/163674"}],"wp:attachment":[{"href":"https:\/\/www.moskito.cz\/pl\/wp-json\/wp\/v2\/media?parent=306612"}],"wp:term":[{"taxonomy":"pwb-brand","embeddable":true,"href":"https:\/\/www.moskito.cz\/pl\/wp-json\/wp\/v2\/pwb-brand?post=306612"},{"taxonomy":"product_brand","embeddable":true,"href":"https:\/\/www.moskito.cz\/pl\/wp-json\/wp\/v2\/product_brand?post=306612"},{"taxonomy":"product_cat","embeddable":true,"href":"https:\/\/www.moskito.cz\/pl\/wp-json\/wp\/v2\/product_cat?post=306612"},{"taxonomy":"product_tag","embeddable":true,"href":"https:\/\/www.moskito.cz\/pl\/wp-json\/wp\/v2\/product_tag?post=306612"}],"curies":[{"name":"wp","href":"https:\/\/api.w.org\/{rel}","templated":true}]}}