{"id":306616,"date":"2019-04-21T11:01:33","date_gmt":"2024-02-05T20:37:46","guid":{"rendered":"https:\/\/www.moskito.cz\/produkt\/noz-mysliwski-joker-corzo\/"},"modified":"2025-07-11T07:48:45","modified_gmt":"2025-07-11T06:48:45","slug":"noz-mysliwski-joker-corzo","status":"publish","type":"product","link":"https:\/\/www.moskito.cz\/pl\/produkt\/noz-mysliwski-joker-corzo\/","title":{"rendered":"N\u00f3\u017c my\u015bliwski Joker Corzo"},"content":{"rendered":"<p>N\u00f3\u017c my\u015bliwski <strong>Joker<\/strong> Corzo.<\/p>\n<p>No\u017ce Joker pochodz\u0105 z hiszpa\u0144skiego miasta Albacete, kt\u00f3re s\u0142ynie z tradycyjnej produkcji no\u017cy i sztylet\u00f3w.<\/p>\n<p><span class=\"tlid-translation translation\" lang=\"cs\"><span class=\"\" title=\"\">Ostrze: Inox molibdenowo-wanadowy<\/span><br \/>\n<span title=\"\">Ochrona: Inox<\/span><br \/>\n<span title=\"\">Etui: Sk\u00f3ra<\/span><br \/>\n<span title=\"\">R\u0119koje\u015b\u0107: poro\u017ce jelenia  <\/span><br \/>\n<span class=\"\" title=\"\">D\u0142ugo\u015b\u0107 ostrza: 10 cm &#8211; 185 gr<br \/>\n<\/span><\/span><\/p>\n<p><strong>Joker<\/strong> &#8211; Jeste\u015bmy znan\u0105 na ca\u0142ym \u015bwiecie hiszpa\u0144sk\u0105 firm\u0105 z miasta Albacete, znan\u0105 na ca\u0142ym \u015bwiecie ze swojego doskona\u0142ego rzemios\u0142a i mistrzowskich no\u017cy.<\/p>\n<p>Joker starannie wykonuje ka\u017cdy ze swoich element\u00f3w r\u0119cznie.<\/p>\n<p>Od momentu za\u0142o\u017cenia w 1987 roku Joker w ka\u017cdym swoim produkcie zawsze stara\u0142 si\u0119 \u0142\u0105czy\u0107 tradycyjne rzemios\u0142o z najnowocze\u015bniejsz\u0105 technologi\u0105.<\/p>\n<p>Joker kontynuuje dumn\u0105 tradycj\u0119 hiszpa\u0144skich producent\u00f3w moz, oferuj\u0105c jedne z najlepszych ostrzy i posiadaj\u0105cy jeden z najwi\u0119kszych asortyment\u00f3w na \u015bwiecie.<\/p>\n<p>&nbsp;<\/p>\n","protected":false},"excerpt":{"rendered":"<p>No\u017ce Joker pochodz\u0105 z hiszpa\u0144skiego miasta Albacete, kt\u00f3re s\u0142ynie z tradycyjnej produkcji no\u017cy i sztylet\u00f3w.<br \/>\n<strong>Zaprojektowane i wykonane w Hiszpanii (Albacete)<\/strong><\/p>\n","protected":false},"featured_media":195179,"comment_status":"open","ping_status":"closed","template":"","meta":[],"pwb-brand":[3393],"product_brand":[],"product_cat":[3296,3297],"product_tag":[],"class_list":{"0":"post-306616","1":"product","2":"type-product","3":"status-publish","4":"has-post-thumbnail","6":"pwb-brand-zartownis","7":"product_cat-noze-pl","8":"product_cat-solidne-noze","10":"first","11":"outofstock","12":"taxable","13":"shipping-taxable","14":"purchasable","15":"product-type-simple"},"brands":[{"id":3393,"name":"\u017bartowni\u015b","slug":"zartownis"}],"_links":{"self":[{"href":"https:\/\/www.moskito.cz\/pl\/wp-json\/wp\/v2\/product\/306616","targetHints":{"allow":["GET"]}}],"collection":[{"href":"https:\/\/www.moskito.cz\/pl\/wp-json\/wp\/v2\/product"}],"about":[{"href":"https:\/\/www.moskito.cz\/pl\/wp-json\/wp\/v2\/types\/product"}],"replies":[{"embeddable":true,"href":"https:\/\/www.moskito.cz\/pl\/wp-json\/wp\/v2\/comments?post=306616"}],"wp:featuredmedia":[{"embeddable":true,"href":"https:\/\/www.moskito.cz\/pl\/wp-json\/wp\/v2\/media\/195179"}],"wp:attachment":[{"href":"https:\/\/www.moskito.cz\/pl\/wp-json\/wp\/v2\/media?parent=306616"}],"wp:term":[{"taxonomy":"pwb-brand","embeddable":true,"href":"https:\/\/www.moskito.cz\/pl\/wp-json\/wp\/v2\/pwb-brand?post=306616"},{"taxonomy":"product_brand","embeddable":true,"href":"https:\/\/www.moskito.cz\/pl\/wp-json\/wp\/v2\/product_brand?post=306616"},{"taxonomy":"product_cat","embeddable":true,"href":"https:\/\/www.moskito.cz\/pl\/wp-json\/wp\/v2\/product_cat?post=306616"},{"taxonomy":"product_tag","embeddable":true,"href":"https:\/\/www.moskito.cz\/pl\/wp-json\/wp\/v2\/product_tag?post=306616"}],"curies":[{"name":"wp","href":"https:\/\/api.w.org\/{rel}","templated":true}]}}