{"id":306691,"date":"2019-05-04T18:43:03","date_gmt":"2024-02-06T07:26:56","guid":{"rendered":"https:\/\/www.moskito.cz\/produkt\/noz-do-nurkowania-ocean-master-qt500-saw-a\/"},"modified":"2025-07-11T07:48:54","modified_gmt":"2025-07-11T06:48:54","slug":"noz-do-nurkowania-ocean-master-qt500-saw-a","status":"publish","type":"product","link":"https:\/\/www.moskito.cz\/pl\/produkt\/noz-do-nurkowania-ocean-master-qt500-saw-a\/","title":{"rendered":"N\u00f3\u017c do nurkowania Ocean Master QT500 SAW-A"},"content":{"rendered":"<p>N\u00f3\u017c do nurkowania Ocean Master QT500 SAW-A.<\/p>\n<p><span class=\"tlid-translation translation\" lang=\"cs\"><span class=\"\" title=\"\">Nowy mistrz oceanu Beta Titanium.<\/span><\/span><\/p>\n<p>Ca\u0142kowita d\u0142ugo\u015b\u0107 no\u017ca: 25 cm<\/p>\n<p>D\u0142ugo\u015b\u0107 ostrza: 12,5 cm<\/p>\n<p>Plastikowe etui z paskami<\/p>\n<p>&nbsp;<\/p>\n<p>&nbsp;<\/p>\n<p>&nbsp;<\/p>\n","protected":false},"excerpt":{"rendered":"<p>N\u00f3\u017c do nurkowania z pochw\u0105.<\/p>\n","protected":false},"featured_media":163875,"comment_status":"open","ping_status":"closed","template":"","meta":[],"pwb-brand":[3460],"product_brand":[],"product_cat":[3296,3297],"product_tag":[],"class_list":{"0":"post-306691","1":"product","2":"type-product","3":"status-publish","4":"has-post-thumbnail","6":"pwb-brand-mistrz-oceanu","7":"product_cat-noze-pl","8":"product_cat-solidne-noze","10":"first","11":"instock","12":"taxable","13":"shipping-taxable","14":"purchasable","15":"product-type-simple"},"brands":[{"id":3460,"name":"Mistrz Oceanu","slug":"mistrz-oceanu"}],"_links":{"self":[{"href":"https:\/\/www.moskito.cz\/pl\/wp-json\/wp\/v2\/product\/306691","targetHints":{"allow":["GET"]}}],"collection":[{"href":"https:\/\/www.moskito.cz\/pl\/wp-json\/wp\/v2\/product"}],"about":[{"href":"https:\/\/www.moskito.cz\/pl\/wp-json\/wp\/v2\/types\/product"}],"replies":[{"embeddable":true,"href":"https:\/\/www.moskito.cz\/pl\/wp-json\/wp\/v2\/comments?post=306691"}],"wp:featuredmedia":[{"embeddable":true,"href":"https:\/\/www.moskito.cz\/pl\/wp-json\/wp\/v2\/media\/163875"}],"wp:attachment":[{"href":"https:\/\/www.moskito.cz\/pl\/wp-json\/wp\/v2\/media?parent=306691"}],"wp:term":[{"taxonomy":"pwb-brand","embeddable":true,"href":"https:\/\/www.moskito.cz\/pl\/wp-json\/wp\/v2\/pwb-brand?post=306691"},{"taxonomy":"product_brand","embeddable":true,"href":"https:\/\/www.moskito.cz\/pl\/wp-json\/wp\/v2\/product_brand?post=306691"},{"taxonomy":"product_cat","embeddable":true,"href":"https:\/\/www.moskito.cz\/pl\/wp-json\/wp\/v2\/product_cat?post=306691"},{"taxonomy":"product_tag","embeddable":true,"href":"https:\/\/www.moskito.cz\/pl\/wp-json\/wp\/v2\/product_tag?post=306691"}],"curies":[{"name":"wp","href":"https:\/\/api.w.org\/{rel}","templated":true}]}}