{"id":306693,"date":"2019-05-04T13:58:13","date_gmt":"2024-02-06T07:26:56","guid":{"rendered":"https:\/\/www.moskito.cz\/produkt\/replika-rycerza-marto-918-1\/"},"modified":"2025-07-11T07:48:52","modified_gmt":"2025-07-11T06:48:52","slug":"replika-rycerza-marto-918-1","status":"publish","type":"product","link":"https:\/\/www.moskito.cz\/pl\/produkt\/replika-rycerza-marto-918-1\/","title":{"rendered":"Replika rycerza Marto 918.1"},"content":{"rendered":"<p>Replika rycerza Marto 918.1.<\/p>\n<p><span class=\"tlid-translation translation\" lang=\"cs\"><span title=\"\">Replika angielskiego rycerza.<\/span><br \/>\n<span title=\"\">Z\u0142ote wyko\u0144czenie<\/span><br \/>\n<span title=\"\">Podstawa drewniana.<\/span><br \/>\n<span title=\"\">33cm<\/span><\/span><\/p>\n<p><span title=\"\">Doskona\u0142a replika zbroi dla konia z kolekcji &#8222;Zbroja Je\u017adziecka&#8221; wyprodukowanej przez firm\u0119 MARTO<\/span><\/p>\n<p><span title=\"\">Certyfikat jako\u015bci i pochodzenia.<\/span> <span title=\"\">Wyprodukowano w Toledo.<\/span><\/p>\n","protected":false},"excerpt":{"rendered":"<p>Replika rycerza.<\/p>\n","protected":false},"featured_media":163845,"comment_status":"open","ping_status":"closed","template":"","meta":[],"pwb-brand":[3381],"product_brand":[],"product_cat":[3417,3387],"product_tag":[],"class_list":{"0":"post-306693","1":"product","2":"type-product","3":"status-publish","4":"has-post-thumbnail","6":"pwb-brand-marta","7":"product_cat-katany-i-miecze","8":"product_cat-repliki-mieczy-sztyletow","10":"first","11":"instock","12":"taxable","13":"shipping-taxable","14":"purchasable","15":"product-type-simple"},"brands":[{"id":3381,"name":"Marta","slug":"marta"}],"_links":{"self":[{"href":"https:\/\/www.moskito.cz\/pl\/wp-json\/wp\/v2\/product\/306693","targetHints":{"allow":["GET"]}}],"collection":[{"href":"https:\/\/www.moskito.cz\/pl\/wp-json\/wp\/v2\/product"}],"about":[{"href":"https:\/\/www.moskito.cz\/pl\/wp-json\/wp\/v2\/types\/product"}],"replies":[{"embeddable":true,"href":"https:\/\/www.moskito.cz\/pl\/wp-json\/wp\/v2\/comments?post=306693"}],"wp:featuredmedia":[{"embeddable":true,"href":"https:\/\/www.moskito.cz\/pl\/wp-json\/wp\/v2\/media\/163845"}],"wp:attachment":[{"href":"https:\/\/www.moskito.cz\/pl\/wp-json\/wp\/v2\/media?parent=306693"}],"wp:term":[{"taxonomy":"pwb-brand","embeddable":true,"href":"https:\/\/www.moskito.cz\/pl\/wp-json\/wp\/v2\/pwb-brand?post=306693"},{"taxonomy":"product_brand","embeddable":true,"href":"https:\/\/www.moskito.cz\/pl\/wp-json\/wp\/v2\/product_brand?post=306693"},{"taxonomy":"product_cat","embeddable":true,"href":"https:\/\/www.moskito.cz\/pl\/wp-json\/wp\/v2\/product_cat?post=306693"},{"taxonomy":"product_tag","embeddable":true,"href":"https:\/\/www.moskito.cz\/pl\/wp-json\/wp\/v2\/product_tag?post=306693"}],"curies":[{"name":"wp","href":"https:\/\/api.w.org\/{rel}","templated":true}]}}