{"id":306713,"date":"2019-05-04T13:34:48","date_gmt":"2024-02-06T07:27:02","guid":{"rendered":"https:\/\/www.moskito.cz\/produkt\/excalibur-srebrny-miecz-marto-ma752-1\/"},"modified":"2025-07-11T07:48:52","modified_gmt":"2025-07-11T06:48:52","slug":"excalibur-srebrny-miecz-marto-ma752-1","status":"publish","type":"product","link":"https:\/\/www.moskito.cz\/pl\/produkt\/excalibur-srebrny-miecz-marto-ma752-1\/","title":{"rendered":"Excalibur Srebrny Miecz Marto MA752.1"},"content":{"rendered":"<p>Excalibur Srebrny Miecz Marto MA752.1.<\/p>\n<p><span class=\"tlid-translation translation\" lang=\"cs\">Excalibur to najs\u0142ynniejsza nazwa legendarnego miecza kr\u00f3la Artura, kt\u00f3remu przypisywano r\u00f3\u017cne niezwyk\u0142e w\u0142a\u015bciwo\u015bci.<\/span><\/p>\n<p>Istnieje kilka teorii na temat pochodzenia jego imienia. Jednym z najbardziej akceptowanych jest to, \u017ce pochodzi od \u0142aci\u0144skiego \u201eEX Calce Liberatus\u201d, \u201euwolniony od kamienia\u201d. Inni uwa\u017caj\u0105, \u017ce Excalibur oznacza \u201eTn\u0105cy Stal\u201d, nawi\u0105zuj\u0105c do jednej z jego wielu magicznych w\u0142a\u015bciwo\u015bci.<\/p>\n<p>Wed\u0142ug legendy, kiedy umar\u0142 kr\u00f3l Uther Pendragon, Merlin stworzy\u0142 miecz (Exalibur) na wyspie Avalon i wbi\u0142 go w kamie\u0144 w Londynie w pobli\u017cu kaplicy.<\/p>\n<p>Najbardziej rozpowszechniona legenda g\u0142osi, \u017ce Arturowi uda\u0142o si\u0119 zej\u015b\u0107 ze ska\u0142y dzi\u0119ki magii Marlina. Miecz trzymano w pochwie, kt\u00f3ra sprawia\u0142a, \u017ce \u200b\u200bkr\u00f3l nie traci\u0142 krwi, gdy ni\u00f3s\u0142 go na bitw\u0119. Ju\u017c umieraj\u0105cy Artur nakaza\u0142 swojemu rycerzowi wrzuci\u0107 miecz do jeziora, w kt\u00f3rym mieszka\u0142a Nimue, Pani Jeziora. Kiedy go rzuca, d\u0142o\u0144 ubrana w bia\u0142y jedwab chwyta j\u0105 i zabiera w g\u0142\u0119bin\u0119.<\/p>\n<p>M\u00f3wi si\u0119, \u017ce miecz spoczywa u kr\u00f3la w Avalonie i czeka na jego powr\u00f3t.<\/p>\n<p>R\u0119koje\u015b\u0107 w kolorze srebrnym z niebieskim kontrastem i ostrze ze specjalnym trawieniem w kolorze g\u0142\u0119bokiej czerni.<br \/>\nD\u0142ugo\u015b\u0107: 120 cm<br \/>\nSzeroko\u015b\u0107: 23 cm<br \/>\nWaga: 2,1 kg<\/p>\n<p>Wysokiej jako\u015bci miecz pochodz\u0105cy z ekskluzywnej kolekcji \u201eDeep Lept Swords\u201d wyprodukowanej przez firm\u0119 MARTO.<\/p>\n<p>Certyfikat pochodzenia i jako\u015bci, wyprodukowany w Toledo.<\/p>\n","protected":false},"excerpt":{"rendered":"<p>Miecz Excalibura.<\/p>\n","protected":false},"featured_media":163835,"comment_status":"open","ping_status":"closed","template":"","meta":[],"pwb-brand":[3381],"product_brand":[],"product_cat":[3417,3387],"product_tag":[],"class_list":{"0":"post-306713","1":"product","2":"type-product","3":"status-publish","4":"has-post-thumbnail","6":"pwb-brand-marta","7":"product_cat-katany-i-miecze","8":"product_cat-repliki-mieczy-sztyletow","10":"first","11":"instock","12":"taxable","13":"shipping-taxable","14":"purchasable","15":"product-type-simple"},"brands":[{"id":3381,"name":"Marta","slug":"marta"}],"_links":{"self":[{"href":"https:\/\/www.moskito.cz\/pl\/wp-json\/wp\/v2\/product\/306713","targetHints":{"allow":["GET"]}}],"collection":[{"href":"https:\/\/www.moskito.cz\/pl\/wp-json\/wp\/v2\/product"}],"about":[{"href":"https:\/\/www.moskito.cz\/pl\/wp-json\/wp\/v2\/types\/product"}],"replies":[{"embeddable":true,"href":"https:\/\/www.moskito.cz\/pl\/wp-json\/wp\/v2\/comments?post=306713"}],"wp:featuredmedia":[{"embeddable":true,"href":"https:\/\/www.moskito.cz\/pl\/wp-json\/wp\/v2\/media\/163835"}],"wp:attachment":[{"href":"https:\/\/www.moskito.cz\/pl\/wp-json\/wp\/v2\/media?parent=306713"}],"wp:term":[{"taxonomy":"pwb-brand","embeddable":true,"href":"https:\/\/www.moskito.cz\/pl\/wp-json\/wp\/v2\/pwb-brand?post=306713"},{"taxonomy":"product_brand","embeddable":true,"href":"https:\/\/www.moskito.cz\/pl\/wp-json\/wp\/v2\/product_brand?post=306713"},{"taxonomy":"product_cat","embeddable":true,"href":"https:\/\/www.moskito.cz\/pl\/wp-json\/wp\/v2\/product_cat?post=306713"},{"taxonomy":"product_tag","embeddable":true,"href":"https:\/\/www.moskito.cz\/pl\/wp-json\/wp\/v2\/product_tag?post=306713"}],"curies":[{"name":"wp","href":"https:\/\/api.w.org\/{rel}","templated":true}]}}