{"id":306717,"date":"2019-05-04T15:21:39","date_gmt":"2024-02-06T07:27:03","guid":{"rendered":"https:\/\/www.moskito.cz\/produkt\/tarcza-templariuszy-marto-965-2\/"},"modified":"2025-07-11T07:48:53","modified_gmt":"2025-07-11T06:48:53","slug":"tarcza-templariuszy-marto-965-2","status":"publish","type":"product","link":"https:\/\/www.moskito.cz\/pl\/produkt\/tarcza-templariuszy-marto-965-2\/","title":{"rendered":"Tarcza templariuszy Marto 965.2"},"content":{"rendered":"<p>Tarcza templariuszy Marto 965.2.<\/p>\n<p><span class=\"tlid-translation translation\" lang=\"cs\"><span class=\"\" title=\"\">Tarcza metalowa z kolekcji \u201eTarcze Historyczne\u201d,<\/span><\/span><\/p>\n<p><span title=\"\">Rozmiar: 89&#215;44 cm<\/span><br \/>\n<span class=\"\" title=\"\">Mosi\u0119\u017cna tarcza z motywem krzy\u017ca Zakonu \u015awi\u0105tynnego.<\/span><br \/>\n<span title=\"\">Ozdobiona we wszystkich zarysach mosi\u0119\u017cnymi ozdobami.<\/span><\/p>\n<p><span title=\"\">Doskona\u0142a tarcza ekskluzywnej kolekcji \u201eTarcze Historyczne\u201d wyprodukowanej przez firm\u0119 Marto.<\/span><\/p>\n<p><span title=\"\">Certyfikat jako\u015bci i pochodzenia.<\/span> <span title=\"\">Wyprodukowano w Toledo.<\/span><\/p>\n","protected":false},"excerpt":{"rendered":"<p>Tarcza templariuszy.<\/p>\n","protected":false},"featured_media":163851,"comment_status":"open","ping_status":"closed","template":"","meta":[],"pwb-brand":[3381],"product_brand":[],"product_cat":[3417,3387],"product_tag":[],"class_list":{"0":"post-306717","1":"product","2":"type-product","3":"status-publish","4":"has-post-thumbnail","6":"pwb-brand-marta","7":"product_cat-katany-i-miecze","8":"product_cat-repliki-mieczy-sztyletow","10":"first","11":"instock","12":"taxable","13":"shipping-taxable","14":"purchasable","15":"product-type-simple"},"brands":[{"id":3381,"name":"Marta","slug":"marta"}],"_links":{"self":[{"href":"https:\/\/www.moskito.cz\/pl\/wp-json\/wp\/v2\/product\/306717","targetHints":{"allow":["GET"]}}],"collection":[{"href":"https:\/\/www.moskito.cz\/pl\/wp-json\/wp\/v2\/product"}],"about":[{"href":"https:\/\/www.moskito.cz\/pl\/wp-json\/wp\/v2\/types\/product"}],"replies":[{"embeddable":true,"href":"https:\/\/www.moskito.cz\/pl\/wp-json\/wp\/v2\/comments?post=306717"}],"wp:featuredmedia":[{"embeddable":true,"href":"https:\/\/www.moskito.cz\/pl\/wp-json\/wp\/v2\/media\/163851"}],"wp:attachment":[{"href":"https:\/\/www.moskito.cz\/pl\/wp-json\/wp\/v2\/media?parent=306717"}],"wp:term":[{"taxonomy":"pwb-brand","embeddable":true,"href":"https:\/\/www.moskito.cz\/pl\/wp-json\/wp\/v2\/pwb-brand?post=306717"},{"taxonomy":"product_brand","embeddable":true,"href":"https:\/\/www.moskito.cz\/pl\/wp-json\/wp\/v2\/product_brand?post=306717"},{"taxonomy":"product_cat","embeddable":true,"href":"https:\/\/www.moskito.cz\/pl\/wp-json\/wp\/v2\/product_cat?post=306717"},{"taxonomy":"product_tag","embeddable":true,"href":"https:\/\/www.moskito.cz\/pl\/wp-json\/wp\/v2\/product_tag?post=306717"}],"curies":[{"name":"wp","href":"https:\/\/api.w.org\/{rel}","templated":true}]}}