{"id":306725,"date":"2019-05-04T18:09:15","date_gmt":"2024-02-06T07:27:05","guid":{"rendered":"https:\/\/www.moskito.cz\/produkt\/mysliwiec-legacy-ii-hibben-gh5039\/"},"modified":"2025-07-11T07:48:54","modified_gmt":"2025-07-11T06:48:54","slug":"mysliwiec-legacy-ii-hibben-gh5039","status":"publish","type":"product","link":"https:\/\/www.moskito.cz\/pl\/produkt\/mysliwiec-legacy-ii-hibben-gh5039\/","title":{"rendered":"My\u015bliwiec Legacy II Hibben GH5039"},"content":{"rendered":"<p>My\u015bliwiec Legacy II Hibben GH5039.<\/p>\n<p>D\u0142ugo\u015b\u0107 ca\u0142kowita: 34 cm<br \/>\nD\u0142ugo\u015b\u0107 ostrza: 20 cm<br \/>\nStal: stal nierdzewna 7Cr17MoV<br \/>\nR\u0119koje\u015b\u0107: drewno pakka<br \/>\nKoperta: czarna sk\u00f3ra<\/p>\n<p><span class=\"tlid-translation translation\" lang=\"cs\"><span title=\"\">Gil i Wesley Hibben ponownie po\u0142\u0105czyli si\u0142y, aby zaprojektowa\u0107 najnowsze arcydzie\u0142o nosz\u0105ce imi\u0119 Hibben.<\/span> <span title=\"\">Ten oparty na wsp\u00f3\u0142pracy my\u015bliwiec Legacy II Hibben Fighter wnosi ponad 75 lat do\u015bwiadczenia w tworzeniu kombinacji no\u017cy, aby stworzy\u0107 innowacyjn\u0105 wizj\u0119 i kontynuowa\u0107 dumne dziedzictwo Hibben.<\/span> <\/span><\/p>\n","protected":false},"excerpt":{"rendered":"<p>N\u00f3\u017c sta\u0142y z pochw\u0105.<\/p>\n","protected":false},"featured_media":163865,"comment_status":"open","ping_status":"closed","template":"","meta":[],"pwb-brand":[3465],"product_brand":[],"product_cat":[3296,3297],"product_tag":[],"class_list":{"0":"post-306725","1":"product","2":"type-product","3":"status-publish","4":"has-post-thumbnail","6":"pwb-brand-hibbena","7":"product_cat-noze-pl","8":"product_cat-solidne-noze","10":"first","11":"outofstock","12":"taxable","13":"shipping-taxable","14":"purchasable","15":"product-type-simple"},"brands":[{"id":3465,"name":"Hibbena","slug":"hibbena"}],"_links":{"self":[{"href":"https:\/\/www.moskito.cz\/pl\/wp-json\/wp\/v2\/product\/306725","targetHints":{"allow":["GET"]}}],"collection":[{"href":"https:\/\/www.moskito.cz\/pl\/wp-json\/wp\/v2\/product"}],"about":[{"href":"https:\/\/www.moskito.cz\/pl\/wp-json\/wp\/v2\/types\/product"}],"replies":[{"embeddable":true,"href":"https:\/\/www.moskito.cz\/pl\/wp-json\/wp\/v2\/comments?post=306725"}],"wp:featuredmedia":[{"embeddable":true,"href":"https:\/\/www.moskito.cz\/pl\/wp-json\/wp\/v2\/media\/163865"}],"wp:attachment":[{"href":"https:\/\/www.moskito.cz\/pl\/wp-json\/wp\/v2\/media?parent=306725"}],"wp:term":[{"taxonomy":"pwb-brand","embeddable":true,"href":"https:\/\/www.moskito.cz\/pl\/wp-json\/wp\/v2\/pwb-brand?post=306725"},{"taxonomy":"product_brand","embeddable":true,"href":"https:\/\/www.moskito.cz\/pl\/wp-json\/wp\/v2\/product_brand?post=306725"},{"taxonomy":"product_cat","embeddable":true,"href":"https:\/\/www.moskito.cz\/pl\/wp-json\/wp\/v2\/product_cat?post=306725"},{"taxonomy":"product_tag","embeddable":true,"href":"https:\/\/www.moskito.cz\/pl\/wp-json\/wp\/v2\/product_tag?post=306725"}],"curies":[{"name":"wp","href":"https:\/\/api.w.org\/{rel}","templated":true}]}}