{"id":306739,"date":"2022-04-09T10:20:35","date_gmt":"2024-02-06T07:27:14","guid":{"rendered":"https:\/\/www.moskito.cz\/produkt\/noz-strzelecki-microtech-combat-troodon-satin-142-4bl\/"},"modified":"2025-05-07T10:56:45","modified_gmt":"2025-05-07T09:56:45","slug":"noz-strzelecki-microtech-combat-troodon-satin-142-4bl","status":"publish","type":"product","link":"https:\/\/www.moskito.cz\/pl\/produkt\/noz-strzelecki-microtech-combat-troodon-satin-142-4bl\/","title":{"rendered":"N\u00f3\u017c strzelecki Microtech Combat Troodon Satin 142-4BL"},"content":{"rendered":"<p>N\u00f3\u017c strzelecki <strong>Microtech<\/strong> Combat Troodon Satin 142-4BL<\/p>\n<p>Combat Troodon to precyzyjnie wykonany taktyczny n\u00f3\u017c przedni. Jest o 25% wi\u0119kszy od naszego flagowego modelu Troodon. Zapewnia smuk\u0142y uchwyt, wyprofilowany kszta\u0142t, radykalne elementy konstrukcyjne i wyrafinowany mechanizm wewn\u0119trzny, kt\u00f3ry poprawia funkcjonalno\u015b\u0107 operacyjn\u0105 i niezawodno\u015b\u0107 na wi\u0119ksz\u0105 skal\u0119. Combat Troodon zosta\u0142 zaprojektowany do szerokiego zakresu zastosowa\u0144 u\u017cytkowych i walki w zwarciu.<\/p>\n<p>D\u0142ugo\u015b\u0107 ca\u0142kowita: 19,2 cm<br \/>\nD\u0142ugo\u015b\u0107 ostrza: 7,5 cm<br \/>\nMateria\u0142 ostrza: 204P<br \/>\nStyl ostrza: sztylet<br \/>\nWstawki: p\u0142askie<br \/>\nTyp obramowania: Zwyk\u0142y<br \/>\nD\u0142ugo\u015b\u0107 r\u0105czki: 10,63 cm<br \/>\nGrubo\u015b\u0107 r\u0105czki: 1,12 cm<br \/>\nMateria\u0142 r\u0119koje\u015bci: aluminium<br \/>\nWaga: 3,00 uncji<br \/>\nU\u017cytkownik: Prawa r\u0119ka<br \/>\nKlips kieszonkowy: sk\u0142adany w d\u00f3\u0142<br \/>\nTyp no\u017ca: Automatyczny<br \/>\nOtwieracz: kciuk<br \/>\nMarka: Microtech<br \/>\nModelka: Troodon<\/p>\n<p>Stal: M390<br \/>\nKraj pochodzenia: USA<br \/>\nNajlepsze zastosowanie: taktyczne<br \/>\nWykonane w USA<\/p>\n<p><iframe title=\"Microtech Combat Troodon Torture Test\" width=\"800\" height=\"450\" src=\"https:\/\/www.youtube.com\/embed\/xE9TeOFYEjg?feature=oembed\" frameborder=\"0\" allow=\"accelerometer; autoplay; clipboard-write; encrypted-media; gyroscope; picture-in-picture; web-share\" allowfullscreen><\/iframe><\/p>\n<p><strong>Combat Troodon<\/strong> to precyzyjnie wykonany, wysuni\u0119ty z przodu n\u00f3\u017c taktyczny. Jest o 25% wi\u0119kszy od naszego flagowego modelu Troodon. Wnosi smuk\u0142y uchwyt, wyprofilowany kszta\u0142t, radykalne elementy konstrukcyjne i wyrafinowany mechanizm wewn\u0119trzny, kt\u00f3ry poprawia funkcjonalno\u015b\u0107 operacyjn\u0105 i niezawodno\u015b\u0107 na wi\u0119ksz\u0105 skal\u0119. Combat Troodon zosta\u0142 zaprojektowany do szerokiego spektrum zastosowa\u0144 u\u017cytkowych i walki w zwarciu.<\/p>\n<p>Dane techniczne<br \/>\nTroodon \u2013 \u201eRanny z\u0105b\u201d<br \/>\nAkcja: Automatyczny ogie\u0144 i wycofanie o podw\u00f3jnym dzia\u0142aniu<br \/>\nD\u0142ugo\u015b\u0107 ostrza: 3,75&#8243;<br \/>\nGrubo\u015b\u0107 ostrza: 0,095 cala<br \/>\nSt\u0142uczenie szk\u0142a: Rozbicie szk\u0142a z ko\u0144c\u00f3wk\u0105 wolframow\u0105<br \/>\nR\u0119koje\u015b\u0107: 6061-T6 Aluminium Mil Spec Hard Coat, anodowane na niebiesko<br \/>\nGrubo\u015b\u0107 r\u0119koje\u015bci: Rze\u017abiona sto\u017ckowa Min. 0,304&#8243; Maks. 435&#8243;<br \/>\nD\u0142ugo\u015b\u0107 otwarta: 9,10 cala<br \/>\nD\u0142ugo\u015b\u0107 zamkni\u0119ta: 5,20&#8243;<br \/>\nKlips kieszonkowy: 301, hartowany spr\u0119\u017cynowo, obur\u0119czny<br \/>\nWaga: 5,3 uncji<br \/>\nNale\u017cy pami\u0119ta\u0107, \u017ce nie mo\u017cna okre\u015bli\u0107 stali ostrza, poniewa\u017c mo\u017ce ona ulec zmianie w zale\u017cno\u015bci od dost\u0119pno\u015bci (informacje od Microtech)<br \/>\nWyprodukowano w USA<\/p>\n","protected":false},"excerpt":{"rendered":"<p>Przez lata <strong>Microtech\u00ae<\/strong> Knives wype\u0142nia\u0142 no\u017ce pasj\u0105 i umiej\u0119tno\u015bciami, aby tworzy\u0107 niemal dzie\u0142a sztuki, kt\u00f3re s\u0105 szczytem funkcjonalno\u015bci.Wszystkie cz\u0119\u015bci s\u0105 produkowane w USA.<br \/>\n<strong>Wszystkie no\u017ce Microtech obj\u0119te s\u0105 do\u017cywotni\u0105 gwarancj\u0105.<\/strong><\/p>\n<p><strong>Bezp\u0142atny transport.<\/strong><\/p>\n","protected":false},"featured_media":306740,"comment_status":"open","ping_status":"closed","template":"","meta":[],"pwb-brand":[3279],"product_brand":[],"product_cat":[3296,3344],"product_tag":[3671],"class_list":{"0":"post-306739","1":"product","2":"type-product","3":"status-publish","4":"has-post-thumbnail","6":"pwb-brand-microtech-pl","7":"product_cat-noze-pl","8":"product_cat-noze-strzeleckie","9":"product_tag-b2b-pl","11":"first","12":"instock","13":"taxable","14":"shipping-taxable","15":"purchasable","16":"product-type-simple"},"brands":[{"id":3279,"name":"Microtech","slug":"microtech-pl"}],"_links":{"self":[{"href":"https:\/\/www.moskito.cz\/pl\/wp-json\/wp\/v2\/product\/306739","targetHints":{"allow":["GET"]}}],"collection":[{"href":"https:\/\/www.moskito.cz\/pl\/wp-json\/wp\/v2\/product"}],"about":[{"href":"https:\/\/www.moskito.cz\/pl\/wp-json\/wp\/v2\/types\/product"}],"replies":[{"embeddable":true,"href":"https:\/\/www.moskito.cz\/pl\/wp-json\/wp\/v2\/comments?post=306739"}],"wp:featuredmedia":[{"embeddable":true,"href":"https:\/\/www.moskito.cz\/pl\/wp-json\/wp\/v2\/media\/306740"}],"wp:attachment":[{"href":"https:\/\/www.moskito.cz\/pl\/wp-json\/wp\/v2\/media?parent=306739"}],"wp:term":[{"taxonomy":"pwb-brand","embeddable":true,"href":"https:\/\/www.moskito.cz\/pl\/wp-json\/wp\/v2\/pwb-brand?post=306739"},{"taxonomy":"product_brand","embeddable":true,"href":"https:\/\/www.moskito.cz\/pl\/wp-json\/wp\/v2\/product_brand?post=306739"},{"taxonomy":"product_cat","embeddable":true,"href":"https:\/\/www.moskito.cz\/pl\/wp-json\/wp\/v2\/product_cat?post=306739"},{"taxonomy":"product_tag","embeddable":true,"href":"https:\/\/www.moskito.cz\/pl\/wp-json\/wp\/v2\/product_tag?post=306739"}],"curies":[{"name":"wp","href":"https:\/\/api.w.org\/{rel}","templated":true}]}}