{"id":306745,"date":"2019-05-05T13:11:18","date_gmt":"2024-02-06T07:27:17","guid":{"rendered":"https:\/\/www.moskito.cz\/produkt\/meyerco-randall-king-tsavo-mc3217\/"},"modified":"2025-07-11T07:48:55","modified_gmt":"2025-07-11T06:48:55","slug":"meyerco-randall-king-tsavo-mc3217","status":"publish","type":"product","link":"https:\/\/www.moskito.cz\/pl\/produkt\/meyerco-randall-king-tsavo-mc3217\/","title":{"rendered":"Meyerco Randall King Tsavo MC3217"},"content":{"rendered":"<p>Meyerco Randall King Tsavo MC3217.<\/p>\n<p><span class=\"tlid-translation translation\" lang=\"cs\"><span class=\"\" title=\"\">N\u00f3\u017c sk\u0142adany Meyerco Tsavo firmy Randall King.<\/span> <span class=\"\" title=\"\">Posiada ostrze Tsavo Lion&#8217;s Claw z dwoma oddzielnymi k\u0105tami ostrzenia.<\/span> <span title=\"\">Ostrze ze stali nierdzewnej AUS8 z czarnym wyko\u0144czeniem.<\/span> <span title=\"\">Uchwyt posiada r\u00f3wnie\u017c otw\u00f3r umo\u017cliwiaj\u0105cy szybki demonta\u017c.<\/span><br \/>\n<span title=\"\">Dane techniczne:<\/span><br \/>\n<span title=\"\">D\u0142ugo\u015b\u0107 ca\u0142kowita: 19 cm<\/span><br \/>\n<span title=\"\">D\u0142ugo\u015b\u0107 ostrza: 8 cm<\/span><br \/>\n<\/span><\/p>\n","protected":false},"excerpt":{"rendered":"<p>N\u00f3\u017c blokuj\u0105cy z bezpiecznikiem.<\/p>\n","protected":false},"featured_media":163886,"comment_status":"open","ping_status":"closed","template":"","meta":[],"pwb-brand":[3477],"product_brand":[],"product_cat":[3296,3307],"product_tag":[],"class_list":{"0":"post-306745","1":"product","2":"type-product","3":"status-publish","4":"has-post-thumbnail","6":"pwb-brand-meyerco-pl","7":"product_cat-noze-pl","8":"product_cat-zamykanie-nozy","10":"first","11":"instock","12":"taxable","13":"shipping-taxable","14":"purchasable","15":"product-type-simple"},"brands":[{"id":3477,"name":"Meyerco","slug":"meyerco-pl"}],"_links":{"self":[{"href":"https:\/\/www.moskito.cz\/pl\/wp-json\/wp\/v2\/product\/306745","targetHints":{"allow":["GET"]}}],"collection":[{"href":"https:\/\/www.moskito.cz\/pl\/wp-json\/wp\/v2\/product"}],"about":[{"href":"https:\/\/www.moskito.cz\/pl\/wp-json\/wp\/v2\/types\/product"}],"replies":[{"embeddable":true,"href":"https:\/\/www.moskito.cz\/pl\/wp-json\/wp\/v2\/comments?post=306745"}],"wp:featuredmedia":[{"embeddable":true,"href":"https:\/\/www.moskito.cz\/pl\/wp-json\/wp\/v2\/media\/163886"}],"wp:attachment":[{"href":"https:\/\/www.moskito.cz\/pl\/wp-json\/wp\/v2\/media?parent=306745"}],"wp:term":[{"taxonomy":"pwb-brand","embeddable":true,"href":"https:\/\/www.moskito.cz\/pl\/wp-json\/wp\/v2\/pwb-brand?post=306745"},{"taxonomy":"product_brand","embeddable":true,"href":"https:\/\/www.moskito.cz\/pl\/wp-json\/wp\/v2\/product_brand?post=306745"},{"taxonomy":"product_cat","embeddable":true,"href":"https:\/\/www.moskito.cz\/pl\/wp-json\/wp\/v2\/product_cat?post=306745"},{"taxonomy":"product_tag","embeddable":true,"href":"https:\/\/www.moskito.cz\/pl\/wp-json\/wp\/v2\/product_tag?post=306745"}],"curies":[{"name":"wp","href":"https:\/\/api.w.org\/{rel}","templated":true}]}}