{"id":306746,"date":"2019-05-17T18:58:51","date_gmt":"2024-02-06T07:27:56","guid":{"rendered":"https:\/\/www.moskito.cz\/produkt\/delikatna-igla-skladana-lansky-brousek\/"},"modified":"2025-07-11T07:48:59","modified_gmt":"2025-07-11T06:48:59","slug":"delikatna-igla-skladana-lansky-brousek","status":"publish","type":"product","link":"https:\/\/www.moskito.cz\/pl\/produkt\/delikatna-igla-skladana-lansky-brousek\/","title":{"rendered":"Delikatna ig\u0142a sk\u0142adana Lansky Brousek"},"content":{"rendered":"<p>Delikatna ig\u0142a sk\u0142adana Lansky Brousek.<\/p>\n<p>Drobna diamentowa tarcza szlifierska (ziarnisto\u015b\u0107 600)<\/p>\n<p>Nie nadaje si\u0119 do stosowania oleju \u2013 nale\u017cy u\u017cywa\u0107 wody.<\/p>\n<p>Wyprodukowano w Buffalo w stanie Nowy Jork<\/p>\n","protected":false},"excerpt":{"rendered":"<p>Delikatna ig\u0142a sk\u0142adana <strong>Lansky<\/strong> Brousek<\/p>\n","protected":false},"featured_media":176062,"comment_status":"open","ping_status":"closed","template":"","meta":[],"pwb-brand":[3478],"product_brand":[],"product_cat":[3296,3345],"product_tag":[],"class_list":{"0":"post-306746","1":"product","2":"type-product","3":"status-publish","4":"has-post-thumbnail","6":"pwb-brand-lanskyego","7":"product_cat-noze-pl","8":"product_cat-tarcze-szlifierskie-i-stal","10":"first","11":"instock","12":"taxable","13":"shipping-taxable","14":"purchasable","15":"product-type-simple"},"brands":[{"id":3478,"name":"Lansky'ego","slug":"lanskyego"}],"_links":{"self":[{"href":"https:\/\/www.moskito.cz\/pl\/wp-json\/wp\/v2\/product\/306746","targetHints":{"allow":["GET"]}}],"collection":[{"href":"https:\/\/www.moskito.cz\/pl\/wp-json\/wp\/v2\/product"}],"about":[{"href":"https:\/\/www.moskito.cz\/pl\/wp-json\/wp\/v2\/types\/product"}],"replies":[{"embeddable":true,"href":"https:\/\/www.moskito.cz\/pl\/wp-json\/wp\/v2\/comments?post=306746"}],"wp:featuredmedia":[{"embeddable":true,"href":"https:\/\/www.moskito.cz\/pl\/wp-json\/wp\/v2\/media\/176062"}],"wp:attachment":[{"href":"https:\/\/www.moskito.cz\/pl\/wp-json\/wp\/v2\/media?parent=306746"}],"wp:term":[{"taxonomy":"pwb-brand","embeddable":true,"href":"https:\/\/www.moskito.cz\/pl\/wp-json\/wp\/v2\/pwb-brand?post=306746"},{"taxonomy":"product_brand","embeddable":true,"href":"https:\/\/www.moskito.cz\/pl\/wp-json\/wp\/v2\/product_brand?post=306746"},{"taxonomy":"product_cat","embeddable":true,"href":"https:\/\/www.moskito.cz\/pl\/wp-json\/wp\/v2\/product_cat?post=306746"},{"taxonomy":"product_tag","embeddable":true,"href":"https:\/\/www.moskito.cz\/pl\/wp-json\/wp\/v2\/product_tag?post=306746"}],"curies":[{"name":"wp","href":"https:\/\/api.w.org\/{rel}","templated":true}]}}