{"id":306769,"date":"2019-05-12T17:00:04","date_gmt":"2019-05-12T16:00:04","guid":{"rendered":"https:\/\/www.moskito.cz\/produkt\/wielofunkcyjne-szczypce-multitool-leatherman-wave-plus\/"},"modified":"2025-12-09T10:31:39","modified_gmt":"2025-12-09T09:31:39","slug":"wielofunkcyjne-szczypce-multitool-leatherman-wave-plus","status":"publish","type":"product","link":"https:\/\/www.moskito.cz\/pl\/produkt\/wielofunkcyjne-szczypce-multitool-leatherman-wave-plus\/","title":{"rendered":"Narz\u0119dzie wielofunkcyjne Leatherman WAVE Plus"},"content":{"rendered":"<p data-start=\"0\" data-end=\"497\">Gdy we\u017amiesz do r\u0119ki <strong data-start=\"20\" data-end=\"44\">Leatherman WAVE<\/strong> Plus, od razu przekonasz si\u0119, dlaczego ten multitool jest jednym z najlepiej sprzedaj\u0105cych si\u0119 i najpopularniejszych na \u015bwiecie. Solidna konstrukcja ze stali nierdzewnej, 18 precyzyjnie zaprojektowanych narz\u0119dzi i przemy\u015blane detale sprawiaj\u0105, \u017ce WAVE Plus jest niezawodnym towarzyszem w ka\u017cdej sytuacji &#8211; od drobnych napraw po trudne przygody na \u015bwie\u017cym powietrzu. Ulepszona wersja z wymiennymi ostrzami szczypiec zapewnia jeszcze wi\u0119ksz\u0105 trwa\u0142o\u015b\u0107, daj\u0105c pewno\u015b\u0107, \u017ce narz\u0119dzie wielofunkcyjne wytrzyma lata intensywnego u\u017cytkowania.  <\/p>\n<p data-start=\"499\" data-end=\"654\">To narz\u0119dzie wielofunkcyjne to nie tylko narz\u0119dzia &#8211; to pewno\u015b\u0107, \u017ce masz wszystko, czego potrzebujesz na wyci\u0105gni\u0119cie r\u0119ki. Wytrzyma\u0142y, a jednocze\u015bnie przeno\u015bny i zawsze gotowy do pokazania swojej wszechstronno\u015bci. <\/p>\n<hr data-start=\"656\" data-end=\"659\">\n<p data-start=\"661\" data-end=\"714\"><strong data-start=\"664\" data-end=\"712\">Specyfikacja techniczna (Leatherman WAVE Plus)<\/strong><\/p>\n<ul data-start=\"716\" data-end=\"1282\">\n<li data-start=\"716\" data-end=\"760\">\n<p data-start=\"718\" data-end=\"760\">Ca\u0142kowita d\u0142ugo\u015b\u0107 (otwarta): 16 cm<\/p>\n<\/li>\n<li data-start=\"761\" data-end=\"798\">\n<p data-start=\"763\" data-end=\"798\">D\u0142ugo\u015b\u0107 zamkni\u0119tego narz\u0119dzia wielofunkcyjnego: 10 cm<\/p>\n<\/li>\n<li data-start=\"799\" data-end=\"824\">\n<p data-start=\"801\" data-end=\"824\">D\u0142ugo\u015b\u0107 ostrza: 7,37 cm<\/p>\n<\/li>\n<li data-start=\"825\" data-end=\"848\">\n<p data-start=\"827\" data-end=\"848\">Waga: ok. 241 g<\/p>\n<\/li>\n<li data-start=\"849\" data-end=\"892\">\n<p data-start=\"851\" data-end=\"892\">Materia\u0142: wysokiej jako\u015bci stal nierdzewna<\/p>\n<\/li>\n<li data-start=\"893\" data-end=\"915\">\n<p data-start=\"895\" data-end=\"915\">Liczba instrument\u00f3w: 18<\/p>\n<\/li>\n<li data-start=\"916\" data-end=\"1163\">\n<p data-start=\"918\" data-end=\"1163\">Narz\u0119dzia: szczypce z wymiennymi ostrzami, szczypce do roz\u0142upywania, n\u00f3\u017c ze stali nierdzewnej, n\u00f3\u017c z\u0105bkowany, pi\u0142a, pilnik do drewna\/metalu, pilnik diamentowy, no\u017cyczki, otwieracz do butelek, otwieracz do puszek, szyd\u0142o, r\u00f3\u017cne \u015brubokr\u0119ty i bity, linijka i inne.<\/p>\n<\/li>\n<li data-start=\"1164\" data-end=\"1236\">\n<p data-start=\"1166\" data-end=\"1236\">Obs\u0142uga jedn\u0105 r\u0119k\u0105: tak &#8211; wybrane ostrza mo\u017cna otworzy\u0107 jedn\u0105 r\u0119k\u0105<\/p>\n<\/li>\n<li data-start=\"1237\" data-end=\"1282\">\n<p data-start=\"1239\" data-end=\"1282\">Etui: w zestawie nylonowe etui<\/p>\n<\/li>\n<\/ul>\n<hr data-start=\"1284\" data-end=\"1287\">\n<p data-start=\"1289\" data-end=\"1310\">\u2705 <strong data-start=\"1291\" data-end=\"1308\">G\u0142\u00f3wne korzy\u015bci<\/strong><\/p>\n<ul data-start=\"1312\" data-end=\"1726\">\n<li data-start=\"1312\" data-end=\"1387\">\n<p data-start=\"1314\" data-end=\"1387\"><strong data-start=\"1314\" data-end=\"1347\">18 narz\u0119dzi w kompaktowej obudowie<\/strong> &#8211; od no\u017cy po szczypce, zawsze pod r\u0119k\u0105.<\/p>\n<\/li>\n<li data-start=\"1388\" data-end=\"1455\">\n<p data-start=\"1390\" data-end=\"1455\"><strong data-start=\"1390\" data-end=\"1418\">Wymienne ostrza szczypiec<\/strong> &#8211; wyd\u0142u\u017caj\u0105 \u017cywotno\u015b\u0107 narz\u0119dzia wielofunkcyjnego.<\/p>\n<\/li>\n<li data-start=\"1456\" data-end=\"1540\">\n<p data-start=\"1458\" data-end=\"1540\"><strong data-start=\"1458\" data-end=\"1489\">Otwieranie ostrza jedn\u0105 r\u0119k\u0105<\/strong> &#8211; szybki dost\u0119p do no\u017ca bez konieczno\u015bci rozk\u0142adania go.<\/p>\n<\/li>\n<li data-start=\"1541\" data-end=\"1597\">\n<p data-start=\"1543\" data-end=\"1597\"><strong data-start=\"1543\" data-end=\"1560\">Stal nierdzewna<\/strong> &#8211; odporna na korozj\u0119 i zu\u017cycie.<\/p>\n<\/li>\n<li data-start=\"1598\" data-end=\"1658\">\n<p data-start=\"1600\" data-end=\"1658\"><strong data-start=\"1600\" data-end=\"1629\">W zestawie nylonowe etui<\/strong> &#8211; \u0142atwe do noszenia na pasku.<\/p>\n<\/li>\n<li data-start=\"1659\" data-end=\"1726\">\n<p data-start=\"1661\" data-end=\"1726\"><strong data-start=\"1661\" data-end=\"1679\">Kultowy model<\/strong> &#8211; sprawdzony przez lata i u\u017cytkownik\u00f3w na ca\u0142ym \u015bwiecie.<\/p>\n<\/li>\n<\/ul>\n<hr data-start=\"1728\" data-end=\"1731\">\n<p data-start=\"1733\" data-end=\"1755\">\u26a0\ufe0f <strong data-start=\"1736\" data-end=\"1753\">Mo\u017cliwe ograniczenia<\/strong><\/p>\n<ul data-start=\"1757\" data-end=\"2065\">\n<li data-start=\"1757\" data-end=\"1824\">\n<p data-start=\"1759\" data-end=\"1824\"><strong data-start=\"1759\" data-end=\"1777\">Waga 241 g<\/strong> &#8211; w kieszeni jest zauwa\u017calna, idealna raczej w etui.<\/p>\n<\/li>\n<li data-start=\"1825\" data-end=\"1943\">\n<p data-start=\"1827\" data-end=\"1943\"><strong data-start=\"1827\" data-end=\"1860\">Brak specjalnej stali premium<\/strong> dla no\u017cy &#8211; standardowa stal nierdzewna jest w pe\u0142ni wystarczaj\u0105ca, ale nie zrobi wra\u017cenia na kolekcjonerach no\u017cy z wy\u017cszej p\u00f3\u0142ki.<\/p>\n<\/li>\n<li data-start=\"1944\" data-end=\"2065\">\n<p data-start=\"1946\" data-end=\"2065\"><strong data-start=\"1946\" data-end=\"2007\">Narz\u0119dzia te nie s\u0105 przeznaczone do wyj\u0105tkowo specjalistycznych zada\u0144<\/strong> &#8211; jest to narz\u0119dzie og\u00f3lnego przeznaczenia, a nie profesjonalne narz\u0119dzie warsztatowe.<\/p>\n<\/li>\n<\/ul>\n<hr data-start=\"2067\" data-end=\"2070\">\n<p data-start=\"2072\" data-end=\"2095\">\ud83d\udee0\ufe0f <strong data-start=\"2076\" data-end=\"2093\">Konserwacja i piel\u0119gnacja<\/strong><\/p>\n<ul data-start=\"2097\" data-end=\"2556\">\n<li data-start=\"2097\" data-end=\"2176\">\n<p data-start=\"2099\" data-end=\"2176\">Wytrzyj narz\u0119dzie wielofunkcyjne do sucha po u\u017cyciu, zw\u0142aszcza po kontakcie z wilgoci\u0105.<\/p>\n<\/li>\n<li data-start=\"2177\" data-end=\"2236\">\n<p data-start=\"2179\" data-end=\"2236\">Od czasu do czasu smaruj przeguby i ruchome cz\u0119\u015bci dobrej jako\u015bci olejem.<\/p>\n<\/li>\n<li data-start=\"2237\" data-end=\"2299\">\n<p data-start=\"2239\" data-end=\"2299\">Po pracy z agresywnymi substancjami nale\u017cy op\u0142uka\u0107 i osuszy\u0107 narz\u0119dzie wielofunkcyjne.<\/p>\n<\/li>\n<li data-start=\"2300\" data-end=\"2556\">\n<p data-start=\"2302\" data-end=\"2556\">Ostrza mog\u0105 by\u0107 ostre &#8211; <strong data-start=\"2330\" data-end=\"2554\">do utrzymania ostro\u015bci ostrza zalecamy <a class=\"decorated-link cursor-pointer\" target=\"_new\" rel=\"noopener\" data-start=\"2363\" data-end=\"2452\">Spyderco Tri-Angle Sharpmaker Complete Sharpening System 204MF<\/a><\/strong>.<\/p>\n<\/li>\n<li data-start=\"2300\" data-end=\"2556\">\n<p data-start=\"2563\" data-end=\"2586\">\ud83c\udfaf <strong data-start=\"2566\" data-end=\"2584\">Polecane dla<\/strong><\/p>\n<ul data-start=\"2588\" data-end=\"2858\">\n<li data-start=\"2588\" data-end=\"2649\">\n<p data-start=\"2590\" data-end=\"2649\">Entuzja\u015bci outdooru, kt\u00f3rzy potrzebuj\u0105 wszechstronnego narz\u0119dzia.<\/p>\n<\/li>\n<li data-start=\"2650\" data-end=\"2714\">\n<p data-start=\"2652\" data-end=\"2714\">Podr\u00f3\u017cni i tury\u015bci, kt\u00f3rzy chc\u0105 mie\u0107 kompaktowy warsztat w kieszeni.<\/p>\n<\/li>\n<li data-start=\"2715\" data-end=\"2777\">\n<p data-start=\"2717\" data-end=\"2777\">Profesjonali\u015bci poszukuj\u0105cy niezawodnego narz\u0119dzia wielofunkcyjnego do pracy.<\/p>\n<\/li>\n<li data-start=\"2778\" data-end=\"2858\">\n<p data-start=\"2780\" data-end=\"2858\">Ka\u017cdy, kto ceni sobie po\u0142\u0105czenie funkcjonalno\u015bci, niezawodno\u015bci i kultowego designu.<\/p>\n<\/li>\n<\/ul>\n<hr data-start=\"2860\" data-end=\"2863\">\n<p data-start=\"2865\" data-end=\"2892\">\u2b50 <strong data-start=\"2867\" data-end=\"2890\">Ocena ko\u0144cowa<\/strong><\/p>\n<p data-start=\"2894\" data-end=\"3285\"><strong data-start=\"2894\" data-end=\"2918\">Leatherman WAVE Plus<\/strong> to narz\u0119dzie wielofunkcyjne, kt\u00f3re wyznacza standardy. Solidna konstrukcja, szeroka gama narz\u0119dzi i mo\u017cliwo\u015b\u0107 wymiany ostrzy szczypiec sprawiaj\u0105, \u017ce jest to numer jeden w\u015br\u00f3d u\u017cytkownik\u00f3w na ca\u0142ym \u015bwiecie. To wszechstronne narz\u0119dzie, kt\u00f3re sprawdzi si\u0119 zar\u00f3wno w terenie, jak i w codziennym \u017cyciu. Je\u015bli szukasz niezawodnego narz\u0119dzia wielofunkcyjnego o d\u0142ugiej \u017cywotno\u015bci i doskona\u0142ym stosunku ceny do wydajno\u015bci, WAVE Plus to pewniak.   <\/p>\n<\/li>\n<\/ul>\n<p>&nbsp;<\/p>\n<p><iframe title=\"Wave+ Multi-tool Overview\" width=\"800\" height=\"450\" src=\"https:\/\/www.youtube.com\/embed\/TuaAsoscXyY?feature=oembed\" frameborder=\"0\" allow=\"accelerometer; autoplay; clipboard-write; encrypted-media; gyroscope; picture-in-picture; web-share\" referrerpolicy=\"strict-origin-when-cross-origin\" allowfullscreen><\/iframe><\/p>\n<p>&nbsp;<\/p>\n<p>&nbsp;<\/p>\n<p>&nbsp;<\/p>\n<p>&nbsp;<\/p>\n","protected":false},"excerpt":{"rendered":"<p><strong>Leatherman WAVE Plus to narz\u0119dzie wielofunkcyjne, kt\u00f3re wyznacza standardy. Jego solidna konstrukcja, szeroki zakres narz\u0119dzi i mo\u017cliwo\u015b\u0107 wymiany ostrzy szczypiec sprawiaj\u0105, \u017ce jest numerem jeden w\u015br\u00f3d u\u017cytkownik\u00f3w na ca\u0142ym \u015bwiecie. <\/strong><br \/>\n<strong>Darmowa wysy\u0142ka.<\/strong><\/p>\n","protected":false},"featured_media":358890,"comment_status":"open","ping_status":"closed","template":"","meta":[],"pwb-brand":[3487],"product_brand":[],"product_cat":[3341],"product_tag":[],"class_list":{"0":"post-306769","1":"product","2":"type-product","3":"status-publish","4":"has-post-thumbnail","6":"pwb-brand-leathermana","7":"product_cat-multi-tool-pl","9":"first","10":"outofstock","11":"taxable","12":"shipping-taxable","13":"purchasable","14":"product-type-simple"},"brands":[{"id":3487,"name":"Leathermana","slug":"leathermana"}],"_links":{"self":[{"href":"https:\/\/www.moskito.cz\/pl\/wp-json\/wp\/v2\/product\/306769","targetHints":{"allow":["GET"]}}],"collection":[{"href":"https:\/\/www.moskito.cz\/pl\/wp-json\/wp\/v2\/product"}],"about":[{"href":"https:\/\/www.moskito.cz\/pl\/wp-json\/wp\/v2\/types\/product"}],"replies":[{"embeddable":true,"href":"https:\/\/www.moskito.cz\/pl\/wp-json\/wp\/v2\/comments?post=306769"}],"wp:featuredmedia":[{"embeddable":true,"href":"https:\/\/www.moskito.cz\/pl\/wp-json\/wp\/v2\/media\/358890"}],"wp:attachment":[{"href":"https:\/\/www.moskito.cz\/pl\/wp-json\/wp\/v2\/media?parent=306769"}],"wp:term":[{"taxonomy":"pwb-brand","embeddable":true,"href":"https:\/\/www.moskito.cz\/pl\/wp-json\/wp\/v2\/pwb-brand?post=306769"},{"taxonomy":"product_brand","embeddable":true,"href":"https:\/\/www.moskito.cz\/pl\/wp-json\/wp\/v2\/product_brand?post=306769"},{"taxonomy":"product_cat","embeddable":true,"href":"https:\/\/www.moskito.cz\/pl\/wp-json\/wp\/v2\/product_cat?post=306769"},{"taxonomy":"product_tag","embeddable":true,"href":"https:\/\/www.moskito.cz\/pl\/wp-json\/wp\/v2\/product_tag?post=306769"}],"curies":[{"name":"wp","href":"https:\/\/api.w.org\/{rel}","templated":true}]}}