{"id":306780,"date":"2019-05-09T14:06:40","date_gmt":"2024-02-06T07:28:03","guid":{"rendered":"https:\/\/www.moskito.cz\/produkt\/zwilling-bambusowy-blok-na-noze-na-6-sztuk\/"},"modified":"2025-07-11T07:48:55","modified_gmt":"2025-07-11T06:48:55","slug":"zwilling-bambusowy-blok-na-noze-na-6-sztuk","status":"publish","type":"product","link":"https:\/\/www.moskito.cz\/pl\/produkt\/zwilling-bambusowy-blok-na-noze-na-6-sztuk\/","title":{"rendered":"Zwilling bambusowy blok na no\u017ce &#8211; na 6 sztuk"},"content":{"rendered":"<p>Zwilling bambusowy blok na no\u017ce &#8211; na 6 sztuk.<\/p>\n<p>Opr\u00f3cz prawid\u0142owego doboru no\u017cy kuchennych wa\u017cny jest tak\u017ce spos\u00f3b ich przechowywania w kuchni, aby by\u0142y zawsze pod r\u0119k\u0105, bezpieczne, a jednocze\u015bnie delikatne dla no\u017ca.<\/p>\n","protected":false},"excerpt":{"rendered":"<p>Blok na no\u017ce, akcesoria kuchenne, blok na no\u017ce bambusowe Zwilling PS &#8211; na 6 sztuk<\/p>\n","protected":false},"featured_media":0,"comment_status":"open","ping_status":"closed","template":"","meta":[],"pwb-brand":[3463],"product_brand":[],"product_cat":[3481,3466],"product_tag":[],"class_list":{"0":"post-306780","1":"product","2":"type-product","3":"status-publish","5":"pwb-brand-zwilling-pl","6":"product_cat-kuchenne-akcesoria","7":"product_cat-zwilling-pl","9":"first","10":"instock","11":"taxable","12":"shipping-taxable","13":"purchasable","14":"product-type-simple"},"brands":[{"id":3463,"name":"Zwilling","slug":"zwilling-pl"}],"_links":{"self":[{"href":"https:\/\/www.moskito.cz\/pl\/wp-json\/wp\/v2\/product\/306780","targetHints":{"allow":["GET"]}}],"collection":[{"href":"https:\/\/www.moskito.cz\/pl\/wp-json\/wp\/v2\/product"}],"about":[{"href":"https:\/\/www.moskito.cz\/pl\/wp-json\/wp\/v2\/types\/product"}],"replies":[{"embeddable":true,"href":"https:\/\/www.moskito.cz\/pl\/wp-json\/wp\/v2\/comments?post=306780"}],"wp:attachment":[{"href":"https:\/\/www.moskito.cz\/pl\/wp-json\/wp\/v2\/media?parent=306780"}],"wp:term":[{"taxonomy":"pwb-brand","embeddable":true,"href":"https:\/\/www.moskito.cz\/pl\/wp-json\/wp\/v2\/pwb-brand?post=306780"},{"taxonomy":"product_brand","embeddable":true,"href":"https:\/\/www.moskito.cz\/pl\/wp-json\/wp\/v2\/product_brand?post=306780"},{"taxonomy":"product_cat","embeddable":true,"href":"https:\/\/www.moskito.cz\/pl\/wp-json\/wp\/v2\/product_cat?post=306780"},{"taxonomy":"product_tag","embeddable":true,"href":"https:\/\/www.moskito.cz\/pl\/wp-json\/wp\/v2\/product_tag?post=306780"}],"curies":[{"name":"wp","href":"https:\/\/api.w.org\/{rel}","templated":true}]}}