{"id":306786,"date":"2019-05-05T13:20:15","date_gmt":"2024-02-06T07:28:05","guid":{"rendered":"https:\/\/www.moskito.cz\/produkt\/noz-meyerco-brent-beshara-besh-z-klinowa-szyja-mlnk\/"},"modified":"2025-07-11T07:48:55","modified_gmt":"2025-07-11T06:48:55","slug":"noz-meyerco-brent-beshara-besh-z-klinowa-szyja-mlnk","status":"publish","type":"product","link":"https:\/\/www.moskito.cz\/pl\/produkt\/noz-meyerco-brent-beshara-besh-z-klinowa-szyja-mlnk\/","title":{"rendered":"N\u00f3\u017c Meyerco Brent Beshara Besh z klinow\u0105 szyj\u0105 MLNK"},"content":{"rendered":"<p>N\u00f3\u017c Meyerco Brent Beshara Besh z klinow\u0105 szyj\u0105 MLNK.<\/p>\n<p><span class=\"tlid-translation translation\" lang=\"cs\"><span class=\"\" title=\"\">N\u00f3\u017c Meyerco MLNK Brent Beshara Besh z klinow\u0105 szyj\u0105.<\/span> <span class=\"\" title=\"\">Brent Beshara tak opisuje zaprojektowany przez siebie n\u00f3\u017c: BESH Wedge to rewolucyjny n\u00f3\u017c o potr\u00f3jnym ostrzu, kt\u00f3ry wymy\u015bli\u0142em wsp\u00f3lnie z Tob\u0105, u\u017cytkownikiem ko\u0144cowym.<\/span> <span class=\"\" title=\"\">To najmocniejszy n\u00f3\u017c na \u015bwiecie.<\/span> <span class=\"\" title=\"\">Moja geometria w po\u0142\u0105czeniu z doskona\u0142o\u015bci\u0105 projektu Darrela Ralpha i jako\u015bci\u0105 konstrukcji Meyerco daje w rezultacie \u201ew\u0142a\u015bciwe narz\u0119dzie do w\u0142a\u015bciwego zadania\u201d.<\/span><\/span><\/p>\n<p><span title=\"\">Ostrze klinowe BESH firmy Brent Beshara ma unikaln\u0105 geometri\u0119 ostrza, kt\u00f3ra przenosi jak najwi\u0119cej stali na czubek ostrza.<\/span> <span class=\"\" title=\"\">N\u00f3\u017c BESH z klinow\u0105 szyj\u0105 ma r\u0119koje\u015b\u0107 owini\u0119t\u0105 parakalem i kydexow\u0105 pochw\u0119 z \u0142a\u0144cuszkiem na szyj\u0119.<\/span> <span class=\"\" title=\"\">Meyerco posiada licencj\u0119 na produkcj\u0119 klin\u00f3w BESH od BESH Knives Inc.<\/span><\/p>\n<p><span title=\"\">D\u0142ugo\u015b\u0107 ca\u0142kowita:<\/span> 20 cm<\/p>\n<p><span title=\"\">D\u0142ugo\u015b\u0107 ostrza:<\/span> 11 cm<\/p>\n<p><span title=\"\">Materia\u0142 r\u0119koje\u015bci:<\/span> <span title=\"\">Para Cord<\/span><\/p>\n<p><span title=\"\">Kabura:<\/span> <span title=\"\">Kydex z \u0142a\u0144cuszkiem na szyj\u0119<\/span><\/p>\n<p>&nbsp;<\/p>\n","protected":false},"excerpt":{"rendered":"<p>N\u00f3\u017c sta\u0142y z pochw\u0105.<\/p>\n","protected":false},"featured_media":163888,"comment_status":"open","ping_status":"closed","template":"","meta":[],"pwb-brand":[3477],"product_brand":[],"product_cat":[3296,3297],"product_tag":[],"class_list":{"0":"post-306786","1":"product","2":"type-product","3":"status-publish","4":"has-post-thumbnail","6":"pwb-brand-meyerco-pl","7":"product_cat-noze-pl","8":"product_cat-solidne-noze","10":"first","11":"onbackorder","12":"taxable","13":"shipping-taxable","14":"purchasable","15":"product-type-simple"},"brands":[{"id":3477,"name":"Meyerco","slug":"meyerco-pl"}],"_links":{"self":[{"href":"https:\/\/www.moskito.cz\/pl\/wp-json\/wp\/v2\/product\/306786","targetHints":{"allow":["GET"]}}],"collection":[{"href":"https:\/\/www.moskito.cz\/pl\/wp-json\/wp\/v2\/product"}],"about":[{"href":"https:\/\/www.moskito.cz\/pl\/wp-json\/wp\/v2\/types\/product"}],"replies":[{"embeddable":true,"href":"https:\/\/www.moskito.cz\/pl\/wp-json\/wp\/v2\/comments?post=306786"}],"wp:featuredmedia":[{"embeddable":true,"href":"https:\/\/www.moskito.cz\/pl\/wp-json\/wp\/v2\/media\/163888"}],"wp:attachment":[{"href":"https:\/\/www.moskito.cz\/pl\/wp-json\/wp\/v2\/media?parent=306786"}],"wp:term":[{"taxonomy":"pwb-brand","embeddable":true,"href":"https:\/\/www.moskito.cz\/pl\/wp-json\/wp\/v2\/pwb-brand?post=306786"},{"taxonomy":"product_brand","embeddable":true,"href":"https:\/\/www.moskito.cz\/pl\/wp-json\/wp\/v2\/product_brand?post=306786"},{"taxonomy":"product_cat","embeddable":true,"href":"https:\/\/www.moskito.cz\/pl\/wp-json\/wp\/v2\/product_cat?post=306786"},{"taxonomy":"product_tag","embeddable":true,"href":"https:\/\/www.moskito.cz\/pl\/wp-json\/wp\/v2\/product_tag?post=306786"}],"curies":[{"name":"wp","href":"https:\/\/api.w.org\/{rel}","templated":true}]}}