{"id":306794,"date":"2019-05-10T10:48:58","date_gmt":"2024-02-06T07:28:08","guid":{"rendered":"https:\/\/www.moskito.cz\/produkt\/noz-zwilling-profesjonalny-noz-s-do-krojenia-20cm\/"},"modified":"2025-07-11T07:48:56","modified_gmt":"2025-07-11T06:48:56","slug":"noz-zwilling-profesjonalny-noz-s-do-krojenia-20cm","status":"publish","type":"product","link":"https:\/\/www.moskito.cz\/pl\/produkt\/noz-zwilling-profesjonalny-noz-s-do-krojenia-20cm\/","title":{"rendered":"N\u00f3\u017c ZWILLING Profesjonalny n\u00f3\u017c \u201eS\u201d do krojenia 20cm"},"content":{"rendered":"<p>N\u00f3\u017c ZWILLING Profesjonalny n\u00f3\u017c \u201eS\u201d do krojenia 20cm.<br \/>\nN\u00f3\u017c do krojenia o d\u0142ugo\u015bci ostrza 20 cm z serii Professional \u201eS\u201d, kt\u00f3ry znajdzie miejsce w Twojej kuchni. N\u00f3\u017c niezb\u0119dny do krojenia mi\u0119sa w cienkie plasterki, zar\u00f3wno surowego, jak i gotowanego.<\/p>\n<p>&nbsp;<\/p>\n<p>SPECYFIKACJE<\/p>\n<ul>\n<li>D\u0142ugo\u015b\u0107 ostrza: 20 cm<\/li>\n<li>Materia\u0142: mieszanka stali nierdzewnej, chromu i w\u0119gla (ostrze), tworzywa sztucznego (r\u0119koje\u015b\u0107)<\/li>\n<li>Kolor: srebrny, czarny<\/li>\n<\/ul>\n","protected":false},"excerpt":{"rendered":"<p>N\u00f3\u017c kuchenny.<\/p>\n","protected":false},"featured_media":0,"comment_status":"open","ping_status":"closed","template":"","meta":[],"pwb-brand":[3463],"product_brand":[],"product_cat":[3294,3466],"product_tag":[],"class_list":{"0":"post-306794","1":"product","2":"type-product","3":"status-publish","5":"pwb-brand-zwilling-pl","6":"product_cat-noze-kuchenne","7":"product_cat-zwilling-pl","9":"first","10":"instock","11":"taxable","12":"shipping-taxable","13":"purchasable","14":"product-type-simple"},"brands":[{"id":3463,"name":"Zwilling","slug":"zwilling-pl"}],"_links":{"self":[{"href":"https:\/\/www.moskito.cz\/pl\/wp-json\/wp\/v2\/product\/306794","targetHints":{"allow":["GET"]}}],"collection":[{"href":"https:\/\/www.moskito.cz\/pl\/wp-json\/wp\/v2\/product"}],"about":[{"href":"https:\/\/www.moskito.cz\/pl\/wp-json\/wp\/v2\/types\/product"}],"replies":[{"embeddable":true,"href":"https:\/\/www.moskito.cz\/pl\/wp-json\/wp\/v2\/comments?post=306794"}],"wp:attachment":[{"href":"https:\/\/www.moskito.cz\/pl\/wp-json\/wp\/v2\/media?parent=306794"}],"wp:term":[{"taxonomy":"pwb-brand","embeddable":true,"href":"https:\/\/www.moskito.cz\/pl\/wp-json\/wp\/v2\/pwb-brand?post=306794"},{"taxonomy":"product_brand","embeddable":true,"href":"https:\/\/www.moskito.cz\/pl\/wp-json\/wp\/v2\/product_brand?post=306794"},{"taxonomy":"product_cat","embeddable":true,"href":"https:\/\/www.moskito.cz\/pl\/wp-json\/wp\/v2\/product_cat?post=306794"},{"taxonomy":"product_tag","embeddable":true,"href":"https:\/\/www.moskito.cz\/pl\/wp-json\/wp\/v2\/product_tag?post=306794"}],"curies":[{"name":"wp","href":"https:\/\/api.w.org\/{rel}","templated":true}]}}