{"id":306801,"date":"2019-06-01T08:44:46","date_gmt":"2024-02-06T07:28:28","guid":{"rendered":"https:\/\/www.moskito.cz\/produkt\/palka-teleskopowa-40cm-16-niehartowana-srebrna\/"},"modified":"2025-07-11T07:49:00","modified_gmt":"2025-07-11T06:49:00","slug":"palka-teleskopowa-40cm-16-niehartowana-srebrna","status":"publish","type":"product","link":"https:\/\/www.moskito.cz\/pl\/produkt\/palka-teleskopowa-40cm-16-niehartowana-srebrna\/","title":{"rendered":"Pa\u0142ka teleskopowa 40cm\/16&#8243; niehartowana SREBRNA"},"content":{"rendered":"<p>Pa\u0142ka teleskopowa 40cm\/16&#8243; niehartowana SREBRNA.<\/p>\n<p>Sk\u0142adana pa\u0142ka teleskopowa do obrony. Mo\u017cna go r\u00f3wnie\u017c nosi\u0107 w torebce r\u0119cznej. Monta\u017c jednym ruchem. Solidna konstrukcja i obudowa.<\/p>\n","protected":false},"excerpt":{"rendered":"<p>Pa\u0142ka teleskopowa ExB-16 standard niehartowana<\/p>\n","protected":false},"featured_media":180007,"comment_status":"open","ping_status":"closed","template":"","meta":[],"pwb-brand":[3494],"product_brand":[],"product_cat":[3499],"product_tag":[],"class_list":{"0":"post-306801","1":"product","2":"type-product","3":"status-publish","4":"has-post-thumbnail","6":"pwb-brand-szczegolnie","7":"product_cat-palki-teleskopowe","9":"first","10":"onbackorder","11":"taxable","12":"shipping-taxable","13":"purchasable","14":"product-type-simple"},"brands":[{"id":3494,"name":"szczeg\u00f3lnie","slug":"szczegolnie"}],"_links":{"self":[{"href":"https:\/\/www.moskito.cz\/pl\/wp-json\/wp\/v2\/product\/306801","targetHints":{"allow":["GET"]}}],"collection":[{"href":"https:\/\/www.moskito.cz\/pl\/wp-json\/wp\/v2\/product"}],"about":[{"href":"https:\/\/www.moskito.cz\/pl\/wp-json\/wp\/v2\/types\/product"}],"replies":[{"embeddable":true,"href":"https:\/\/www.moskito.cz\/pl\/wp-json\/wp\/v2\/comments?post=306801"}],"wp:featuredmedia":[{"embeddable":true,"href":"https:\/\/www.moskito.cz\/pl\/wp-json\/wp\/v2\/media\/180007"}],"wp:attachment":[{"href":"https:\/\/www.moskito.cz\/pl\/wp-json\/wp\/v2\/media?parent=306801"}],"wp:term":[{"taxonomy":"pwb-brand","embeddable":true,"href":"https:\/\/www.moskito.cz\/pl\/wp-json\/wp\/v2\/pwb-brand?post=306801"},{"taxonomy":"product_brand","embeddable":true,"href":"https:\/\/www.moskito.cz\/pl\/wp-json\/wp\/v2\/product_brand?post=306801"},{"taxonomy":"product_cat","embeddable":true,"href":"https:\/\/www.moskito.cz\/pl\/wp-json\/wp\/v2\/product_cat?post=306801"},{"taxonomy":"product_tag","embeddable":true,"href":"https:\/\/www.moskito.cz\/pl\/wp-json\/wp\/v2\/product_tag?post=306801"}],"curies":[{"name":"wp","href":"https:\/\/api.w.org\/{rel}","templated":true}]}}