{"id":306820,"date":"2019-06-01T14:07:30","date_gmt":"2024-02-06T07:28:32","guid":{"rendered":"https:\/\/www.moskito.cz\/produkt\/palka-teleskopowa-16-czarna-hartowana\/"},"modified":"2025-07-11T07:49:01","modified_gmt":"2025-07-11T06:49:01","slug":"palka-teleskopowa-16-czarna-hartowana","status":"publish","type":"product","link":"https:\/\/www.moskito.cz\/pl\/produkt\/palka-teleskopowa-16-czarna-hartowana\/","title":{"rendered":"Pa\u0142ka teleskopowa 16&#8243; czarna, hartowana"},"content":{"rendered":"<p>Pa\u0142ka teleskopowa 16&#8243; czarna, hartowana.<\/p>\n<p>Wysokiej jako\u015bci hartowana pa\u0142ka teleskopowa ESP z gumow\u0105 r\u0105czk\u0105. Pa\u0142ka wykonana jest z wysokiej jako\u015bci utwardzanego materia\u0142u, kt\u00f3ry nie wygina si\u0119. W zestawie nylonowa kabura, kt\u00f3r\u0105 mo\u017cna przymocowa\u0107 do paska. Pa\u0142ka hartowana przeznaczona jest tak\u017ce do u\u017cytku profesjonalnego. U\u017cywa go na przyk\u0142ad policja lub inne si\u0142y zbrojne. R\u0119koje\u015b\u0107 pa\u0142ki jest czarna. W zestawie znajduje si\u0119 r\u00f3wnie\u017c plastikowe etui, kt\u00f3re mo\u017cna przymocowa\u0107 do paska.<\/p>\n","protected":false},"excerpt":{"rendered":"<p>Pa\u0142ka teleskopowa 16&#8243; czarna, hartowana, pa\u0142ka<\/p>\n","protected":false},"featured_media":181702,"comment_status":"open","ping_status":"closed","template":"","meta":[],"pwb-brand":[3494],"product_brand":[],"product_cat":[3499],"product_tag":[],"class_list":{"0":"post-306820","1":"product","2":"type-product","3":"status-publish","4":"has-post-thumbnail","6":"pwb-brand-szczegolnie","7":"product_cat-palki-teleskopowe","9":"first","10":"outofstock","11":"taxable","12":"shipping-taxable","13":"purchasable","14":"product-type-simple"},"brands":[{"id":3494,"name":"szczeg\u00f3lnie","slug":"szczegolnie"}],"_links":{"self":[{"href":"https:\/\/www.moskito.cz\/pl\/wp-json\/wp\/v2\/product\/306820","targetHints":{"allow":["GET"]}}],"collection":[{"href":"https:\/\/www.moskito.cz\/pl\/wp-json\/wp\/v2\/product"}],"about":[{"href":"https:\/\/www.moskito.cz\/pl\/wp-json\/wp\/v2\/types\/product"}],"replies":[{"embeddable":true,"href":"https:\/\/www.moskito.cz\/pl\/wp-json\/wp\/v2\/comments?post=306820"}],"wp:featuredmedia":[{"embeddable":true,"href":"https:\/\/www.moskito.cz\/pl\/wp-json\/wp\/v2\/media\/181702"}],"wp:attachment":[{"href":"https:\/\/www.moskito.cz\/pl\/wp-json\/wp\/v2\/media?parent=306820"}],"wp:term":[{"taxonomy":"pwb-brand","embeddable":true,"href":"https:\/\/www.moskito.cz\/pl\/wp-json\/wp\/v2\/pwb-brand?post=306820"},{"taxonomy":"product_brand","embeddable":true,"href":"https:\/\/www.moskito.cz\/pl\/wp-json\/wp\/v2\/product_brand?post=306820"},{"taxonomy":"product_cat","embeddable":true,"href":"https:\/\/www.moskito.cz\/pl\/wp-json\/wp\/v2\/product_cat?post=306820"},{"taxonomy":"product_tag","embeddable":true,"href":"https:\/\/www.moskito.cz\/pl\/wp-json\/wp\/v2\/product_tag?post=306820"}],"curies":[{"name":"wp","href":"https:\/\/api.w.org\/{rel}","templated":true}]}}