{"id":306821,"date":"2019-05-18T17:54:15","date_gmt":"2019-05-18T16:54:15","guid":{"rendered":"https:\/\/www.moskito.cz\/produkt\/nitecore-ha40\/"},"modified":"2025-09-15T09:57:54","modified_gmt":"2025-09-15T08:57:54","slug":"nitecore-ha40","status":"publish","type":"product","link":"https:\/\/www.moskito.cz\/pl\/produkt\/nitecore-ha40\/","title":{"rendered":"Nitecore HA40"},"content":{"rendered":"<p>Nitecore HA40.<\/p>\n<p> Mocna, uniwersalna latarka czo\u0142owa przeznaczona do uprawiania turystyki pieszej, aktywno\u015bci na \u015bwie\u017cym powietrzu i pracy.<\/p>\n<p> Zasilany 4 bateriami AA (mo\u017cna u\u017cywa\u0107 baterii jednorazowych, ale w celu uzyskania maksymalnej wydajno\u015bci i wytrzyma\u0142o\u015bci zaleca si\u0119 stosowanie akumulator\u00f3w NiMH)<\/p>\n","protected":false},"excerpt":{"rendered":"<p>Nitecore HA40<\/p>\n","protected":false},"featured_media":164230,"comment_status":"open","ping_status":"closed","template":"","meta":[],"pwb-brand":[3501],"product_brand":[],"product_cat":[3373,3372],"product_tag":[],"class_list":{"0":"post-306821","1":"product","2":"type-product","3":"status-publish","4":"has-post-thumbnail","6":"pwb-brand-nitecore-pl","7":"product_cat-lampy","8":"product_cat-kemping","10":"first","11":"outofstock","12":"taxable","13":"shipping-taxable","14":"purchasable","15":"product-type-simple"},"brands":[{"id":3501,"name":"Nitecore","slug":"nitecore-pl"}],"_links":{"self":[{"href":"https:\/\/www.moskito.cz\/pl\/wp-json\/wp\/v2\/product\/306821","targetHints":{"allow":["GET"]}}],"collection":[{"href":"https:\/\/www.moskito.cz\/pl\/wp-json\/wp\/v2\/product"}],"about":[{"href":"https:\/\/www.moskito.cz\/pl\/wp-json\/wp\/v2\/types\/product"}],"replies":[{"embeddable":true,"href":"https:\/\/www.moskito.cz\/pl\/wp-json\/wp\/v2\/comments?post=306821"}],"wp:featuredmedia":[{"embeddable":true,"href":"https:\/\/www.moskito.cz\/pl\/wp-json\/wp\/v2\/media\/164230"}],"wp:attachment":[{"href":"https:\/\/www.moskito.cz\/pl\/wp-json\/wp\/v2\/media?parent=306821"}],"wp:term":[{"taxonomy":"pwb-brand","embeddable":true,"href":"https:\/\/www.moskito.cz\/pl\/wp-json\/wp\/v2\/pwb-brand?post=306821"},{"taxonomy":"product_brand","embeddable":true,"href":"https:\/\/www.moskito.cz\/pl\/wp-json\/wp\/v2\/product_brand?post=306821"},{"taxonomy":"product_cat","embeddable":true,"href":"https:\/\/www.moskito.cz\/pl\/wp-json\/wp\/v2\/product_cat?post=306821"},{"taxonomy":"product_tag","embeddable":true,"href":"https:\/\/www.moskito.cz\/pl\/wp-json\/wp\/v2\/product_tag?post=306821"}],"curies":[{"name":"wp","href":"https:\/\/api.w.org\/{rel}","templated":true}]}}