{"id":306841,"date":"2019-05-18T10:38:34","date_gmt":"2024-02-06T07:28:38","guid":{"rendered":"https:\/\/www.moskito.cz\/produkt\/latarka-ledlenser-mt18\/"},"modified":"2025-07-11T07:48:59","modified_gmt":"2025-07-11T06:48:59","slug":"latarka-ledlenser-mt18","status":"publish","type":"product","link":"https:\/\/www.moskito.cz\/pl\/produkt\/latarka-ledlenser-mt18\/","title":{"rendered":"Latarka Ledlenser MT18"},"content":{"rendered":"<p>Latarka Ledlenser MT18.<\/p>\n<p>Wyr\u00f3\u017cnia si\u0119 wydajno\u015bci\u0105 przewy\u017cszaj\u0105c\u0105 \u015bwiat\u0142a drogowe samochod\u00f3w: z akumulatorem \u015bwieci na odleg\u0142o\u015b\u0107 do 540 m z moc\u0105 3000 lm (!) przez pi\u0119\u0107 godzin. (Dla por\u00f3wnania: g\u0142\u00f3wna wi\u0105zka przeci\u0119tnego samochodu \u015bwieci moc\u0105 do 1500 lumen\u00f3w.) W sumie u\u017cytkownik ma do wyboru trzy tryby \u015bwiecenia. W trybie oszcz\u0119dzania energii (30 lm, 80 m) latarka mo\u017ce \u015bwieci\u0107 a\u017c do 96 godzin. Latarka o wymiarach 178 mm i 620 g charakteryzuje si\u0119 ponadprzeci\u0119tn\u0105 wytrzyma\u0142o\u015bci\u0105 wed\u0142ug standard\u00f3w IPX4, dzi\u0119ki czemu nie zawiedzie nawet podczas deszczu, \u015bniegu czy upadku z wysoko\u015bci. Latark\u0119 mo\u017cna programowa\u0107 za pomoc\u0105 funkcji Smart Light Technology, w zestawie znajduje si\u0119 reflektor Advanced Focus System oraz mechanizm szybkiego ustawiania ostro\u015bci.<\/p>\n","protected":false},"excerpt":{"rendered":"<p>Lekka latarka r\u0119czna Ledlenser MT18 do aktywno\u015bci na \u015bwie\u017cym powietrzu. Mocna \u017car\u00f3wka Xtreme LED \u015bwieci na odleg\u0142o\u015b\u0107 do 540 metr\u00f3w i mo\u017cna ni\u0105 \u0142atwo sterowa\u0107 jedn\u0105 r\u0119k\u0105.<\/p>\n","protected":false},"featured_media":169628,"comment_status":"open","ping_status":"closed","template":"","meta":[],"pwb-brand":[3492],"product_brand":[],"product_cat":[3372,3373],"product_tag":[],"class_list":{"0":"post-306841","1":"product","2":"type-product","3":"status-publish","4":"has-post-thumbnail","6":"pwb-brand-ledlensera","7":"product_cat-kemping","8":"product_cat-lampy","10":"first","11":"outofstock","12":"taxable","13":"shipping-taxable","14":"purchasable","15":"product-type-simple"},"brands":[{"id":3492,"name":"Ledlensera","slug":"ledlensera"}],"_links":{"self":[{"href":"https:\/\/www.moskito.cz\/pl\/wp-json\/wp\/v2\/product\/306841","targetHints":{"allow":["GET"]}}],"collection":[{"href":"https:\/\/www.moskito.cz\/pl\/wp-json\/wp\/v2\/product"}],"about":[{"href":"https:\/\/www.moskito.cz\/pl\/wp-json\/wp\/v2\/types\/product"}],"replies":[{"embeddable":true,"href":"https:\/\/www.moskito.cz\/pl\/wp-json\/wp\/v2\/comments?post=306841"}],"wp:featuredmedia":[{"embeddable":true,"href":"https:\/\/www.moskito.cz\/pl\/wp-json\/wp\/v2\/media\/169628"}],"wp:attachment":[{"href":"https:\/\/www.moskito.cz\/pl\/wp-json\/wp\/v2\/media?parent=306841"}],"wp:term":[{"taxonomy":"pwb-brand","embeddable":true,"href":"https:\/\/www.moskito.cz\/pl\/wp-json\/wp\/v2\/pwb-brand?post=306841"},{"taxonomy":"product_brand","embeddable":true,"href":"https:\/\/www.moskito.cz\/pl\/wp-json\/wp\/v2\/product_brand?post=306841"},{"taxonomy":"product_cat","embeddable":true,"href":"https:\/\/www.moskito.cz\/pl\/wp-json\/wp\/v2\/product_cat?post=306841"},{"taxonomy":"product_tag","embeddable":true,"href":"https:\/\/www.moskito.cz\/pl\/wp-json\/wp\/v2\/product_tag?post=306841"}],"curies":[{"name":"wp","href":"https:\/\/api.w.org\/{rel}","templated":true}]}}