{"id":306872,"date":"2022-04-05T15:18:02","date_gmt":"2024-02-06T10:40:08","guid":{"rendered":"https:\/\/www.moskito.cz\/produkt\/noz-strzelecki-microtech-troodon-blue-140-3bl\/"},"modified":"2025-05-07T10:56:57","modified_gmt":"2025-05-07T09:56:57","slug":"noz-strzelecki-microtech-troodon-blue-140-3bl","status":"publish","type":"product","link":"https:\/\/www.moskito.cz\/pl\/produkt\/noz-strzelecki-microtech-troodon-blue-140-3bl\/","title":{"rendered":"N\u00f3\u017c strzelecki Microtech Troodon Blue 140-3BL"},"content":{"rendered":"<p>N\u00f3\u017c strzelecki <strong>Microtech<\/strong> Troodon Blue 140-3BL<\/p>\n<p>N\u00f3\u017c ten, nazwany na cze\u015b\u0107 dinozaura Troodon (troodon), wyznacza now\u0105 er\u0119 dla no\u017cy Microtech. Troodon oznacza po grecku \u201eran\u0119 z\u0119ba\u201d. Nowe ulepszenia obejmuj\u0105 nowy, smuk\u0142y uchwyt, wyprofilowany kszta\u0142t i radykalne elementy konstrukcyjne, a tak\u017ce wyrafinowany mechanizm wewn\u0119trzny, kt\u00f3ry poprawia funkcjonalno\u015b\u0107 operacyjn\u0105 i niezawodno\u015b\u0107. Troodon \u0142\u0105czy now\u0105, najnowocze\u015bniejsz\u0105 technologi\u0119 z klimatem klasycznego Microtech. Projekt ten by\u0142 prowadzony osobi\u015bcie przez Anthony&#8217;ego Marfione i polega\u0142 na wewn\u0119trznej wsp\u00f3\u0142pracy zespo\u0142u Microtech. Troodon by\u0142 okr\u0119tem flagowym ca\u0142ej linii Microtech w 2006 roku.<\/p>\n<p>D\u0142ugo\u015b\u0107 ca\u0142kowita: 19,2 cm<br \/>\nD\u0142ugo\u015b\u0107 ostrza: 7,5 cm<br \/>\nMateria\u0142 ostrza: M390<br \/>\nStyl ostrza: sztylet<br \/>\nWstawki: p\u0142askie<br \/>\nTyp kraw\u0119dzi: z\u0105bkowany<br \/>\nD\u0142ugo\u015b\u0107 r\u0105czki: 10,63 cm<br \/>\nGrubo\u015b\u0107 r\u0105czki: 1,12 cm<br \/>\nMateria\u0142 r\u0119koje\u015bci: aluminium<br \/>\nWaga: 3,00 uncji<br \/>\nU\u017cytkownik: Prawa r\u0119ka<br \/>\nKlips kieszonkowy: sk\u0142adany w d\u00f3\u0142<br \/>\nTyp no\u017ca: Automatyczny<br \/>\nOtwieracz: kciuk<br \/>\nMarka: Microtech<br \/>\nModelka: Troodon<br \/>\nKraj pochodzenia: USA<\/p>\n<p><iframe title=\"Microtech Combat Troodon Torture Test\" width=\"800\" height=\"450\" src=\"https:\/\/www.youtube.com\/embed\/xE9TeOFYEjg?feature=oembed\" frameborder=\"0\" allow=\"accelerometer; autoplay; clipboard-write; encrypted-media; gyroscope; picture-in-picture; web-share\" allowfullscreen><\/iframe><\/p>\n<p>Troodon firmy Microtech Knives Inc ma elegancki i smuk\u0142y uchwyt. Jedynym sposobem na uzyskanie tak smuk\u0142ej r\u0119koje\u015bci jest zastosowanie znacz\u0105cej in\u017cynierii i niesamowitego projektu. Ka\u017cda krzywizna, zak\u0105tek i szczelina zosta\u0142y starannie przemy\u015blane, aby zapewni\u0107 Ci n\u00f3\u017c charakteryzuj\u0105cy si\u0119 p\u0142ynn\u0105 prac\u0105, wyprofilowanym uchwytem z obrobionymi rowkami\/naci\u0119ciami dla lepszego chwytu oraz du\u017cym ostrzem, kt\u00f3re poradzi sobie ze wszystkimi zadaniami zwi\u0105zanymi z ci\u0119ciem. N\u00f3\u017c wyposa\u017cony jest w zbijak do szk\u0142a i dwustronny klips do kieszeni.<br \/>\nDodatkowe informacje<br \/>\nAutomatyczne dzia\u0142anie Podw\u00f3jne dzia\u0142anie (D\/A)<br \/>\nWyko\u0144czenie ostrza w kolorze czarnym<br \/>\nD\u0142ugo\u015b\u0107 ostrza (cale) 3,10 cala<br \/>\nKszta\u0142t ostrza Tanto<br \/>\nOstrze ze stali M390<br \/>\nNowy stan Tak<br \/>\nU\u017cywany, stan nr<br \/>\nT\u0142uczek do szk\u0142a Tak<br \/>\nKolor uchwytu Niebieski<br \/>\nWk\u0142adki uchwyt\u00f3w Brak<br \/>\nMateria\u0142 r\u0119koje\u015bci Aluminium<br \/>\nRodzaj akcji Automatyczny z przodu (OTF)<br \/>\nProducent no\u017cy Microtech<br \/>\nModel producenta Microtech Troodon<br \/>\nD\u0142ugo\u015b\u0107 ca\u0142kowita (cale) 7,40 cala<br \/>\nKlips kieszonkowy Tak<br \/>\nKieszonkowy klips skierowany w d\u00f3\u0142<br \/>\nRodzaj produkcji Wyprodukowano<br \/>\nZ\u0105bki w pe\u0142ni z\u0105bkowane<\/p>\n","protected":false},"excerpt":{"rendered":"<div class=\"elementor-element elementor-element-bbb542b elementor-widget elementor-widget-woocommerce-product-short-description\" data-id=\"bbb542b\" data-element_type=\"widget\" data-widget_type=\"woocommerce-product-short-description.default\">\n<div class=\"elementor-widget-container\">\n<div class=\"woocommerce-product-details__short-description\">\n<p>Przez lata <strong>Microtech\u00ae<\/strong> Knives wype\u0142nia\u0142 no\u017ce pasj\u0105 i umiej\u0119tno\u015bciami, aby tworzy\u0107 niemal dzie\u0142a sztuki, kt\u00f3re s\u0105 szczytem funkcjonalno\u015bci.Wszystkie cz\u0119\u015bci s\u0105 produkowane w USA.<br \/>\n<strong>Wszystkie no\u017ce Microtech obj\u0119te s\u0105 do\u017cywotni\u0105 gwarancj\u0105.<\/strong><\/p>\n<p><strong>Bezp\u0142atny transport.<\/strong><\/p>\n<\/div>\n<\/div>\n<\/div>\n","protected":false},"featured_media":306873,"comment_status":"open","ping_status":"closed","template":"","meta":[],"pwb-brand":[3279],"product_brand":[],"product_cat":[3344],"product_tag":[3671],"class_list":{"0":"post-306872","1":"product","2":"type-product","3":"status-publish","4":"has-post-thumbnail","6":"pwb-brand-microtech-pl","7":"product_cat-noze-strzeleckie","8":"product_tag-b2b-pl","10":"first","11":"instock","12":"taxable","13":"shipping-taxable","14":"purchasable","15":"product-type-simple"},"brands":[{"id":3279,"name":"Microtech","slug":"microtech-pl"}],"_links":{"self":[{"href":"https:\/\/www.moskito.cz\/pl\/wp-json\/wp\/v2\/product\/306872","targetHints":{"allow":["GET"]}}],"collection":[{"href":"https:\/\/www.moskito.cz\/pl\/wp-json\/wp\/v2\/product"}],"about":[{"href":"https:\/\/www.moskito.cz\/pl\/wp-json\/wp\/v2\/types\/product"}],"replies":[{"embeddable":true,"href":"https:\/\/www.moskito.cz\/pl\/wp-json\/wp\/v2\/comments?post=306872"}],"wp:featuredmedia":[{"embeddable":true,"href":"https:\/\/www.moskito.cz\/pl\/wp-json\/wp\/v2\/media\/306873"}],"wp:attachment":[{"href":"https:\/\/www.moskito.cz\/pl\/wp-json\/wp\/v2\/media?parent=306872"}],"wp:term":[{"taxonomy":"pwb-brand","embeddable":true,"href":"https:\/\/www.moskito.cz\/pl\/wp-json\/wp\/v2\/pwb-brand?post=306872"},{"taxonomy":"product_brand","embeddable":true,"href":"https:\/\/www.moskito.cz\/pl\/wp-json\/wp\/v2\/product_brand?post=306872"},{"taxonomy":"product_cat","embeddable":true,"href":"https:\/\/www.moskito.cz\/pl\/wp-json\/wp\/v2\/product_cat?post=306872"},{"taxonomy":"product_tag","embeddable":true,"href":"https:\/\/www.moskito.cz\/pl\/wp-json\/wp\/v2\/product_tag?post=306872"}],"curies":[{"name":"wp","href":"https:\/\/api.w.org\/{rel}","templated":true}]}}