{"id":306946,"date":"2019-06-30T10:17:26","date_gmt":"2024-02-06T10:41:16","guid":{"rendered":"https:\/\/www.moskito.cz\/produkt\/noz-strzelecki-microtech-exocet-157-10\/"},"modified":"2025-07-11T07:49:32","modified_gmt":"2025-07-11T06:49:32","slug":"noz-strzelecki-microtech-exocet-157-10","status":"publish","type":"product","link":"https:\/\/www.moskito.cz\/pl\/produkt\/noz-strzelecki-microtech-exocet-157-10\/","title":{"rendered":"N\u00f3\u017c strzelecki Microtech Exocet 157-10"},"content":{"rendered":"<p>N\u00f3\u017c strzelecki <strong>Microtech Exocet<\/strong> 157-10<\/p>\n<p>Ten model ostrza w kszta\u0142cie sztyletu Exocet z r\u0119koje\u015bci\u0105 z czarnego anodyzowanego aluminium.<\/p>\n<p>Exocet to solidny automat Cali-Legal OTF od producenta no\u017cy Microtech. N\u00f3\u017c posiada szerokie obosieczne ostrze oraz r\u0119koje\u015b\u0107 z anodyzowanego aluminium z zabezpieczeniem kciuka. Zdob\u0105d\u017a pot\u0119\u017cny Microtech w kompaktowym pakiecie Exocet. N\u00f3\u017c posiada du\u017cy, szeroki klips, dzi\u0119ki czemu mo\u017cna go trzyma\u0107 przypi\u0119tego w kieszeni lub u\u017cywa\u0107 jako super fajnego klipsa na pieni\u0105dze. Dodaj ten wszechstronny n\u00f3\u017c do swojej kolekcji ju\u017c dzi\u015b!<\/p>\n<p>Czarny aluminiowy uchwyt<br \/>\nOstrze sztyletu ze stali CTS-204P.<br \/>\nSterowanie jednym kciukiem<br \/>\nDwustronny klips kieszonkowy, kt\u00f3ry mo\u017ce r\u00f3wnie\u017c s\u0142u\u017cy\u0107 jako klips na pieni\u0105dze.<\/p>\n<p>D\u0142ugo\u015b\u0107 ostrza: 5 cm<br \/>\nD\u0142ugo\u015b\u0107 ca\u0142kowita no\u017ca: 13,5 cm<br \/>\nGrubo\u015b\u0107 ostrza: 0,15 cm<br \/>\nMateria\u0142 ostrza: CTS-204P<br \/>\nStyl ostrza: sztylet<br \/>\nSzlif ostrza: p\u0142aski<br \/>\nWyko\u0144czenie powierzchni: Stonewash<\/p>\n<p><iframe title=\"Microtech Combat Troodon Torture Test\" width=\"800\" height=\"450\" src=\"https:\/\/www.youtube.com\/embed\/xE9TeOFYEjg?feature=oembed\" frameborder=\"0\" allow=\"accelerometer; autoplay; clipboard-write; encrypted-media; gyroscope; picture-in-picture; web-share\" allowfullscreen><\/iframe><\/p>\n<p>&nbsp;<\/p>\n","protected":false},"excerpt":{"rendered":"<p>Przez lata <strong>Microtech\u00ae Knives<\/strong> wype\u0142nia\u0142 no\u017ce pasj\u0105 i umiej\u0119tno\u015bciami, aby stworzy\u0107 niemal dzie\u0142a sztuki, kt\u00f3re s\u0105 szczytem funkcjonalno\u015bci.Wszystkie cz\u0119\u015bci s\u0105 produkowane w USA.<br \/>\n<strong>Wszystkie no\u017ce Microtech obj\u0119te s\u0105 do\u017cywotni\u0105 gwarancj\u0105.<\/strong><\/p>\n","protected":false},"featured_media":178052,"comment_status":"open","ping_status":"closed","template":"","meta":[],"pwb-brand":[3279],"product_brand":[],"product_cat":[3344,3296],"product_tag":[3671],"class_list":{"0":"post-306946","1":"product","2":"type-product","3":"status-publish","4":"has-post-thumbnail","6":"pwb-brand-microtech-pl","7":"product_cat-noze-strzeleckie","8":"product_cat-noze-pl","9":"product_tag-b2b-pl","11":"first","12":"outofstock","13":"taxable","14":"shipping-taxable","15":"purchasable","16":"product-type-simple"},"brands":[{"id":3279,"name":"Microtech","slug":"microtech-pl"}],"_links":{"self":[{"href":"https:\/\/www.moskito.cz\/pl\/wp-json\/wp\/v2\/product\/306946","targetHints":{"allow":["GET"]}}],"collection":[{"href":"https:\/\/www.moskito.cz\/pl\/wp-json\/wp\/v2\/product"}],"about":[{"href":"https:\/\/www.moskito.cz\/pl\/wp-json\/wp\/v2\/types\/product"}],"replies":[{"embeddable":true,"href":"https:\/\/www.moskito.cz\/pl\/wp-json\/wp\/v2\/comments?post=306946"}],"wp:featuredmedia":[{"embeddable":true,"href":"https:\/\/www.moskito.cz\/pl\/wp-json\/wp\/v2\/media\/178052"}],"wp:attachment":[{"href":"https:\/\/www.moskito.cz\/pl\/wp-json\/wp\/v2\/media?parent=306946"}],"wp:term":[{"taxonomy":"pwb-brand","embeddable":true,"href":"https:\/\/www.moskito.cz\/pl\/wp-json\/wp\/v2\/pwb-brand?post=306946"},{"taxonomy":"product_brand","embeddable":true,"href":"https:\/\/www.moskito.cz\/pl\/wp-json\/wp\/v2\/product_brand?post=306946"},{"taxonomy":"product_cat","embeddable":true,"href":"https:\/\/www.moskito.cz\/pl\/wp-json\/wp\/v2\/product_cat?post=306946"},{"taxonomy":"product_tag","embeddable":true,"href":"https:\/\/www.moskito.cz\/pl\/wp-json\/wp\/v2\/product_tag?post=306946"}],"curies":[{"name":"wp","href":"https:\/\/api.w.org\/{rel}","templated":true}]}}