{"id":306954,"date":"2019-08-10T12:48:55","date_gmt":"2024-02-06T10:41:25","guid":{"rendered":"https:\/\/www.moskito.cz\/produkt\/noz-staly-zb030b\/"},"modified":"2025-07-11T07:49:34","modified_gmt":"2025-07-11T06:49:34","slug":"noz-staly-zb030b","status":"publish","type":"product","link":"https:\/\/www.moskito.cz\/pl\/produkt\/noz-staly-zb030b\/","title":{"rendered":"N\u00f3\u017c sta\u0142y ZB030B"},"content":{"rendered":"<p>N\u00f3\u017c sta\u0142y ZB030B.<\/p>\n<p>Ca\u0142kowita d\u0142ugo\u015b\u0107 no\u017ca wynosi 12,5 cm. Ostrze jest czarne, cz\u0119\u015bciowo z\u0105bkowane i ma d\u0142ugo\u015b\u0107 6,25 cm. Jednocz\u0119\u015bciowa konstrukcja ze stali nierdzewnej z czarnym wyko\u0144czeniem. R\u0119koje\u015b\u0107 typu T z czarnymi aluminiowymi obci\u0105\u017cnikami. Etui wykonane jest z czarnego nylonu.<\/p>\n<p>Og\u00f3\u0142em 5&#8243;. 2 1\/2&#8243; cz\u0119\u015bciowo z\u0105bkowane ostrze sztyletu o podw\u00f3jnej kraw\u0119dzi. Jednocz\u0119\u015bciowa konstrukcja ze stali nierdzewnej z czarnym wyko\u0144czeniem i zintegrowan\u0105 os\u0142on\u0105. R\u0119koje\u015b\u0107 typu T z czarn\u0105 aluminiow\u0105 skal\u0105. Czarna nylonowa pochwa na pasek.<\/p>\n","protected":false},"excerpt":{"rendered":"<p>Solidny n\u00f3\u017c.<\/p>\n","protected":false},"featured_media":164950,"comment_status":"open","ping_status":"closed","template":"","meta":[],"pwb-brand":[3514],"product_brand":[],"product_cat":[3296,3297],"product_tag":[],"class_list":{"0":"post-306954","1":"product","2":"type-product","3":"status-publish","4":"has-post-thumbnail","6":"pwb-brand-lowca-z","7":"product_cat-noze-pl","8":"product_cat-solidne-noze","10":"first","11":"outofstock","12":"taxable","13":"shipping-taxable","14":"purchasable","15":"product-type-simple"},"brands":[{"id":3514,"name":"\u0141owca Z","slug":"lowca-z"}],"_links":{"self":[{"href":"https:\/\/www.moskito.cz\/pl\/wp-json\/wp\/v2\/product\/306954","targetHints":{"allow":["GET"]}}],"collection":[{"href":"https:\/\/www.moskito.cz\/pl\/wp-json\/wp\/v2\/product"}],"about":[{"href":"https:\/\/www.moskito.cz\/pl\/wp-json\/wp\/v2\/types\/product"}],"replies":[{"embeddable":true,"href":"https:\/\/www.moskito.cz\/pl\/wp-json\/wp\/v2\/comments?post=306954"}],"wp:featuredmedia":[{"embeddable":true,"href":"https:\/\/www.moskito.cz\/pl\/wp-json\/wp\/v2\/media\/164950"}],"wp:attachment":[{"href":"https:\/\/www.moskito.cz\/pl\/wp-json\/wp\/v2\/media?parent=306954"}],"wp:term":[{"taxonomy":"pwb-brand","embeddable":true,"href":"https:\/\/www.moskito.cz\/pl\/wp-json\/wp\/v2\/pwb-brand?post=306954"},{"taxonomy":"product_brand","embeddable":true,"href":"https:\/\/www.moskito.cz\/pl\/wp-json\/wp\/v2\/product_brand?post=306954"},{"taxonomy":"product_cat","embeddable":true,"href":"https:\/\/www.moskito.cz\/pl\/wp-json\/wp\/v2\/product_cat?post=306954"},{"taxonomy":"product_tag","embeddable":true,"href":"https:\/\/www.moskito.cz\/pl\/wp-json\/wp\/v2\/product_tag?post=306954"}],"curies":[{"name":"wp","href":"https:\/\/api.w.org\/{rel}","templated":true}]}}