{"id":306960,"date":"2019-06-30T12:03:04","date_gmt":"2024-02-06T10:41:32","guid":{"rendered":"https:\/\/www.moskito.cz\/produkt\/noz-strzelecki-microtech-ultratech-122-2t\/"},"modified":"2025-07-11T07:49:33","modified_gmt":"2025-07-11T06:49:33","slug":"noz-strzelecki-microtech-ultratech-122-2t","status":"publish","type":"product","link":"https:\/\/www.moskito.cz\/pl\/produkt\/noz-strzelecki-microtech-ultratech-122-2t\/","title":{"rendered":"N\u00f3\u017c strzelecki Microtech Ultratech 122-2T"},"content":{"rendered":"<p>N\u00f3\u017c strzelecki <strong>Microtech Ultratech<\/strong> 122-2T<\/p>\n<p><span class=\"tlid-translation translation\"><span class=\"\" title=\"\">Ostrze strzelaj\u0105ce do przodu, cz\u0119\u015bciowo z\u0105bkowane z obu stron.<\/span><\/span><\/p>\n<p><span class=\"tlid-translation translation\"><span class=\"\" title=\"\">Ultratech posiada podw\u00f3jne ostrze z czarnym wyko\u0144czeniem i prostymi kraw\u0119dziami tn\u0105cymi.<\/span> <span class=\"\" title=\"\">Posiada formowan\u0105 aluminiow\u0105 r\u0119koje\u015b\u0107 wykonan\u0105 z anodowanego aluminium 6061-T6 z czarnym wyko\u0144czeniem, bezpiecze\u0144stwem i wzmocnieniem ze stali nierdzewnej.<\/span><\/span><\/p>\n<p><span title=\"\">N\u00f3\u017c strzelecki <strong>Microtech<\/strong> Firma Ultratech wyposa\u017cy\u0142a t\u0119 wersj\u0119 niezwykle popularnego no\u017ca Ultratech D\/A OTF w g\u0142adko wyprofilowan\u0105 konstrukcj\u0119 r\u0119koje\u015bci zwi\u0119kszaj\u0105c\u0105 komfort u\u017cytkowania.<\/span> <span title=\"\">Ten zaktualizowany model zapewnia te same wymiary, osprz\u0119t i trwa\u0142o\u015b\u0107, co wariant \u201eTri-Grip\u201d, ale \u0142atwiej mie\u015bci si\u0119 w d\u0142oni i kieszeni.<\/span><\/p>\n<p><span title=\"\">Dla tych, kt\u00f3rzy nie znaj\u0105 Ultratech, jest to w pe\u0142ni automatyczny n\u00f3\u017c z podw\u00f3jnym mechanizmem z przodu, co oznacza, \u017ce \u200b\u200bostrze sk\u0142ada si\u0119 i chowa kciukiem.<\/span> <span title=\"\">N\u00f3\u017c Ultratech firmy <strong>Microtech<\/strong> wyznaczy\u0142 poprzeczk\u0119 dla wszystkich no\u017cy OTF.<\/span><\/p>\n<p><span class=\"tlid-translation translation\"><span class=\"\" title=\"\">D\u0142ugo\u015b\u0107 ca\u0142kowita: 22 cm<\/span><br \/>\n<span class=\"\" title=\"\">D\u0142ugo\u015b\u0107 ostrza: 8,6 cm<\/span><br \/>\n<span title=\"\">Materia\u0142 ostrza: Bohler M390<\/span><br \/>\n<span class=\"\" title=\"\">Styl ostrza: sztylet<\/span><br \/>\n<span class=\"\" title=\"\">Wstawki: p\u0142askie<\/span><br \/>\n<span title=\"\">Czarny kolor<\/span><br \/>\n<span title=\"\">Typ obramowania: Zwyk\u0142y<\/span><br \/>\n<span title=\"\">Materia\u0142 r\u0119koje\u015bci: aluminium<\/span><br \/>\n<span title=\"\">czarny kolor<\/span><br \/>\n<span title=\"\">Waga: 3,60 uncji<\/span><br \/>\n<span title=\"\">U\u017cytkownik: Prawa r\u0119ka<\/span><br \/>\n<span title=\"\">Klips kieszonkowy: sk\u0142adany w d\u00f3\u0142<\/span><br \/>\n<span title=\"\">Typ no\u017ca: Automatyczny OTF Double Action<\/span><br \/>\n<span title=\"\">Otwieracz: kciuk<\/span><br \/>\n<span title=\"\">Marka: Microtech<\/span><br \/>\n<span title=\"\">Model: Ultratech<\/span><br \/>\n<span title=\"\">Numer modelu: 122-1TCC<\/span><br \/>\n<span title=\"\">Kraj pochodzenia: USA<\/span><br \/>\n<span title=\"\">Najlepsze zastosowanie: codziennie<\/span><\/span><\/p>\n<p><iframe title=\"Microtech Combat Troodon Torture Test\" width=\"800\" height=\"450\" src=\"https:\/\/www.youtube.com\/embed\/xE9TeOFYEjg?feature=oembed\" frameborder=\"0\" allow=\"accelerometer; autoplay; clipboard-write; encrypted-media; gyroscope; picture-in-picture; web-share\" allowfullscreen><\/iframe><\/p>\n<p>&nbsp;<\/p>\n","protected":false},"excerpt":{"rendered":"<p>Przez lata <strong>Microtech\u00ae Knives<\/strong> wype\u0142nia\u0142 no\u017ce pasj\u0105 i umiej\u0119tno\u015bciami, aby stworzy\u0107 niemal dzie\u0142a sztuki, kt\u00f3re s\u0105 szczytem funkcjonalno\u015bci.Wszystkie cz\u0119\u015bci s\u0105 produkowane w USA.<br \/>\n<strong>Wszystkie no\u017ce Microtech obj\u0119te s\u0105 do\u017cywotni\u0105 gwarancj\u0105.<\/strong><\/p>\n","protected":false},"featured_media":250268,"comment_status":"open","ping_status":"closed","template":"","meta":[],"pwb-brand":[3279],"product_brand":[],"product_cat":[3344,3296],"product_tag":[3671],"class_list":{"0":"post-306960","1":"product","2":"type-product","3":"status-publish","4":"has-post-thumbnail","6":"pwb-brand-microtech-pl","7":"product_cat-noze-strzeleckie","8":"product_cat-noze-pl","9":"product_tag-b2b-pl","11":"first","12":"outofstock","13":"taxable","14":"shipping-taxable","15":"purchasable","16":"product-type-simple"},"brands":[{"id":3279,"name":"Microtech","slug":"microtech-pl"}],"_links":{"self":[{"href":"https:\/\/www.moskito.cz\/pl\/wp-json\/wp\/v2\/product\/306960","targetHints":{"allow":["GET"]}}],"collection":[{"href":"https:\/\/www.moskito.cz\/pl\/wp-json\/wp\/v2\/product"}],"about":[{"href":"https:\/\/www.moskito.cz\/pl\/wp-json\/wp\/v2\/types\/product"}],"replies":[{"embeddable":true,"href":"https:\/\/www.moskito.cz\/pl\/wp-json\/wp\/v2\/comments?post=306960"}],"wp:featuredmedia":[{"embeddable":true,"href":"https:\/\/www.moskito.cz\/pl\/wp-json\/wp\/v2\/media\/250268"}],"wp:attachment":[{"href":"https:\/\/www.moskito.cz\/pl\/wp-json\/wp\/v2\/media?parent=306960"}],"wp:term":[{"taxonomy":"pwb-brand","embeddable":true,"href":"https:\/\/www.moskito.cz\/pl\/wp-json\/wp\/v2\/pwb-brand?post=306960"},{"taxonomy":"product_brand","embeddable":true,"href":"https:\/\/www.moskito.cz\/pl\/wp-json\/wp\/v2\/product_brand?post=306960"},{"taxonomy":"product_cat","embeddable":true,"href":"https:\/\/www.moskito.cz\/pl\/wp-json\/wp\/v2\/product_cat?post=306960"},{"taxonomy":"product_tag","embeddable":true,"href":"https:\/\/www.moskito.cz\/pl\/wp-json\/wp\/v2\/product_tag?post=306960"}],"curies":[{"name":"wp","href":"https:\/\/api.w.org\/{rel}","templated":true}]}}