{"id":307059,"date":"2019-06-23T10:26:36","date_gmt":"2024-02-06T10:43:12","guid":{"rendered":"https:\/\/www.moskito.cz\/produkt\/benzynowa-zippo-kolorowa-glowka\/"},"modified":"2025-07-11T07:49:25","modified_gmt":"2025-07-11T06:49:25","slug":"benzynowa-zippo-kolorowa-glowka","status":"publish","type":"product","link":"https:\/\/www.moskito.cz\/pl\/produkt\/benzynowa-zippo-kolorowa-glowka\/","title":{"rendered":"Benzynowa Zippo KOLOROWA G\u0141\u00d3WKA"},"content":{"rendered":"<p>Benzynowa Zippo KOLOROWA G\u0141\u00d3WKA.<\/p>\n<p>Klasyczna zapalniczka benzynowa, wyprodukowana w USA.<\/p>\n<p>Zapakowany w przyjazne dla \u015brodowiska pude\u0142ko upominkowe<\/p>\n<p>Nowa zapalniczka nie jest nape\u0142niona paliwem<\/p>\n","protected":false},"excerpt":{"rendered":"<p>Benzynowa Zippo KOLOROWA G\u0141\u00d3WKA<\/p>\n","protected":false},"featured_media":164686,"comment_status":"open","ping_status":"closed","template":"","meta":[],"pwb-brand":[],"product_brand":[],"product_cat":[3372,3426],"product_tag":[],"class_list":{"0":"post-307059","1":"product","2":"type-product","3":"status-publish","4":"has-post-thumbnail","6":"product_cat-kemping","7":"product_cat-zapalniczki-zapalniczki","9":"first","10":"instock","11":"taxable","12":"shipping-taxable","13":"purchasable","14":"product-type-simple"},"brands":[],"_links":{"self":[{"href":"https:\/\/www.moskito.cz\/pl\/wp-json\/wp\/v2\/product\/307059","targetHints":{"allow":["GET"]}}],"collection":[{"href":"https:\/\/www.moskito.cz\/pl\/wp-json\/wp\/v2\/product"}],"about":[{"href":"https:\/\/www.moskito.cz\/pl\/wp-json\/wp\/v2\/types\/product"}],"replies":[{"embeddable":true,"href":"https:\/\/www.moskito.cz\/pl\/wp-json\/wp\/v2\/comments?post=307059"}],"wp:featuredmedia":[{"embeddable":true,"href":"https:\/\/www.moskito.cz\/pl\/wp-json\/wp\/v2\/media\/164686"}],"wp:attachment":[{"href":"https:\/\/www.moskito.cz\/pl\/wp-json\/wp\/v2\/media?parent=307059"}],"wp:term":[{"taxonomy":"pwb-brand","embeddable":true,"href":"https:\/\/www.moskito.cz\/pl\/wp-json\/wp\/v2\/pwb-brand?post=307059"},{"taxonomy":"product_brand","embeddable":true,"href":"https:\/\/www.moskito.cz\/pl\/wp-json\/wp\/v2\/product_brand?post=307059"},{"taxonomy":"product_cat","embeddable":true,"href":"https:\/\/www.moskito.cz\/pl\/wp-json\/wp\/v2\/product_cat?post=307059"},{"taxonomy":"product_tag","embeddable":true,"href":"https:\/\/www.moskito.cz\/pl\/wp-json\/wp\/v2\/product_tag?post=307059"}],"curies":[{"name":"wp","href":"https:\/\/api.w.org\/{rel}","templated":true}]}}