{"id":307110,"date":"2020-06-09T09:44:45","date_gmt":"2024-02-06T10:44:04","guid":{"rendered":"https:\/\/www.moskito.cz\/produkt\/praktyczna-katana-hanwei-sh1070\/"},"modified":"2025-07-11T07:51:32","modified_gmt":"2025-07-11T06:51:32","slug":"praktyczna-katana-hanwei-sh1070","status":"publish","type":"product","link":"https:\/\/www.moskito.cz\/pl\/produkt\/praktyczna-katana-hanwei-sh1070\/","title":{"rendered":"Praktyczna Katana Hanwei SH1070"},"content":{"rendered":"<p><span class=\"navigation_page\">Praktyczna Katana Hanwei SH1070<\/span> .<\/p>\n<p>Paul Chen \/ Hanwei Forge produkuje miecze najwy\u017cszej jako\u015bci.<br \/>\nZ nielicznymi wyj\u0105tkami, r\u0119cznie kute ostrza Hanwei s\u0105 wykonane ze stali wysokow\u0119glowej. Nast\u0119pnie wykwalifikowani kowale uzupe\u0142niaj\u0105 podstawowy profil do ostatniego etapu, tworz\u0105c pi\u0119kny produkt o doskona\u0142ej jako\u015bci wykonania i trwa\u0142o\u015bci.<\/p>\n<p>Ta katana jest jednym z najpopularniejszych mieczy samurajskich firmy Hanwei.<\/p>\n<p>Bardzo tani i w pe\u0142ni funkcjonalny miecz samurajski.<\/p>\n<p>Stal w\u0119glowa 1566.<\/p>\n<p>Twardo\u015b\u0107: ostrze HRC60, korpus HRC 40.<\/p>\n<p>D\u0142ugo\u015b\u0107 katany: 100,3 cm.<\/p>\n<p>Ostrze: 69,2 cm.<\/p>\n<p>Waga: 1050g.<\/p>\n<p>Czarna pochwa.<\/p>\n<p>&nbsp;<\/p>\n","protected":false},"excerpt":{"rendered":"<p>Funkcjonalny miecz.<\/p>\n","protected":false},"featured_media":168586,"comment_status":"open","ping_status":"closed","template":"","meta":[],"pwb-brand":[3418],"product_brand":[],"product_cat":[3417,3387],"product_tag":[],"class_list":{"0":"post-307110","1":"product","2":"type-product","3":"status-publish","4":"has-post-thumbnail","6":"pwb-brand-cas-hanwei-pl","7":"product_cat-katany-i-miecze","8":"product_cat-repliki-mieczy-sztyletow","10":"first","11":"instock","12":"taxable","13":"shipping-taxable","14":"purchasable","15":"product-type-simple"},"brands":[{"id":3418,"name":"CAS Hanwei","slug":"cas-hanwei-pl"}],"_links":{"self":[{"href":"https:\/\/www.moskito.cz\/pl\/wp-json\/wp\/v2\/product\/307110","targetHints":{"allow":["GET"]}}],"collection":[{"href":"https:\/\/www.moskito.cz\/pl\/wp-json\/wp\/v2\/product"}],"about":[{"href":"https:\/\/www.moskito.cz\/pl\/wp-json\/wp\/v2\/types\/product"}],"replies":[{"embeddable":true,"href":"https:\/\/www.moskito.cz\/pl\/wp-json\/wp\/v2\/comments?post=307110"}],"wp:featuredmedia":[{"embeddable":true,"href":"https:\/\/www.moskito.cz\/pl\/wp-json\/wp\/v2\/media\/168586"}],"wp:attachment":[{"href":"https:\/\/www.moskito.cz\/pl\/wp-json\/wp\/v2\/media?parent=307110"}],"wp:term":[{"taxonomy":"pwb-brand","embeddable":true,"href":"https:\/\/www.moskito.cz\/pl\/wp-json\/wp\/v2\/pwb-brand?post=307110"},{"taxonomy":"product_brand","embeddable":true,"href":"https:\/\/www.moskito.cz\/pl\/wp-json\/wp\/v2\/product_brand?post=307110"},{"taxonomy":"product_cat","embeddable":true,"href":"https:\/\/www.moskito.cz\/pl\/wp-json\/wp\/v2\/product_cat?post=307110"},{"taxonomy":"product_tag","embeddable":true,"href":"https:\/\/www.moskito.cz\/pl\/wp-json\/wp\/v2\/product_tag?post=307110"}],"curies":[{"name":"wp","href":"https:\/\/api.w.org\/{rel}","templated":true}]}}