{"id":307119,"date":"2022-04-04T17:47:15","date_gmt":"2024-02-06T10:44:12","guid":{"rendered":"https:\/\/www.moskito.cz\/produkt\/dlugopis-microtech-siphon-ii-bronzed-apocalyptic-401-ss-bkbzap\/"},"modified":"2025-05-07T10:57:28","modified_gmt":"2025-05-07T09:57:28","slug":"dlugopis-microtech-siphon-ii-bronzed-apocalyptic-401-ss-bkbzap","status":"publish","type":"product","link":"https:\/\/www.moskito.cz\/pl\/produkt\/dlugopis-microtech-siphon-ii-bronzed-apocalyptic-401-ss-bkbzap\/","title":{"rendered":"D\u0142ugopis Microtech Siphon II Bronzed Apocalyptic 401-SS-BKBZAP"},"content":{"rendered":"<p>D\u0142ugopis <strong>Microtech<\/strong> Siphon II Bronzed Apocalyptic 401-SS-BKBZAP<\/p>\n<p>Unikalny d\u0142ugopis Microtech z klipsem kieszonkowym. D\u0142ugopis ma d\u0142ugo\u015b\u0107 14 cm po otwarciu i 9 cm po zamkni\u0119ciu.<\/p>\n<p>Syfon II ze stali nierdzewnej w kolorze czarnym z apokaliptycznym osprz\u0119tem z br\u0105zu<\/p>\n<p>Model 401-SS-BKBZAP<\/p>\n<p>Microtech Czarny syfon II ze stali nierdzewnej z br\u0105zowymi apokaliptycznymi elementami wewn\u0119trznymi 401-SS-BKBZAP<\/p>\n<p><iframe title=\"Microtech Combat Troodon Torture Test\" width=\"800\" height=\"450\" src=\"https:\/\/www.youtube.com\/embed\/xE9TeOFYEjg?feature=oembed\" frameborder=\"0\" allow=\"accelerometer; autoplay; clipboard-write; encrypted-media; gyroscope; picture-in-picture; web-share\" allowfullscreen><\/iframe><\/p>\n<p>&nbsp;<\/p>\n<p>&nbsp;<\/p>\n<p>Unikalny d\u0142ugopis firmy Microtech z d\u017awigni\u0105 i klipsem do kieszeni. Mierzy 3,9 cala ze z\u0142o\u017con\u0105 d\u017awigni\u0105 i schowan\u0105 ko\u0144c\u00f3wk\u0105 do pisania.<\/p>\n<p>Syfon II ze stali nierdzewnej wyko\u0144czony na czarno z apokaliptycznym osprz\u0119tem z br\u0105zu<\/p>\n<p>Model 401-SS-BKBZAP<\/p>\n<p>Stal nierdzewna Microtech Black Siphon II z br\u0105zowymi, apokaliptycznymi elementami wewn\u0119trznymi 401-SS-BKBZAP<\/p>\n","protected":false},"excerpt":{"rendered":"<p>Przez lata <strong>Microtech\u00ae<\/strong> Knives wype\u0142nia\u0142 no\u017ce pasj\u0105 i umiej\u0119tno\u015bciami, aby tworzy\u0107 niemal dzie\u0142a sztuki, kt\u00f3re s\u0105 szczytem funkcjonalno\u015bci.Wszystkie cz\u0119\u015bci s\u0105 produkowane w USA.<br \/>\n<strong>Wszystkie no\u017ce Microtech obj\u0119te s\u0105 do\u017cywotni\u0105 gwarancj\u0105 (min. 80 000 cykli, otwieranie i zamykanie)<\/strong><\/p>\n<p><strong>Bezp\u0142atny transport.<\/strong><\/p>\n","protected":false},"featured_media":307121,"comment_status":"open","ping_status":"closed","template":"","meta":[],"pwb-brand":[3279],"product_brand":[],"product_cat":[3296,3344],"product_tag":[3671],"class_list":{"0":"post-307119","1":"product","2":"type-product","3":"status-publish","4":"has-post-thumbnail","6":"pwb-brand-microtech-pl","7":"product_cat-noze-pl","8":"product_cat-noze-strzeleckie","9":"product_tag-b2b-pl","11":"first","12":"instock","13":"taxable","14":"shipping-taxable","15":"purchasable","16":"product-type-simple"},"brands":[{"id":3279,"name":"Microtech","slug":"microtech-pl"}],"_links":{"self":[{"href":"https:\/\/www.moskito.cz\/pl\/wp-json\/wp\/v2\/product\/307119","targetHints":{"allow":["GET"]}}],"collection":[{"href":"https:\/\/www.moskito.cz\/pl\/wp-json\/wp\/v2\/product"}],"about":[{"href":"https:\/\/www.moskito.cz\/pl\/wp-json\/wp\/v2\/types\/product"}],"replies":[{"embeddable":true,"href":"https:\/\/www.moskito.cz\/pl\/wp-json\/wp\/v2\/comments?post=307119"}],"wp:featuredmedia":[{"embeddable":true,"href":"https:\/\/www.moskito.cz\/pl\/wp-json\/wp\/v2\/media\/307121"}],"wp:attachment":[{"href":"https:\/\/www.moskito.cz\/pl\/wp-json\/wp\/v2\/media?parent=307119"}],"wp:term":[{"taxonomy":"pwb-brand","embeddable":true,"href":"https:\/\/www.moskito.cz\/pl\/wp-json\/wp\/v2\/pwb-brand?post=307119"},{"taxonomy":"product_brand","embeddable":true,"href":"https:\/\/www.moskito.cz\/pl\/wp-json\/wp\/v2\/product_brand?post=307119"},{"taxonomy":"product_cat","embeddable":true,"href":"https:\/\/www.moskito.cz\/pl\/wp-json\/wp\/v2\/product_cat?post=307119"},{"taxonomy":"product_tag","embeddable":true,"href":"https:\/\/www.moskito.cz\/pl\/wp-json\/wp\/v2\/product_tag?post=307119"}],"curies":[{"name":"wp","href":"https:\/\/api.w.org\/{rel}","templated":true}]}}