{"id":307120,"date":"2020-06-09T12:43:39","date_gmt":"2024-02-06T10:44:12","guid":{"rendered":"https:\/\/www.moskito.cz\/produkt\/celtycka-laska-z-mieczem-i-laska\/"},"modified":"2025-07-11T07:51:33","modified_gmt":"2025-07-11T06:51:33","slug":"celtycka-laska-z-mieczem-i-laska","status":"publish","type":"product","link":"https:\/\/www.moskito.cz\/pl\/produkt\/celtycka-laska-z-mieczem-i-laska\/","title":{"rendered":"Celtycka laska z mieczem i lask\u0105"},"content":{"rendered":"<p>Celtycka laska z mieczem i lask\u0105.<\/p>\n<p>Laska z ukrytym rapierem<br \/>\nD\u0142ugo\u015b\u0107 ca\u0142kowita: 93 cm<\/p>\n<p>D\u0142ugo\u015b\u0107 ostrza: 28 cm<br \/>\nMateria\u0142 stal: ostrze ze stali nierdzewnej<br \/>\nMateria\u0142 r\u0119koje\u015bci: r\u0119koje\u015b\u0107 metalowa odlewana w kolorze srebrnym<br \/>\nKij: stal czarna z gumow\u0105 ko\u0144c\u00f3wk\u0105<\/p>\n","protected":false},"excerpt":{"rendered":"<p>Laska z rapierem.<\/p>\n","protected":false},"featured_media":168590,"comment_status":"open","ping_status":"closed","template":"","meta":[],"pwb-brand":[3526],"product_brand":[],"product_cat":[3417,3387],"product_tag":[],"class_list":{"0":"post-307120","1":"product","2":"type-product","3":"status-publish","4":"has-post-thumbnail","6":"pwb-brand-wyprodukowano-w-chinach","7":"product_cat-katany-i-miecze","8":"product_cat-repliki-mieczy-sztyletow","10":"first","11":"outofstock","12":"taxable","13":"shipping-taxable","14":"purchasable","15":"product-type-simple"},"brands":[{"id":3526,"name":"Wyprodukowano w Chinach","slug":"wyprodukowano-w-chinach"}],"_links":{"self":[{"href":"https:\/\/www.moskito.cz\/pl\/wp-json\/wp\/v2\/product\/307120","targetHints":{"allow":["GET"]}}],"collection":[{"href":"https:\/\/www.moskito.cz\/pl\/wp-json\/wp\/v2\/product"}],"about":[{"href":"https:\/\/www.moskito.cz\/pl\/wp-json\/wp\/v2\/types\/product"}],"replies":[{"embeddable":true,"href":"https:\/\/www.moskito.cz\/pl\/wp-json\/wp\/v2\/comments?post=307120"}],"wp:featuredmedia":[{"embeddable":true,"href":"https:\/\/www.moskito.cz\/pl\/wp-json\/wp\/v2\/media\/168590"}],"wp:attachment":[{"href":"https:\/\/www.moskito.cz\/pl\/wp-json\/wp\/v2\/media?parent=307120"}],"wp:term":[{"taxonomy":"pwb-brand","embeddable":true,"href":"https:\/\/www.moskito.cz\/pl\/wp-json\/wp\/v2\/pwb-brand?post=307120"},{"taxonomy":"product_brand","embeddable":true,"href":"https:\/\/www.moskito.cz\/pl\/wp-json\/wp\/v2\/product_brand?post=307120"},{"taxonomy":"product_cat","embeddable":true,"href":"https:\/\/www.moskito.cz\/pl\/wp-json\/wp\/v2\/product_cat?post=307120"},{"taxonomy":"product_tag","embeddable":true,"href":"https:\/\/www.moskito.cz\/pl\/wp-json\/wp\/v2\/product_tag?post=307120"}],"curies":[{"name":"wp","href":"https:\/\/api.w.org\/{rel}","templated":true}]}}