{"id":307128,"date":"2020-06-09T14:16:50","date_gmt":"2024-02-06T10:44:19","guid":{"rendered":"https:\/\/www.moskito.cz\/produkt\/miecz-samurajski-cas-hanwei-zatoichi-miecz-kijowy\/"},"modified":"2026-03-09T20:39:57","modified_gmt":"2026-03-09T19:39:57","slug":"miecz-samurajski-cas-hanwei-zatoichi-miecz-kijowy","status":"publish","type":"product","link":"https:\/\/www.moskito.cz\/pl\/produkt\/miecz-samurajski-cas-hanwei-zatoichi-miecz-kijowy\/","title":{"rendered":"Miecz samurajski CAS Hanwei Zatoichi Miecz kijowy"},"content":{"rendered":"<p>Miecz samurajski CAS Hanwei Zatoichi Miecz kijowy.<\/p>\n<p>\u2013 ostrze o du\u017cej zawarto\u015bci w\u0119gla, zaostrzone<br \/>\n\u2013 r\u0119koje\u015b\u0107 wykonana z twardego drewna w kolorze br\u0105zowym<br \/>\n\u2013 pochwa z naturalnego drewna<br \/>\nD\u0142ugo\u015b\u0107 ca\u0142kowita: 99 cm<br \/>\nD\u0142ugo\u015b\u0107 ostrza: 72 cm<br \/>\nD\u0142ugo\u015b\u0107 r\u0105czki: 27 cm<br \/>\nWaga: 681 g<\/p>\n","protected":false},"excerpt":{"rendered":"<p>Miecz Zatoichi.<\/p>\n","protected":false},"featured_media":168599,"comment_status":"open","ping_status":"closed","template":"","meta":[],"pwb-brand":[3418],"product_brand":[],"product_cat":[3417,3387],"product_tag":[],"class_list":{"0":"post-307128","1":"product","2":"type-product","3":"status-publish","4":"has-post-thumbnail","6":"pwb-brand-cas-hanwei-pl","7":"product_cat-katany-i-miecze","8":"product_cat-repliki-mieczy-sztyletow","10":"first","11":"outofstock","12":"taxable","13":"shipping-taxable","14":"purchasable","15":"product-type-simple"},"brands":[{"id":3418,"name":"CAS Hanwei","slug":"cas-hanwei-pl"}],"_links":{"self":[{"href":"https:\/\/www.moskito.cz\/pl\/wp-json\/wp\/v2\/product\/307128","targetHints":{"allow":["GET"]}}],"collection":[{"href":"https:\/\/www.moskito.cz\/pl\/wp-json\/wp\/v2\/product"}],"about":[{"href":"https:\/\/www.moskito.cz\/pl\/wp-json\/wp\/v2\/types\/product"}],"replies":[{"embeddable":true,"href":"https:\/\/www.moskito.cz\/pl\/wp-json\/wp\/v2\/comments?post=307128"}],"wp:featuredmedia":[{"embeddable":true,"href":"https:\/\/www.moskito.cz\/pl\/wp-json\/wp\/v2\/media\/168599"}],"wp:attachment":[{"href":"https:\/\/www.moskito.cz\/pl\/wp-json\/wp\/v2\/media?parent=307128"}],"wp:term":[{"taxonomy":"pwb-brand","embeddable":true,"href":"https:\/\/www.moskito.cz\/pl\/wp-json\/wp\/v2\/pwb-brand?post=307128"},{"taxonomy":"product_brand","embeddable":true,"href":"https:\/\/www.moskito.cz\/pl\/wp-json\/wp\/v2\/product_brand?post=307128"},{"taxonomy":"product_cat","embeddable":true,"href":"https:\/\/www.moskito.cz\/pl\/wp-json\/wp\/v2\/product_cat?post=307128"},{"taxonomy":"product_tag","embeddable":true,"href":"https:\/\/www.moskito.cz\/pl\/wp-json\/wp\/v2\/product_tag?post=307128"}],"curies":[{"name":"wp","href":"https:\/\/api.w.org\/{rel}","templated":true}]}}