{"id":307146,"date":"2020-06-17T08:14:07","date_gmt":"2024-02-06T10:44:30","guid":{"rendered":"https:\/\/www.moskito.cz\/produkt\/celtycki-miecz\/"},"modified":"2025-07-11T07:51:37","modified_gmt":"2025-07-11T06:51:37","slug":"celtycki-miecz","status":"publish","type":"product","link":"https:\/\/www.moskito.cz\/pl\/produkt\/celtycki-miecz\/","title":{"rendered":"Celtycki miecz"},"content":{"rendered":"<p>Celtycki miecz.<\/p>\n<p>R\u0119koje\u015b\u0107 drewniana z polerowan\u0105 g\u0142\u00f3wk\u0105, w komplecie br\u0105zowy sk\u00f3rzany futera\u0142.<br \/>\nCa\u0142kowita d\u0142ugo\u015b\u0107 miecza wynosi: 77,5 cm<br \/>\nPodw\u00f3jne ostrze z rowkiem krwi ma d\u0142ugo\u015b\u0107 58 cm<\/p>\n<p>&nbsp;<\/p>\n<pre id=\"tw-target-text\" class=\"tw-data-text tw-text-large XcVN5d tw-ta\" dir=\"ltr\" data-placeholder=\"P\u0159eklad\"><span lang=\"cs\"> <\/span><\/pre>\n<pre id=\"tw-target-text\" class=\"tw-data-text tw-text-large XcVN5d tw-ta\" dir=\"ltr\" data-placeholder=\"P\u0159eklad\"><span lang=\"cs\"> <\/span><\/pre>\n","protected":false},"excerpt":{"rendered":"<p>Celtycki miecz.<\/p>\n","protected":false},"featured_media":168701,"comment_status":"open","ping_status":"closed","template":"","meta":[],"pwb-brand":[3531],"product_brand":[],"product_cat":[3417,3387],"product_tag":[],"class_list":{"0":"post-307146","1":"product","2":"type-product","3":"status-publish","4":"has-post-thumbnail","6":"pwb-brand-pakistan-pl","7":"product_cat-katany-i-miecze","8":"product_cat-repliki-mieczy-sztyletow","10":"first","11":"outofstock","12":"taxable","13":"shipping-taxable","14":"purchasable","15":"product-type-simple"},"brands":[{"id":3531,"name":"Pakistan","slug":"pakistan-pl"}],"_links":{"self":[{"href":"https:\/\/www.moskito.cz\/pl\/wp-json\/wp\/v2\/product\/307146","targetHints":{"allow":["GET"]}}],"collection":[{"href":"https:\/\/www.moskito.cz\/pl\/wp-json\/wp\/v2\/product"}],"about":[{"href":"https:\/\/www.moskito.cz\/pl\/wp-json\/wp\/v2\/types\/product"}],"replies":[{"embeddable":true,"href":"https:\/\/www.moskito.cz\/pl\/wp-json\/wp\/v2\/comments?post=307146"}],"wp:featuredmedia":[{"embeddable":true,"href":"https:\/\/www.moskito.cz\/pl\/wp-json\/wp\/v2\/media\/168701"}],"wp:attachment":[{"href":"https:\/\/www.moskito.cz\/pl\/wp-json\/wp\/v2\/media?parent=307146"}],"wp:term":[{"taxonomy":"pwb-brand","embeddable":true,"href":"https:\/\/www.moskito.cz\/pl\/wp-json\/wp\/v2\/pwb-brand?post=307146"},{"taxonomy":"product_brand","embeddable":true,"href":"https:\/\/www.moskito.cz\/pl\/wp-json\/wp\/v2\/product_brand?post=307146"},{"taxonomy":"product_cat","embeddable":true,"href":"https:\/\/www.moskito.cz\/pl\/wp-json\/wp\/v2\/product_cat?post=307146"},{"taxonomy":"product_tag","embeddable":true,"href":"https:\/\/www.moskito.cz\/pl\/wp-json\/wp\/v2\/product_tag?post=307146"}],"curies":[{"name":"wp","href":"https:\/\/api.w.org\/{rel}","templated":true}]}}