{"id":307160,"date":"2020-07-22T11:39:53","date_gmt":"2024-02-06T10:44:43","guid":{"rendered":"https:\/\/www.moskito.cz\/produkt\/noz-zamykajacy-mtech-xtreme-mx-a810rd\/"},"modified":"2025-07-11T07:51:40","modified_gmt":"2025-07-11T06:51:40","slug":"noz-zamykajacy-mtech-xtreme-mx-a810rd","status":"publish","type":"product","link":"https:\/\/www.moskito.cz\/pl\/produkt\/noz-zamykajacy-mtech-xtreme-mx-a810rd\/","title":{"rendered":"N\u00f3\u017c zamykaj\u0105cy MTech XTREME MX-A810RD"},"content":{"rendered":"<p>N\u00f3\u017c zamykaj\u0105cy MTech XTREME MX-A810RD.<br \/>\nWytrzyma\u0142y n\u00f3\u017c sk\u0142adany ze wspomaganiem otwierania. Ca\u0142kowita d\u0142ugo\u015b\u0107 no\u017ca to 19 cm, d\u0142ugo\u015b\u0107 no\u017ca w stanie zamkni\u0119tym to 11 cm. Ostrze ze stali nierdzewnej zosta\u0142o poddane obr\u00f3bce Stonewash, a jego d\u0142ugo\u015b\u0107 wynosi 7,5 cm. N\u00f3\u017c posiada przecinak do pas\u00f3w, ko\u0144c\u00f3wk\u0119 do t\u0142uczenia szk\u0142a oraz klips do kieszeni.<\/p>\n","protected":false},"excerpt":{"rendered":"<p>Zamykany n\u00f3\u017c.<\/p>\n","protected":false},"featured_media":169007,"comment_status":"open","ping_status":"closed","template":"","meta":[],"pwb-brand":[3530],"product_brand":[],"product_cat":[3296,3307],"product_tag":[],"class_list":{"0":"post-307160","1":"product","2":"type-product","3":"status-publish","4":"has-post-thumbnail","6":"pwb-brand-mtech-pl","7":"product_cat-noze-pl","8":"product_cat-zamykanie-nozy","10":"first","11":"instock","12":"taxable","13":"shipping-taxable","14":"purchasable","15":"product-type-simple"},"brands":[{"id":3530,"name":"MTech","slug":"mtech-pl"}],"_links":{"self":[{"href":"https:\/\/www.moskito.cz\/pl\/wp-json\/wp\/v2\/product\/307160","targetHints":{"allow":["GET"]}}],"collection":[{"href":"https:\/\/www.moskito.cz\/pl\/wp-json\/wp\/v2\/product"}],"about":[{"href":"https:\/\/www.moskito.cz\/pl\/wp-json\/wp\/v2\/types\/product"}],"replies":[{"embeddable":true,"href":"https:\/\/www.moskito.cz\/pl\/wp-json\/wp\/v2\/comments?post=307160"}],"wp:featuredmedia":[{"embeddable":true,"href":"https:\/\/www.moskito.cz\/pl\/wp-json\/wp\/v2\/media\/169007"}],"wp:attachment":[{"href":"https:\/\/www.moskito.cz\/pl\/wp-json\/wp\/v2\/media?parent=307160"}],"wp:term":[{"taxonomy":"pwb-brand","embeddable":true,"href":"https:\/\/www.moskito.cz\/pl\/wp-json\/wp\/v2\/pwb-brand?post=307160"},{"taxonomy":"product_brand","embeddable":true,"href":"https:\/\/www.moskito.cz\/pl\/wp-json\/wp\/v2\/product_brand?post=307160"},{"taxonomy":"product_cat","embeddable":true,"href":"https:\/\/www.moskito.cz\/pl\/wp-json\/wp\/v2\/product_cat?post=307160"},{"taxonomy":"product_tag","embeddable":true,"href":"https:\/\/www.moskito.cz\/pl\/wp-json\/wp\/v2\/product_tag?post=307160"}],"curies":[{"name":"wp","href":"https:\/\/api.w.org\/{rel}","templated":true}]}}