{"id":307196,"date":"2020-06-09T11:51:35","date_gmt":"2024-02-06T10:45:11","guid":{"rendered":"https:\/\/www.moskito.cz\/produkt\/laska-z-laski-wilka\/"},"modified":"2025-07-11T07:51:33","modified_gmt":"2025-07-11T06:51:33","slug":"laska-z-laski-wilka","status":"publish","type":"product","link":"https:\/\/www.moskito.cz\/pl\/produkt\/laska-z-laski-wilka\/","title":{"rendered":"Laska z laski wilka"},"content":{"rendered":"<p>Laska z laski wilka.<\/p>\n<p>Laska z ukrytym rapierem<br \/>\nD\u0142ugo\u015b\u0107 ca\u0142kowita: 89 cm<br \/>\nMateria\u0142 stal: ostrze ze stali nierdzewnej<br \/>\nMateria\u0142 r\u0119koje\u015bci: metalowy uchwyt w kszta\u0142cie g\u0142owy wilka, odlewany w kolorze srebrnym<br \/>\nKij: stal czarna z gumow\u0105 ko\u0144c\u00f3wk\u0105<\/p>\n","protected":false},"excerpt":{"rendered":"<p>Laska z rapierem.<\/p>\n","protected":false},"featured_media":168588,"comment_status":"open","ping_status":"closed","template":"","meta":[],"pwb-brand":[3531],"product_brand":[],"product_cat":[3417,3387],"product_tag":[],"class_list":{"0":"post-307196","1":"product","2":"type-product","3":"status-publish","4":"has-post-thumbnail","6":"pwb-brand-pakistan-pl","7":"product_cat-katany-i-miecze","8":"product_cat-repliki-mieczy-sztyletow","10":"first","11":"outofstock","12":"taxable","13":"shipping-taxable","14":"purchasable","15":"product-type-simple"},"brands":[{"id":3531,"name":"Pakistan","slug":"pakistan-pl"}],"_links":{"self":[{"href":"https:\/\/www.moskito.cz\/pl\/wp-json\/wp\/v2\/product\/307196","targetHints":{"allow":["GET"]}}],"collection":[{"href":"https:\/\/www.moskito.cz\/pl\/wp-json\/wp\/v2\/product"}],"about":[{"href":"https:\/\/www.moskito.cz\/pl\/wp-json\/wp\/v2\/types\/product"}],"replies":[{"embeddable":true,"href":"https:\/\/www.moskito.cz\/pl\/wp-json\/wp\/v2\/comments?post=307196"}],"wp:featuredmedia":[{"embeddable":true,"href":"https:\/\/www.moskito.cz\/pl\/wp-json\/wp\/v2\/media\/168588"}],"wp:attachment":[{"href":"https:\/\/www.moskito.cz\/pl\/wp-json\/wp\/v2\/media?parent=307196"}],"wp:term":[{"taxonomy":"pwb-brand","embeddable":true,"href":"https:\/\/www.moskito.cz\/pl\/wp-json\/wp\/v2\/pwb-brand?post=307196"},{"taxonomy":"product_brand","embeddable":true,"href":"https:\/\/www.moskito.cz\/pl\/wp-json\/wp\/v2\/product_brand?post=307196"},{"taxonomy":"product_cat","embeddable":true,"href":"https:\/\/www.moskito.cz\/pl\/wp-json\/wp\/v2\/product_cat?post=307196"},{"taxonomy":"product_tag","embeddable":true,"href":"https:\/\/www.moskito.cz\/pl\/wp-json\/wp\/v2\/product_tag?post=307196"}],"curies":[{"name":"wp","href":"https:\/\/api.w.org\/{rel}","templated":true}]}}